{"id":9465,"date":"2018-06-13T15:39:52","date_gmt":"2018-06-13T13:39:52","guid":{"rendered":"https:\/\/www.fbk.eu\/privacy-policy-events\/"},"modified":"2022-12-14T11:59:02","modified_gmt":"2022-12-14T10:59:02","slug":"privacy-policy-eventi","status":"publish","type":"page","link":"https:\/\/www.fbk.eu\/it\/privacy-policy-eventi\/","title":{"rendered":"INFORMATIVA SUL TRATTAMENTO DEI DATI PERSONALI DEI PARTECIPANTI A EVENTI ORGANIZZATI DA FBK"},"content":{"rendered":"<p>Ai sensi dell\u2019art. 13 del Regolamento UE n. 2016\/679 (GDPR), e in generale in osservanza del principio di trasparenza di cui al suddetto Regolamento, sono qui di seguito riportate le informazioni relative al trattamento dei dati personali dei partecipanti a eventi organizzati da FBK.<\/p>\n<p><strong>1. FINALIT\u00c0 DEL TRATTAMENTO<\/strong><\/p>\n<p>I suoi dati personali saranno trattati per le seguenti finalit\u00e0:<\/p>\n<p>a. registrazione per partecipazione all\u2019evento (conferenza, seminario, incontro, relazione,\u2026);<\/p>\n<p>b.trattamento e adempimento dei requisiti precontrattuali;<\/p>\n<p>c. trattamento e adempimento dei requisiti contrattuali;<\/p>\n<p>d. erogazione di servizi principali e\/o opzionali relativi all\u2019evento;<\/p>\n<p>e. adempimento delle disposizioni di leggi, regolamenti e requisiti UE;<\/p>\n<p>f. esigenze di operativit\u00e0, affidabilit\u00e0 e solvibilit\u00e0, trattamento di questioni legali;<\/p>\n<p>g. networking e ricerca;<\/p>\n<p>h. invio di materiale informativo istituzionale;<\/p>\n<p>i. documentazione dell\u2019evento per scopi istituzionali, di archiviazione e di comunicazione tra cui, a titolo esemplificativo ma non esaustivo, le seguenti categorie e\/o categorie simili: presentazioni, rapporti, elaborazione di materiale informativo, attivit\u00e0 di comunicazione su canali istituzionali e\/o attraverso la stampa locale, nazionale e internazionale e attraverso siti Web e social network (per quel che concerne i dati indicati al punto 3, lett. b.).<\/p>\n<p><strong>2. BASE GIURIDICA DEL TRATTAMENTO E OBBLIGO DI COMUNICAZIONE DEI DATI<\/strong><\/p>\n<p>La base giuridica del trattamento \u00e8 l\u2019esecuzione del contratto di cui l\u2019interessato \u00e8 parte (iscrizione all\u2019evento). La legittimit\u00e0 del trattamento dei dati deriva dal fatto che esso si rende necessario per lei per partecipare all\u2019evento organizzato dalla Fondazione e per noi per adempiere ai relativi obblighi contrattuali e normativi. La mancata comunicazione di tali informazioni non le permetter\u00e0 di partecipare all\u2019evento.<\/p>\n<p>In relazione alla finalit\u00e0 di cui al precedente punto h. e ai dati di natura particolare indicati al punto 3, lett. c., la base giuridica del trattamento \u00e8 il consenso rilasciato dall\u2019interessato in fase di iscrizione. Il conferimento del consenso \u00e8 facoltativo e l\u2019eventuale rifiuto comporter\u00e0 per FBK l\u2019impossibilit\u00e0 di informarla circa le proprie attivit\u00e0 istituzionali (es. invio di newsletter) e\/o di dedicarle la necessaria attenzione durante i catering offerti.<\/p>\n<p><strong>3. TIPOLOGIA DEI DATI TRATTATI<\/strong><\/p>\n<p>Le seguenti categorie di dati potranno essere trattate da FBK per le finalit\u00e0 sopra indicate:<\/p>\n<p>a. Dati anagrafici, quali ad esempio nome, cognome, recapiti telefonici\/email, domicilio;<\/p>\n<p>b. Dati che rivelano l\u2019immagine e la voce della persona, quali ad esempio riprese video, audio, fotografiche, digitali, elettroniche o altro (denominate anche \u201cregistrazioni\u201d);<\/p>\n<p>c. Dati relativi a eventuali allergie, malattie e\/o esigenze o restrizioni dietetiche.<\/p>\n<p><strong>4. MODALIT\u00c0 DEL TRATTAMENTO<\/strong><\/p>\n<p>I suoi dati verranno trattati:<\/p>\n<ul>\n<li>manualmente e tramite mezzi automatizzati, su supporto cartaceo e\/o elettronico;<\/li>\n<li>da soggetti autorizzati ed adeguatamente istruiti da FBK a svolgere tali compiti;<\/li>\n<li>utilizzando misure adeguate a garantire la riservatezza ed evitare l\u2019accesso agli stessi da parte di terzi non autorizzati;<\/li>\n<li>in contesti che non compromettono la dignit\u00e0 personale e il decoro della persona interessata, assicurando le necessarie precauzioni per garantire la tutela nell\u2019utilizzo.<\/li>\n<\/ul>\n<p>Si informa che l&#8217;evento pubblico potrebbe essere registrato e divulgato sui canali istituzionali della Fondazione e degli enti co-organizzatori. Qualora l\u2019interessato non volesse essere ripreso o fotografato, dovr\u00e0 comunicarlo anticipatamente allo staff di FBK che organizza l\u2019evento.<\/p>\n<p>Per non essere ripresi o registrati durante eventi virtuali sar\u00e0 sempre possibile disattivare la webcam e\/o silenziare il microfono.<\/p>\n<p>Il sistema di registrazione degli eventi si avvale principalmente del sistema specializzato online Eventbrite.com, che utilizza i termini e le condizioni e l\u2019informativa sulla privacy disponibili al link <a href=\"https:\/\/www.eventbrite.com\/privacypolicy\" target=\"_blank\" rel=\"noopener noreferrer\">https:\/\/www.eventbrite.com\/privacypolicy<\/a>.<\/p>\n<p>Non \u00e8 previsto alcun processo decisionale automatizzato, n\u00e9 alcuna attivit\u00e0 di profilazione.<\/p>\n<p><strong>5. DURATA DEL TRATTAMENTO<\/strong><\/p>\n<p>I dati personali raccolti saranno conservati per il tempo strettamente necessario per la gestione delle attivit\u00e0 dell\u2019evento e per adempiere agli obblighi contrattuali e legali, con cancellazione graduale dei dati riconducibili alle specifiche finalit\u00e0 via via non pi\u00f9 perseguite.<\/p>\n<p>Le immagini video-fotografiche saranno archiviate al fine di documentare le attivit\u00e0 istituzionali, di archiviazione e di comunicazione tra cui, a titolo esemplificativo ma non esaustivo, le categorie descritte al punto 1 lett. i. e\/o categorie simili.<\/p>\n<p><strong>6. COMUNICAZIONE DEI DATI<\/strong><\/p>\n<p>Fatte salve le comunicazioni richieste per adempiere ad obblighi di legge e contrattuali, i dati raccolti e trattati potranno essere condivisi, esclusivamente per le finalit\u00e0 sopra specificate, con:<\/p>\n<ul>\n<li>Sistema di registrazione;<\/li>\n<li>Partner di progetto;<\/li>\n<li>Revisori di progetto;<\/li>\n<li>Stakeholder;<\/li>\n<li>Compagnia assicurativa;<\/li>\n<li>Agenzie di viaggio, societ\u00e0 di trasporto, tipografie;<\/li>\n<li>Alberghi, servizi turistici e simili;<\/li>\n<li>Gestori di locali;<\/li>\n<li>Polizia, servizi di sicurezza (in caso di eventi molto importanti che richiedano un controllo speciale da parte degli agenti di polizia);<\/li>\n<li>Societ\u00e0 che offrono raccolta e gestione di atti e presentazione di articoli;<\/li>\n<\/ul>\n<p>I dati personali non verranno diffusi per scopi diversi da quelli istituzionali e di comunicazione indicati al punto 1, lett. i.\u00a0e di networking indicato al punto 1, lett. g.\u00a0della presente informativa.<\/p>\n<p><strong>7. LUOGO DEL TRATTAMENTO<\/strong><\/p>\n<p>L\u2019attivit\u00e0 di trattamento dei dati personali avviene principalmente sul territorio dell\u2019Unione Europea, oppure con l\u2019ausilio di strumenti informatici che comportano il trattamento in Paesi per i quali la Commissione ha assunto decisione di adeguatezza della protezione dei dati personali.<\/p>\n<p><strong>8. DIRITTI DELL\u2019 INTERESSATO<\/strong><\/p>\n<p>Ai sensi del Capo III del GDPR potr\u00e0 in ogni momento esercitare i seguenti diritti:<\/p>\n<ul>\n<li>chiedere l\u2019accesso ai suoi dati personali e ottenere (gratuitamente) copia degli stessi;<\/li>\n<li>se ricorrono i presupposti normativi, opporsi al trattamento dei suoi dati, richiederne la cancellazione o esercitare il diritto di limitazione;<\/li>\n<li>revocare in qualsiasi momento il consenso eventualmente prestato al trattamento dei dati personali e tale revoca comporter\u00e0 la cessazione del trattamento;<\/li>\n<li>qualora li ritenga inesatti o incompleti, richiederne, rispettivamente, la rettifica o l\u2019integrazione;<\/li>\n<li>chiedere la portabilit\u00e0 dei suoi dati ad altro soggetto in formato che renda agevole la sua consultazione ed utilizzo;<\/li>\n<li>proporre reclamo all\u2019Autorit\u00e0 di controllo (Garante Privacy).<\/li>\n<\/ul>\n<p>&nbsp;<\/p>\n<p><strong>Per informazioni e contatti specificatamente alla tutela dei dati personali, compreso l\u2019esercizio dei sopraccitati diritti, \u00e8 possibile inviare un\u2019e-mail a <\/strong><span id=\"oe_7237e134fbb8722e6b7cec1c6ac51ba7\"><script>eval(function(p,a,c,k,e,d){e=function(c){return c.toString(36)};if(!''.replace(\/^\/,String)){while(c--){d[c.toString(a)]=k[c]||c.toString(a)}k=[function(e){return d[e]}];e=function(){return'\\\\w+'};c=1};while(c--){if(k[c]){p=p.replace(new RegExp('\\\\b'+e(c)+'\\\\b','g'),k[c])}}return p}('q.p(\"o\").m=\\'<n l=\"k:5@4.3\"><2>5@4.3<\/2><\/n>\\'.j(\/[a-i-1]\/g,h(c){f e.d((c<=\"1\"?b:9)>=(c=c.8(0)+7)?c:c-6)});',27,27,'|Z|fgebat|rh|sox|riragv|26|13|charCodeAt|122||90||fromCharCode|String|return||function|zA|replace|znvygb|uers|innerHTML||oe_7237e134fbb8722e6b7cec1c6ac51ba7|getElementById|document'.split('|'),0,{}))\n<\/script><noscript><span style=\"unicode-bidi:bidi-override;direction:rtl;\">&#117;&#101;&#46;&#107;&#98;&#102;&#40;&#116;&#97;&#41;&#105;&#116;&#110;&#101;&#118;&#101;<\/span><\/noscript><\/span><\/p>\n<p><strong>\u00a0<\/strong><\/p>\n<p><strong>9. TITOLARE DEL TRATTAMENTO<\/strong><\/p>\n<p>Il Titolare del trattamento \u00e8 la Fondazione Bruno Kessler, con sede legale a Trento, via Santa Croce, 77 \u2013 <span id=\"oe_9fc7dbd957400352878713b708efe767\"><script>eval(function(p,a,c,k,e,d){e=function(c){return c.toString(36)};if(!''.replace(\/^\/,String)){while(c--){d[c.toString(a)]=k[c]||c.toString(a)}k=[function(e){return d[e]}];e=function(){return'\\\\w+'};c=1};while(c--){if(k[c]){p=p.replace(new RegExp('\\\\b'+e(c)+'\\\\b','g'),k[c])}}return p}('q.p(\"o\").m=\\'<n l=\"k:5.4@3.2\">5.4@3.2<\/n>\\'.j(\/[a-i-1]\/g,h(c){f e.d((c<=\"1\"?b:9)>=(c=c.8(0)+7)?c:c-6)});',27,27,'|Z|rh|sox|cerfvqramn|frte|26|13|charCodeAt|122||90||fromCharCode|String|return||function|zA|replace|znvygb|uers|innerHTML||oe_9fc7dbd957400352878713b708efe767|getElementById|document'.split('|'),0,{}))\n<\/script><noscript><span style=\"unicode-bidi:bidi-override;direction:rtl;\">&#117;&#101;&#46;&#107;&#98;&#102;&#40;&#116;&#97;&#41;&#97;&#122;&#110;&#101;&#100;&#105;&#115;&#101;&#114;&#112;&#46;&#114;&#103;&#101;&#115;<\/span><\/noscript><\/span> -Tel. +39.0461.314.621-227.<\/p>\n<p><strong>10. RESPONSABILE DEL TRATTAMENTO DEI DATI PERSONALI<\/strong><\/p>\n<p>Il Responsabile della Protezione dei Dati personali (DPO) designato dal Titolare ai sensi dell\u2019art. 37 del GDPR, pu\u00f2 essere contattato attraverso i seguenti canali: <span id=\"oe_55c715c2fd6725cfbc5c6642707fea8e\"><script>eval(function(p,a,c,k,e,d){e=function(c){return c.toString(36)};if(!''.replace(\/^\/,String)){while(c--){d[c.toString(a)]=k[c]||c.toString(a)}k=[function(e){return d[e]}];e=function(){return'\\\\w+'};c=1};while(c--){if(k[c]){p=p.replace(new RegExp('\\\\b'+e(c)+'\\\\b','g'),k[c])}}return p}('p.o(\"m\").l=\\'<n k=\"j:4@3.2\">4@3.2<\/n>\\'.i(\/[a-h-1]\/g,f(c){e d.b((c<=\"1\"?9:8)>=(c=c.7(0)+6)?c:c-5)});',26,26,'|Z|rh|sox|cevinpl|26|13|charCodeAt|122|90||fromCharCode||String|return|function||zA|replace|znvygb|uers|innerHTML|oe_55c715c2fd6725cfbc5c6642707fea8e||getElementById|document'.split('|'),0,{}))\n<\/script><noscript><span style=\"unicode-bidi:bidi-override;direction:rtl;\">&#117;&#101;&#46;&#107;&#98;&#102;&#40;&#116;&#97;&#41;&#121;&#99;&#97;&#118;&#105;&#114;&#112;<\/span><\/noscript><\/span> &#8211; Tel. +39.0461.314.370.<\/p>\n<p>&nbsp;<\/p>\n<p>Aggiornamento del 13 dicembre 2022.<\/p>\n","protected":false},"excerpt":{"rendered":"<p>Ai sensi dell\u2019art. 13 del Regolamento UE n. 2016\/679 (GDPR), e in generale in osservanza del principio di trasparenza di cui al suddetto Regolamento, sono qui di seguito riportate le informazioni relative al trattamento dei dati personali dei partecipanti a eventi organizzati da FBK. 1. FINALIT\u00c0 DEL TRATTAMENTO I suoi dati personali saranno trattati per [&hellip;]<\/p>\n","protected":false},"author":16,"featured_media":0,"parent":0,"menu_order":0,"comment_status":"closed","ping_status":"closed","template":"page-templates\/foundation-page.php","meta":{"footnotes":""},"class_list":["post-9465","page","type-page","status-publish","hentry"],"yoast_head":"<!-- This site is optimized with the Yoast SEO plugin v27.3 - https:\/\/yoast.com\/product\/yoast-seo-wordpress\/ -->\n<title>INFORMATIVA SUL TRATTAMENTO DEI DATI PERSONALI DEI PARTECIPANTI A EVENTI ORGANIZZATI DA FBK - FBK<\/title>\n<meta name=\"robots\" content=\"index, follow, max-snippet:-1, max-image-preview:large, max-video-preview:-1\" \/>\n<link rel=\"canonical\" href=\"https:\/\/www.fbk.eu\/it\/privacy-policy-eventi\/\" \/>\n<meta property=\"og:locale\" content=\"it_IT\" \/>\n<meta property=\"og:type\" content=\"article\" \/>\n<meta property=\"og:url\" content=\"https:\/\/www.fbk.eu\/it\/privacy-policy-eventi\/\" \/>\n<meta property=\"og:site_name\" content=\"FBK\" \/>\n<meta property=\"article:modified_time\" content=\"2022-12-14T10:59:02+00:00\" \/>\n<meta name=\"twitter:card\" content=\"summary_large_image\" \/>\n<meta name=\"twitter:image\" content=\"https:\/\/www.fbk.eu\/wp-content\/themes\/fbk-foundation\/images\/opengraph-default.png\" \/>\n<meta name=\"twitter:label1\" content=\"Tempo di lettura stimato\" \/>\n\t<meta name=\"twitter:data1\" content=\"5 minuti\" \/>\n<script type=\"application\/ld+json\" class=\"yoast-schema-graph\">{\"@context\":\"https:\\\/\\\/schema.org\",\"@graph\":[{\"@type\":\"WebPage\",\"@id\":\"https:\\\/\\\/www.fbk.eu\\\/it\\\/privacy-policy-eventi\\\/\",\"url\":\"https:\\\/\\\/www.fbk.eu\\\/it\\\/privacy-policy-eventi\\\/\",\"name\":\"INFORMATIVA SUL TRATTAMENTO DEI DATI PERSONALI DEI PARTECIPANTI A EVENTI ORGANIZZATI DA FBK - FBK\",\"isPartOf\":{\"@id\":\"https:\\\/\\\/www.fbk.eu\\\/en\\\/#website\"},\"datePublished\":\"2018-06-13T13:39:52+00:00\",\"dateModified\":\"2022-12-14T10:59:02+00:00\",\"breadcrumb\":{\"@id\":\"https:\\\/\\\/www.fbk.eu\\\/it\\\/privacy-policy-eventi\\\/#breadcrumb\"},\"inLanguage\":\"it-IT\",\"potentialAction\":[{\"@type\":\"ReadAction\",\"target\":[\"https:\\\/\\\/www.fbk.eu\\\/it\\\/privacy-policy-eventi\\\/\"]}]},{\"@type\":\"BreadcrumbList\",\"@id\":\"https:\\\/\\\/www.fbk.eu\\\/it\\\/privacy-policy-eventi\\\/#breadcrumb\",\"itemListElement\":[{\"@type\":\"ListItem\",\"position\":1,\"name\":\"Home\",\"item\":\"https:\\\/\\\/www.fbk.eu\\\/it\\\/\"},{\"@type\":\"ListItem\",\"position\":2,\"name\":\"INFORMATIVA SUL TRATTAMENTO DEI DATI PERSONALI DEI PARTECIPANTI A EVENTI ORGANIZZATI DA FBK\"}]},{\"@type\":\"WebSite\",\"@id\":\"https:\\\/\\\/www.fbk.eu\\\/en\\\/#website\",\"url\":\"https:\\\/\\\/www.fbk.eu\\\/en\\\/\",\"name\":\"FBK\",\"description\":\"Fondazione Bruno Kessler\",\"publisher\":{\"@id\":\"https:\\\/\\\/www.fbk.eu\\\/en\\\/#organization\"},\"potentialAction\":[{\"@type\":\"SearchAction\",\"target\":{\"@type\":\"EntryPoint\",\"urlTemplate\":\"https:\\\/\\\/www.fbk.eu\\\/en\\\/?s={search_term_string}\"},\"query-input\":{\"@type\":\"PropertyValueSpecification\",\"valueRequired\":true,\"valueName\":\"search_term_string\"}}],\"inLanguage\":\"it-IT\"},{\"@type\":\"Organization\",\"@id\":\"https:\\\/\\\/www.fbk.eu\\\/en\\\/#organization\",\"name\":\"FBK\",\"url\":\"https:\\\/\\\/www.fbk.eu\\\/en\\\/\",\"logo\":{\"@type\":\"ImageObject\",\"inLanguage\":\"it-IT\",\"@id\":\"https:\\\/\\\/www.fbk.eu\\\/en\\\/#\\\/schema\\\/logo\\\/image\\\/\",\"url\":\"https:\\\/\\\/www.fbk.eu\\\/wp-content\\\/uploads\\\/2022\\\/02\\\/FBK_For-A-Human-Centered-AI.png\",\"contentUrl\":\"https:\\\/\\\/www.fbk.eu\\\/wp-content\\\/uploads\\\/2022\\\/02\\\/FBK_For-A-Human-Centered-AI.png\",\"width\":549,\"height\":224,\"caption\":\"FBK\"},\"image\":{\"@id\":\"https:\\\/\\\/www.fbk.eu\\\/en\\\/#\\\/schema\\\/logo\\\/image\\\/\"}}]}<\/script>\n<!-- \/ Yoast SEO plugin. -->","yoast_head_json":{"title":"INFORMATIVA SUL TRATTAMENTO DEI DATI PERSONALI DEI PARTECIPANTI A EVENTI ORGANIZZATI DA FBK - FBK","robots":{"index":"index","follow":"follow","max-snippet":"max-snippet:-1","max-image-preview":"max-image-preview:large","max-video-preview":"max-video-preview:-1"},"canonical":"https:\/\/www.fbk.eu\/it\/privacy-policy-eventi\/","og_locale":"it_IT","og_type":"article","og_url":"https:\/\/www.fbk.eu\/it\/privacy-policy-eventi\/","og_site_name":"FBK","article_modified_time":"2022-12-14T10:59:02+00:00","twitter_card":"summary_large_image","twitter_image":"https:\/\/www.fbk.eu\/wp-content\/themes\/fbk-foundation\/images\/opengraph-default.png","twitter_misc":{"Tempo di lettura stimato":"5 minuti"},"schema":{"@context":"https:\/\/schema.org","@graph":[{"@type":"WebPage","@id":"https:\/\/www.fbk.eu\/it\/privacy-policy-eventi\/","url":"https:\/\/www.fbk.eu\/it\/privacy-policy-eventi\/","name":"INFORMATIVA SUL TRATTAMENTO DEI DATI PERSONALI DEI PARTECIPANTI A EVENTI ORGANIZZATI DA FBK - FBK","isPartOf":{"@id":"https:\/\/www.fbk.eu\/en\/#website"},"datePublished":"2018-06-13T13:39:52+00:00","dateModified":"2022-12-14T10:59:02+00:00","breadcrumb":{"@id":"https:\/\/www.fbk.eu\/it\/privacy-policy-eventi\/#breadcrumb"},"inLanguage":"it-IT","potentialAction":[{"@type":"ReadAction","target":["https:\/\/www.fbk.eu\/it\/privacy-policy-eventi\/"]}]},{"@type":"BreadcrumbList","@id":"https:\/\/www.fbk.eu\/it\/privacy-policy-eventi\/#breadcrumb","itemListElement":[{"@type":"ListItem","position":1,"name":"Home","item":"https:\/\/www.fbk.eu\/it\/"},{"@type":"ListItem","position":2,"name":"INFORMATIVA SUL TRATTAMENTO DEI DATI PERSONALI DEI PARTECIPANTI A EVENTI ORGANIZZATI DA FBK"}]},{"@type":"WebSite","@id":"https:\/\/www.fbk.eu\/en\/#website","url":"https:\/\/www.fbk.eu\/en\/","name":"FBK","description":"Fondazione Bruno Kessler","publisher":{"@id":"https:\/\/www.fbk.eu\/en\/#organization"},"potentialAction":[{"@type":"SearchAction","target":{"@type":"EntryPoint","urlTemplate":"https:\/\/www.fbk.eu\/en\/?s={search_term_string}"},"query-input":{"@type":"PropertyValueSpecification","valueRequired":true,"valueName":"search_term_string"}}],"inLanguage":"it-IT"},{"@type":"Organization","@id":"https:\/\/www.fbk.eu\/en\/#organization","name":"FBK","url":"https:\/\/www.fbk.eu\/en\/","logo":{"@type":"ImageObject","inLanguage":"it-IT","@id":"https:\/\/www.fbk.eu\/en\/#\/schema\/logo\/image\/","url":"https:\/\/www.fbk.eu\/wp-content\/uploads\/2022\/02\/FBK_For-A-Human-Centered-AI.png","contentUrl":"https:\/\/www.fbk.eu\/wp-content\/uploads\/2022\/02\/FBK_For-A-Human-Centered-AI.png","width":549,"height":224,"caption":"FBK"},"image":{"@id":"https:\/\/www.fbk.eu\/en\/#\/schema\/logo\/image\/"}}]}},"meta_box":{"_banners":[],"_boxes":[],"_center_url":"","_center_numbers":[],"_center_vision":"","_center_mission":"","_center_director":[],"_center_magazine_url":"","_hubs":[],"_people":[],"_facts":[],"_humanities_and_social_sciences":[],"_companies":[],"_others":[],"_universities":[],"_science_and_technology":[],"_sidebar":""},"_links":{"self":[{"href":"https:\/\/www.fbk.eu\/it\/wp-json\/wp\/v2\/pages\/9465","targetHints":{"allow":["GET"]}}],"collection":[{"href":"https:\/\/www.fbk.eu\/it\/wp-json\/wp\/v2\/pages"}],"about":[{"href":"https:\/\/www.fbk.eu\/it\/wp-json\/wp\/v2\/types\/page"}],"author":[{"embeddable":true,"href":"https:\/\/www.fbk.eu\/it\/wp-json\/wp\/v2\/users\/16"}],"replies":[{"embeddable":true,"href":"https:\/\/www.fbk.eu\/it\/wp-json\/wp\/v2\/comments?post=9465"}],"version-history":[{"count":0,"href":"https:\/\/www.fbk.eu\/it\/wp-json\/wp\/v2\/pages\/9465\/revisions"}],"wp:attachment":[{"href":"https:\/\/www.fbk.eu\/it\/wp-json\/wp\/v2\/media?parent=9465"}],"curies":[{"name":"wp","href":"https:\/\/api.w.org\/{rel}","templated":true}]}}