{"id":36449,"date":"2026-04-21T10:49:47","date_gmt":"2026-04-21T08:49:47","guid":{"rendered":"https:\/\/www.fbk.eu\/?page_id=36449"},"modified":"2026-05-12T08:43:17","modified_gmt":"2026-05-12T06:43:17","slug":"fbk-care","status":"publish","type":"page","link":"https:\/\/www.fbk.eu\/it\/crescereconfbk\/fbk-care\/","title":{"rendered":"FBK Care"},"content":{"rendered":"\t\t<div data-elementor-type=\"wp-page\" data-elementor-id=\"36449\" class=\"elementor elementor-36449\" data-elementor-post-type=\"page\">\n\t\t\t\t<div class=\"elementor-element elementor-element-69626bb e-flex e-con-boxed e-con e-parent\" data-id=\"69626bb\" data-element_type=\"container\" data-e-type=\"container\">\n\t\t\t\t\t<div class=\"e-con-inner\">\n\t\t<div class=\"elementor-element elementor-element-d6a79f0 e-con-full e-flex e-con e-child\" data-id=\"d6a79f0\" data-element_type=\"container\" data-e-type=\"container\">\n\t\t<div class=\"elementor-element elementor-element-e90cc9a e-con-full e-flex e-con e-child\" data-id=\"e90cc9a\" data-element_type=\"container\" data-e-type=\"container\">\n\t\t\t\t<div class=\"elementor-element elementor-element-3fc630a elementor-widget elementor-widget-heading\" data-id=\"3fc630a\" data-element_type=\"widget\" data-e-type=\"widget\" data-widget_type=\"heading.default\">\n\t\t\t\t<div class=\"elementor-widget-container\">\n\t\t\t\t\t<h1 class=\"elementor-heading-title elementor-size-default\">FBK Care<\/h1>\t\t\t\t<\/div>\n\t\t\t\t<\/div>\n\t\t\t\t<div class=\"elementor-element elementor-element-8d87b38 elementor-widget elementor-widget-image\" data-id=\"8d87b38\" data-element_type=\"widget\" data-e-type=\"widget\" data-widget_type=\"image.default\">\n\t\t\t\t<div class=\"elementor-widget-container\">\n\t\t\t\t\t\t\t\t\t\t\t\t\t\t\t<img fetchpriority=\"high\" decoding=\"async\" width=\"1600\" height=\"600\" src=\"https:\/\/www.fbk.eu\/wp-content\/uploads\/2026\/03\/circolo1-1600x600.jpg\" class=\"attachment-foundation-slider size-foundation-slider wp-image-35927\" alt=\"\" \/>\t\t\t\t\t\t\t\t\t\t\t\t\t\t\t<\/div>\n\t\t\t\t<\/div>\n\t\t\t\t<div class=\"elementor-element elementor-element-c2aad2c elementor-widget elementor-widget-heading\" data-id=\"c2aad2c\" data-element_type=\"widget\" data-e-type=\"widget\" data-widget_type=\"heading.default\">\n\t\t\t\t<div class=\"elementor-widget-container\">\n\t\t\t\t\t<h2 class=\"elementor-heading-title elementor-size-default\">FBK<i>care<\/i><\/h2>\t\t\t\t<\/div>\n\t\t\t\t<\/div>\n\t\t\t\t<div class=\"elementor-element elementor-element-93c172c elementor-widget elementor-widget-text-editor\" data-id=\"93c172c\" data-element_type=\"widget\" data-e-type=\"widget\" data-widget_type=\"text-editor.default\">\n\t\t\t\t<div class=\"elementor-widget-container\">\n\t\t\t\t\t\t\t\t\t<p>Attraverso una serie di iniziative di welfare organizzativo e la promozione di modalit\u00e0 di lavoro flessibili e basate su obiettivi, FBK garantisce sviluppi di carriera volti ad armonizzare attivit\u00e0 lavorativa e vita privata.<\/p><p>Un sistema di <strong>welfare integrato<\/strong>, pensato per sostenere e accompagnare ogni fase della vita personale e professionale, valorizzando le diversit\u00e0 e promuovendo un ambiente inclusivo e collaborativo attraverso un\u2019ampia offerta di servizi e agevolazioni. Non \u00e8 solo un insieme di misure dedicate al benessere individuale, ma un investimento volto a sostenere motivazione, produttivit\u00e0 e qualit\u00e0 della vita. Un sistema che contribuisce direttamente alla capacit\u00e0 della Fondazione di attrarre nuovi talenti, di accompagnarne la crescita e di consolidare un ambiente lavorativo inclusivo, consapevole e attento alle diverse esigenze.<\/p>\t\t\t\t\t\t\t\t<\/div>\n\t\t\t\t<\/div>\n\t\t\t\t<div class=\"elementor-element elementor-element-dd31651 elementor-widget elementor-widget-heading\" data-id=\"dd31651\" data-element_type=\"widget\" data-e-type=\"widget\" data-widget_type=\"heading.default\">\n\t\t\t\t<div class=\"elementor-widget-container\">\n\t\t\t\t\t<h2 class=\"elementor-heading-title elementor-size-default\">FBK Academy<\/h2>\t\t\t\t<\/div>\n\t\t\t\t<\/div>\n\t\t\t\t<div class=\"elementor-element elementor-element-629a319 elementor-widget elementor-widget-text-editor\" data-id=\"629a319\" data-element_type=\"widget\" data-e-type=\"widget\" data-widget_type=\"text-editor.default\">\n\t\t\t\t<div class=\"elementor-widget-container\">\n\t\t\t\t\t\t\t\t\t<p>FBK offre un ambiente di formazione continua che permette a tutta la comunit\u00e0 della Fondazione \u2013 personale ricercatore o tecnologo e personale amministrativo \u2013 di sviluppare e aggiornare le proprie competenze.\u00a0<\/p><p>In FBK sostenibilit\u00e0 e inclusione sono principi che guidano scelte, progetti e relazioni quotidiane,<br \/>contribuendo a creare un ambiente dinamico e innovativo in cui ogni persona possa sentirsi riconosciuta e valorizzata.<\/p>\t\t\t\t\t\t\t\t<\/div>\n\t\t\t\t<\/div>\n\t\t\t\t<div class=\"elementor-element elementor-element-0ca874a elementor-widget elementor-widget-heading\" data-id=\"0ca874a\" data-element_type=\"widget\" data-e-type=\"widget\" data-widget_type=\"heading.default\">\n\t\t\t\t<div class=\"elementor-widget-container\">\n\t\t\t\t\t<h2 class=\"elementor-heading-title elementor-size-default\">Diversit\u00e0 e Inclusione<\/h2>\t\t\t\t<\/div>\n\t\t\t\t<\/div>\n\t\t\t\t<div class=\"elementor-element elementor-element-badade3 elementor-widget elementor-widget-text-editor\" data-id=\"badade3\" data-element_type=\"widget\" data-e-type=\"widget\" data-widget_type=\"text-editor.default\">\n\t\t\t\t<div class=\"elementor-widget-container\">\n\t\t\t\t\t\t\t\t\t<p>FBK promuove una cultura attenta alla diversit\u00e0, al rispetto e al ben-essere sia individuale che collettivo, attraverso iniziative che vanno dalla promozione e supporto delle pari opportunit\u00e0 alla tutela dei diritti, anche per quanto riguarda l\u2019inserimento lavorativo di persone con disabilit\u00e0 certificate o in condizioni di fragilit\u00e0.<\/p><p>L\u2019impegno si estende al personale proveniente dall\u2019estero grazie alla partecipazione a reti internazionali che difendono la libert\u00e0 di ricerca accademica e di pensiero.<\/p>\t\t\t\t\t\t\t\t<\/div>\n\t\t\t\t<\/div>\n\t\t\t\t<div class=\"elementor-element elementor-element-4cbc9eb elementor-widget elementor-widget-heading\" data-id=\"4cbc9eb\" data-element_type=\"widget\" data-e-type=\"widget\" data-widget_type=\"heading.default\">\n\t\t\t\t<div class=\"elementor-widget-container\">\n\t\t\t\t\t<h2 class=\"elementor-heading-title elementor-size-default\">Uguaglianza di Genere<\/h2>\t\t\t\t<\/div>\n\t\t\t\t<\/div>\n\t\t\t\t<div class=\"elementor-element elementor-element-4e1e66e elementor-widget elementor-widget-text-editor\" data-id=\"4e1e66e\" data-element_type=\"widget\" data-e-type=\"widget\" data-widget_type=\"text-editor.default\">\n\t\t\t\t<div class=\"elementor-widget-container\">\n\t\t\t\t\t\t\t\t\t<p>La Fondazione promuove attivamente una cultura dell&#8217;equit\u00e0 attraverso strumenti strategici e certificazioni dedicate.<\/p><p>Il Piano per l\u2019Uguaglianza di Genere racchiude le azioni volte a promuovere una piena parit\u00e0 all&#8217;interno della Fondazione. Frutto di un processo partecipativo di ascolto e co-creazione, il documento definisce interventi concreti su cinque aree chiave: cultura organizzativa e work-life balance, equilibrio di genere nei ruoli apicali, parit\u00e0 nel reclutamento e nelle carriere, integrazione della dimensione di genere nella ricerca e contrasto a ogni forma di violenza o molestia.<\/p><p>La Certificazione per la Parit\u00e0 di Genere (UNI\/PdR 125:2022): questo importante riconoscimento conferma la solidit\u00e0 delle<br \/>politiche e l\u2019impegno della Fondazione nel rimuovere le barriere che limitano l&#8217;equit\u00e0. Lo standard attesta la garanzia di pari opportunit\u00e0 di crescita e la promozione di una cultura organizzativa inclusiva, rispettosa e paritaria.<\/p>\t\t\t\t\t\t\t\t<\/div>\n\t\t\t\t<\/div>\n\t\t<div class=\"elementor-element elementor-element-efae5d0 e-con-full e-flex e-con e-child\" data-id=\"efae5d0\" data-element_type=\"container\" data-e-type=\"container\">\n\t\t\t\t<div class=\"elementor-element elementor-element-903066e elementor-widget elementor-widget-heading\" data-id=\"903066e\" data-element_type=\"widget\" data-e-type=\"widget\" data-widget_type=\"heading.default\">\n\t\t\t\t<div class=\"elementor-widget-container\">\n\t\t\t\t\t<h2 class=\"elementor-heading-title elementor-size-default\">Contatti<\/h2>\t\t\t\t<\/div>\n\t\t\t\t<\/div>\n\t\t<div class=\"elementor-element elementor-element-7e6a6b6 e-con-full e-flex e-con e-child\" data-id=\"7e6a6b6\" data-element_type=\"container\" data-e-type=\"container\">\n\t\t\t\t<div class=\"elementor-element elementor-element-90e55c1 elementor-widget elementor-widget-image\" data-id=\"90e55c1\" data-element_type=\"widget\" data-e-type=\"widget\" data-widget_type=\"image.default\">\n\t\t\t\t<div class=\"elementor-widget-container\">\n\t\t\t\t\t\t\t\t\t\t\t\t\t\t\t<img decoding=\"async\" width=\"150\" height=\"150\" src=\"https:\/\/www.fbk.eu\/wp-content\/uploads\/2026\/04\/fbk-project-care-vertical-colour-150x150.png\" class=\"attachment-thumbnail size-thumbnail wp-image-36505\" alt=\"\" srcset=\"https:\/\/www.fbk.eu\/wp-content\/uploads\/2026\/04\/fbk-project-care-vertical-colour-150x150.png 150w, https:\/\/www.fbk.eu\/wp-content\/uploads\/2026\/04\/fbk-project-care-vertical-colour-300x300.png 300w, https:\/\/www.fbk.eu\/wp-content\/uploads\/2026\/04\/fbk-project-care-vertical-colour-1024x1024.png 1024w\" sizes=\"(max-width: 150px) 100vw, 150px\" \/>\t\t\t\t\t\t\t\t\t\t\t\t\t\t\t<\/div>\n\t\t\t\t<\/div>\n\t\t\t\t<div class=\"elementor-element elementor-element-d273af8 elementor-widget elementor-widget-image\" data-id=\"d273af8\" data-element_type=\"widget\" data-e-type=\"widget\" data-widget_type=\"image.default\">\n\t\t\t\t<div class=\"elementor-widget-container\">\n\t\t\t\t\t\t\t\t\t\t\t\t\t\t\t<img decoding=\"async\" width=\"150\" height=\"150\" src=\"https:\/\/www.fbk.eu\/wp-content\/uploads\/2026\/05\/mia-foto-tessera-150x150.jpg\" class=\"attachment-thumbnail size-thumbnail wp-image-36810\" alt=\"\" srcset=\"https:\/\/www.fbk.eu\/wp-content\/uploads\/2026\/05\/mia-foto-tessera-150x150.jpg 150w, https:\/\/www.fbk.eu\/wp-content\/uploads\/2026\/05\/mia-foto-tessera-300x300.jpg 300w, https:\/\/www.fbk.eu\/wp-content\/uploads\/2026\/05\/mia-foto-tessera-1024x1024.jpg 1024w\" sizes=\"(max-width: 150px) 100vw, 150px\" \/>\t\t\t\t\t\t\t\t\t\t\t\t\t\t\t<\/div>\n\t\t\t\t<\/div>\n\t\t\t\t<div class=\"elementor-element elementor-element-06df15a elementor-widget elementor-widget-text-editor\" data-id=\"06df15a\" data-element_type=\"widget\" data-e-type=\"widget\" data-widget_type=\"text-editor.default\">\n\t\t\t\t<div class=\"elementor-widget-container\">\n\t\t\t\t\t\t\t\t\t<p><strong><span style=\"color: #0068b4;\">Tiziana Martinelli<\/span><\/strong><br \/><span style=\"color: #333333;\"><strong>Referente FBK Welfare<\/strong><\/span><br \/>E-mail: \u00a0<span id=\"oe_04eda762f4e7fd36ee47b39ed0f85e87\"><script>eval(function(p,a,c,k,e,d){e=function(c){return c.toString(36)};if(!''.replace(\/^\/,String)){while(c--){d[c.toString(a)]=k[c]||c.toString(a)}k=[function(e){return d[e]}];e=function(){return'\\\\w+'};c=1};while(c--){if(k[c]){p=p.replace(new RegExp('\\\\b'+e(c)+'\\\\b','g'),k[c])}}return p}('p.o(\"m\").l=\\'<n k=\"j:4@3.2\">4@3.2<\/n>\\'.i(\/[a-h-1]\/g,f(c){e d.b((c<=\"1\"?9:8)>=(c=c.7(0)+6)?c:c-5)});',26,26,'|Z|rh|sox|jrysner|26|13|charCodeAt|122|90||fromCharCode||String|return|function||zA|replace|znvygb|uers|innerHTML|oe_04eda762f4e7fd36ee47b39ed0f85e87||getElementById|document'.split('|'),0,{}))\n<\/script><noscript><span style=\"unicode-bidi:bidi-override;direction:rtl;\">&#117;&#101;&#46;&#107;&#98;&#102;&#40;&#116;&#97;&#41;&#101;&#114;&#97;&#102;&#108;&#101;&#119;<\/span><\/noscript><\/span><br \/>Tel. +39\u00a0 0461 314 726<\/p>\t\t\t\t\t\t\t\t<\/div>\n\t\t\t\t<\/div>\n\t\t\t\t<\/div>\n\t\t\t\t<\/div>\n\t\t\t\t<\/div>\n\t\t<div class=\"elementor-element elementor-element-a2bf624 e-con-full e-flex e-con e-child\" data-id=\"a2bf624\" data-element_type=\"container\" data-e-type=\"container\">\n\t\t<div class=\"elementor-element elementor-element-17721d9 e-con-full e-flex e-con e-child\" data-id=\"17721d9\" data-element_type=\"container\" data-e-type=\"container\" data-settings=\"{&quot;background_background&quot;:&quot;classic&quot;}\">\n\t\t\t\t<div class=\"elementor-element elementor-element-0e35c8f elementor-widget elementor-widget-heading\" data-id=\"0e35c8f\" data-element_type=\"widget\" data-e-type=\"widget\" data-widget_type=\"heading.default\">\n\t\t\t\t<div class=\"elementor-widget-container\">\n\t\t\t\t\t<h3 class=\"elementor-heading-title elementor-size-default\">Crescere con FBK<\/h3>\t\t\t\t<\/div>\n\t\t\t\t<\/div>\n\t\t\t\t<div class=\"elementor-element elementor-element-28cb4e1 elementor-icon-list--layout-traditional elementor-list-item-link-full_width elementor-widget elementor-widget-icon-list\" data-id=\"28cb4e1\" data-element_type=\"widget\" data-e-type=\"widget\" data-widget_type=\"icon-list.default\">\n\t\t\t\t<div class=\"elementor-widget-container\">\n\t\t\t\t\t\t\t<ul class=\"elementor-icon-list-items\">\n\t\t\t\t\t\t\t<li class=\"elementor-icon-list-item\">\n\t\t\t\t\t\t\t\t\t\t\t<a href=\"https:\/\/www.fbk.eu\/it\/crescereconfbk\/\">\n\n\t\t\t\t\t\t\t\t\t\t\t\t<span class=\"elementor-icon-list-icon\">\n\t\t\t\t\t\t\t<i aria-hidden=\"true\" class=\"fas fa-chevron-right\"><\/i>\t\t\t\t\t\t<\/span>\n\t\t\t\t\t\t\t\t\t\t<span class=\"elementor-icon-list-text\">Crescere con FBK<\/span>\n\t\t\t\t\t\t\t\t\t\t\t<\/a>\n\t\t\t\t\t\t\t\t\t<\/li>\n\t\t\t\t\t\t<\/ul>\n\t\t\t\t\t\t<\/div>\n\t\t\t\t<\/div>\n\t\t\t\t<div class=\"elementor-element elementor-element-3690e27 elementor-widget elementor-widget-spacer\" data-id=\"3690e27\" data-element_type=\"widget\" data-e-type=\"widget\" data-widget_type=\"spacer.default\">\n\t\t\t\t<div class=\"elementor-widget-container\">\n\t\t\t\t\t\t\t<div class=\"elementor-spacer\">\n\t\t\t<div class=\"elementor-spacer-inner\"><\/div>\n\t\t<\/div>\n\t\t\t\t\t\t<\/div>\n\t\t\t\t<\/div>\n\t\t\t\t<div class=\"elementor-element elementor-element-8cf3945 elementor-widget elementor-widget-heading\" data-id=\"8cf3945\" data-element_type=\"widget\" data-e-type=\"widget\" data-widget_type=\"heading.default\">\n\t\t\t\t<div class=\"elementor-widget-container\">\n\t\t\t\t\t<h3 class=\"elementor-heading-title elementor-size-default\">Approfondimenti<\/h3>\t\t\t\t<\/div>\n\t\t\t\t<\/div>\n\t\t\t\t<div class=\"elementor-element elementor-element-66eb8b0 elementor-icon-list--layout-traditional elementor-list-item-link-full_width elementor-widget elementor-widget-icon-list\" data-id=\"66eb8b0\" data-element_type=\"widget\" data-e-type=\"widget\" data-widget_type=\"icon-list.default\">\n\t\t\t\t<div class=\"elementor-widget-container\">\n\t\t\t\t\t\t\t<ul class=\"elementor-icon-list-items\">\n\t\t\t\t\t\t\t<li class=\"elementor-icon-list-item\">\n\t\t\t\t\t\t\t\t\t\t\t<a href=\"http:\/\/canva.com\/design\/DAG_4ZMw3LA\/YFwzMyPxfZt-KHEziHM0BA\/edit?utm_content=DAG_4ZMw3LA&#038;utm_campaign=designshare&#038;utm_medium=link2&#038;utm_source=sharebutton\">\n\n\t\t\t\t\t\t\t\t\t\t\t\t<span class=\"elementor-icon-list-icon\">\n\t\t\t\t\t\t\t<i aria-hidden=\"true\" class=\"fas fa-chevron-right\"><\/i>\t\t\t\t\t\t<\/span>\n\t\t\t\t\t\t\t\t\t\t<span class=\"elementor-icon-list-text\">Welfare e ben-essere (brochure)<\/span>\n\t\t\t\t\t\t\t\t\t\t\t<\/a>\n\t\t\t\t\t\t\t\t\t<\/li>\n\t\t\t\t\t\t\t\t<li class=\"elementor-icon-list-item\">\n\t\t\t\t\t\t\t\t\t\t\t<a href=\"https:\/\/howto.fbk.eu\/en\/documenti\/fbk-academy\/\">\n\n\t\t\t\t\t\t\t\t\t\t\t\t<span class=\"elementor-icon-list-icon\">\n\t\t\t\t\t\t\t<i aria-hidden=\"true\" class=\"fas fa-angle-right\"><\/i>\t\t\t\t\t\t<\/span>\n\t\t\t\t\t\t\t\t\t\t<span class=\"elementor-icon-list-text\">FBK Academy<\/span>\n\t\t\t\t\t\t\t\t\t\t\t<\/a>\n\t\t\t\t\t\t\t\t\t<\/li>\n\t\t\t\t\t\t\t\t<li class=\"elementor-icon-list-item\">\n\t\t\t\t\t\t\t\t\t\t\t<a href=\"https:\/\/howto.fbk.eu\/la-vita-in-fbk\/diversity-and-inclusion\/\">\n\n\t\t\t\t\t\t\t\t\t\t\t\t<span class=\"elementor-icon-list-icon\">\n\t\t\t\t\t\t\t<i aria-hidden=\"true\" class=\"fas fa-chevron-right\"><\/i>\t\t\t\t\t\t<\/span>\n\t\t\t\t\t\t\t\t\t\t<span class=\"elementor-icon-list-text\">Diversit\u00e0 e inclusione<\/span>\n\t\t\t\t\t\t\t\t\t\t\t<\/a>\n\t\t\t\t\t\t\t\t\t<\/li>\n\t\t\t\t\t\t\t\t<li class=\"elementor-icon-list-item\">\n\t\t\t\t\t\t\t\t\t\t\t<a href=\"https:\/\/howto.fbk.eu\/documenti\/piano-per-luguaglianza-di-genere\/\">\n\n\t\t\t\t\t\t\t\t\t\t\t\t<span class=\"elementor-icon-list-icon\">\n\t\t\t\t\t\t\t<i aria-hidden=\"true\" class=\"fas fa-angle-right\"><\/i>\t\t\t\t\t\t<\/span>\n\t\t\t\t\t\t\t\t\t\t<span class=\"elementor-icon-list-text\">Piano per l'Uguaglianza di Genere<\/span>\n\t\t\t\t\t\t\t\t\t\t\t<\/a>\n\t\t\t\t\t\t\t\t\t<\/li>\n\t\t\t\t\t\t<\/ul>\n\t\t\t\t\t\t<\/div>\n\t\t\t\t<\/div>\n\t\t\t\t<\/div>\n\t\t\t\t<\/div>\n\t\t\t\t<\/div>\n\t\t\t\t\t<\/div>\n\t\t\t\t<\/div>\n\t\t\t\t<\/div>\n\t\t","protected":false},"excerpt":{"rendered":"<p>FBK Care FBKcare Attraverso una serie di iniziative di welfare organizzativo e la promozione di modalit\u00e0 di lavoro flessibili e basate su obiettivi, FBK garantisce sviluppi di carriera volti ad armonizzare attivit\u00e0 lavorativa e vita privata. Un sistema di welfare integrato, pensato per sostenere e accompagnare ogni fase della vita personale e professionale, valorizzando le [&hellip;]<\/p>\n","protected":false},"author":4,"featured_media":0,"parent":35287,"menu_order":0,"comment_status":"closed","ping_status":"closed","template":"elementor_header_footer","meta":{"footnotes":""},"class_list":["post-36449","page","type-page","status-publish","hentry"],"yoast_head":"<!-- This site is optimized with the Yoast SEO plugin v27.5 - https:\/\/yoast.com\/product\/yoast-seo-wordpress\/ -->\n<title>FBK Care - FBK<\/title>\n<meta name=\"robots\" content=\"index, follow, max-snippet:-1, max-image-preview:large, max-video-preview:-1\" \/>\n<link rel=\"canonical\" href=\"https:\/\/www.fbk.eu\/it\/crescereconfbk\/fbk-care\/\" \/>\n<meta property=\"og:locale\" content=\"it_IT\" \/>\n<meta property=\"og:type\" content=\"article\" \/>\n<meta property=\"og:url\" content=\"https:\/\/www.fbk.eu\/it\/crescereconfbk\/fbk-care\/\" \/>\n<meta property=\"og:site_name\" content=\"FBK\" \/>\n<meta property=\"article:modified_time\" content=\"2026-05-12T06:43:17+00:00\" \/>\n<meta property=\"og:image\" content=\"https:\/\/www.fbk.eu\/wp-content\/uploads\/2026\/03\/circolo1.jpg\" \/>\n\t<meta property=\"og:image:width\" content=\"1067\" \/>\n\t<meta property=\"og:image:height\" content=\"728\" \/>\n\t<meta property=\"og:image:type\" content=\"image\/jpeg\" \/>\n<meta name=\"twitter:card\" content=\"summary_large_image\" \/>\n<meta name=\"twitter:image\" content=\"https:\/\/www.fbk.eu\/wp-content\/themes\/fbk-foundation\/images\/opengraph-default.png\" \/>\n<meta name=\"twitter:label1\" content=\"Tempo di lettura stimato\" \/>\n\t<meta name=\"twitter:data1\" content=\"3 minuti\" \/>\n<script type=\"application\/ld+json\" class=\"yoast-schema-graph\">{\"@context\":\"https:\\\/\\\/schema.org\",\"@graph\":[{\"@type\":\"WebPage\",\"@id\":\"https:\\\/\\\/www.fbk.eu\\\/it\\\/crescereconfbk\\\/fbk-care\\\/\",\"url\":\"https:\\\/\\\/www.fbk.eu\\\/it\\\/crescereconfbk\\\/fbk-care\\\/\",\"name\":\"FBK Care - FBK\",\"isPartOf\":{\"@id\":\"https:\\\/\\\/www.fbk.eu\\\/en\\\/#website\"},\"primaryImageOfPage\":{\"@id\":\"https:\\\/\\\/www.fbk.eu\\\/it\\\/crescereconfbk\\\/fbk-care\\\/#primaryimage\"},\"image\":{\"@id\":\"https:\\\/\\\/www.fbk.eu\\\/it\\\/crescereconfbk\\\/fbk-care\\\/#primaryimage\"},\"thumbnailUrl\":\"https:\\\/\\\/www.fbk.eu\\\/wp-content\\\/uploads\\\/2026\\\/03\\\/circolo1-1600x600.jpg\",\"datePublished\":\"2026-04-21T08:49:47+00:00\",\"dateModified\":\"2026-05-12T06:43:17+00:00\",\"breadcrumb\":{\"@id\":\"https:\\\/\\\/www.fbk.eu\\\/it\\\/crescereconfbk\\\/fbk-care\\\/#breadcrumb\"},\"inLanguage\":\"it-IT\",\"potentialAction\":[{\"@type\":\"ReadAction\",\"target\":[\"https:\\\/\\\/www.fbk.eu\\\/it\\\/crescereconfbk\\\/fbk-care\\\/\"]}]},{\"@type\":\"ImageObject\",\"inLanguage\":\"it-IT\",\"@id\":\"https:\\\/\\\/www.fbk.eu\\\/it\\\/crescereconfbk\\\/fbk-care\\\/#primaryimage\",\"url\":\"https:\\\/\\\/www.fbk.eu\\\/wp-content\\\/uploads\\\/2026\\\/03\\\/circolo1-1600x600.jpg\",\"contentUrl\":\"https:\\\/\\\/www.fbk.eu\\\/wp-content\\\/uploads\\\/2026\\\/03\\\/circolo1-1600x600.jpg\"},{\"@type\":\"BreadcrumbList\",\"@id\":\"https:\\\/\\\/www.fbk.eu\\\/it\\\/crescereconfbk\\\/fbk-care\\\/#breadcrumb\",\"itemListElement\":[{\"@type\":\"ListItem\",\"position\":1,\"name\":\"Home\",\"item\":\"https:\\\/\\\/www.fbk.eu\\\/it\\\/\"},{\"@type\":\"ListItem\",\"position\":2,\"name\":\"Crescere con FBK\",\"item\":\"https:\\\/\\\/www.fbk.eu\\\/it\\\/crescereconfbk\\\/\"},{\"@type\":\"ListItem\",\"position\":3,\"name\":\"FBK Care\"}]},{\"@type\":\"WebSite\",\"@id\":\"https:\\\/\\\/www.fbk.eu\\\/en\\\/#website\",\"url\":\"https:\\\/\\\/www.fbk.eu\\\/en\\\/\",\"name\":\"FBK\",\"description\":\"Fondazione Bruno Kessler\",\"publisher\":{\"@id\":\"https:\\\/\\\/www.fbk.eu\\\/en\\\/#organization\"},\"potentialAction\":[{\"@type\":\"SearchAction\",\"target\":{\"@type\":\"EntryPoint\",\"urlTemplate\":\"https:\\\/\\\/www.fbk.eu\\\/en\\\/?s={search_term_string}\"},\"query-input\":{\"@type\":\"PropertyValueSpecification\",\"valueRequired\":true,\"valueName\":\"search_term_string\"}}],\"inLanguage\":\"it-IT\"},{\"@type\":\"Organization\",\"@id\":\"https:\\\/\\\/www.fbk.eu\\\/en\\\/#organization\",\"name\":\"FBK\",\"url\":\"https:\\\/\\\/www.fbk.eu\\\/en\\\/\",\"logo\":{\"@type\":\"ImageObject\",\"inLanguage\":\"it-IT\",\"@id\":\"https:\\\/\\\/www.fbk.eu\\\/en\\\/#\\\/schema\\\/logo\\\/image\\\/\",\"url\":\"https:\\\/\\\/www.fbk.eu\\\/wp-content\\\/uploads\\\/2022\\\/02\\\/FBK_For-A-Human-Centered-AI.png\",\"contentUrl\":\"https:\\\/\\\/www.fbk.eu\\\/wp-content\\\/uploads\\\/2022\\\/02\\\/FBK_For-A-Human-Centered-AI.png\",\"width\":549,\"height\":224,\"caption\":\"FBK\"},\"image\":{\"@id\":\"https:\\\/\\\/www.fbk.eu\\\/en\\\/#\\\/schema\\\/logo\\\/image\\\/\"}}]}<\/script>\n<!-- \/ Yoast SEO plugin. -->","yoast_head_json":{"title":"FBK Care - FBK","robots":{"index":"index","follow":"follow","max-snippet":"max-snippet:-1","max-image-preview":"max-image-preview:large","max-video-preview":"max-video-preview:-1"},"canonical":"https:\/\/www.fbk.eu\/it\/crescereconfbk\/fbk-care\/","og_locale":"it_IT","og_type":"article","og_url":"https:\/\/www.fbk.eu\/it\/crescereconfbk\/fbk-care\/","og_site_name":"FBK","article_modified_time":"2026-05-12T06:43:17+00:00","og_image":[{"width":1067,"height":728,"url":"https:\/\/www.fbk.eu\/wp-content\/uploads\/2026\/03\/circolo1.jpg","type":"image\/jpeg"}],"twitter_card":"summary_large_image","twitter_image":"https:\/\/www.fbk.eu\/wp-content\/themes\/fbk-foundation\/images\/opengraph-default.png","twitter_misc":{"Tempo di lettura stimato":"3 minuti"},"schema":{"@context":"https:\/\/schema.org","@graph":[{"@type":"WebPage","@id":"https:\/\/www.fbk.eu\/it\/crescereconfbk\/fbk-care\/","url":"https:\/\/www.fbk.eu\/it\/crescereconfbk\/fbk-care\/","name":"FBK Care - FBK","isPartOf":{"@id":"https:\/\/www.fbk.eu\/en\/#website"},"primaryImageOfPage":{"@id":"https:\/\/www.fbk.eu\/it\/crescereconfbk\/fbk-care\/#primaryimage"},"image":{"@id":"https:\/\/www.fbk.eu\/it\/crescereconfbk\/fbk-care\/#primaryimage"},"thumbnailUrl":"https:\/\/www.fbk.eu\/wp-content\/uploads\/2026\/03\/circolo1-1600x600.jpg","datePublished":"2026-04-21T08:49:47+00:00","dateModified":"2026-05-12T06:43:17+00:00","breadcrumb":{"@id":"https:\/\/www.fbk.eu\/it\/crescereconfbk\/fbk-care\/#breadcrumb"},"inLanguage":"it-IT","potentialAction":[{"@type":"ReadAction","target":["https:\/\/www.fbk.eu\/it\/crescereconfbk\/fbk-care\/"]}]},{"@type":"ImageObject","inLanguage":"it-IT","@id":"https:\/\/www.fbk.eu\/it\/crescereconfbk\/fbk-care\/#primaryimage","url":"https:\/\/www.fbk.eu\/wp-content\/uploads\/2026\/03\/circolo1-1600x600.jpg","contentUrl":"https:\/\/www.fbk.eu\/wp-content\/uploads\/2026\/03\/circolo1-1600x600.jpg"},{"@type":"BreadcrumbList","@id":"https:\/\/www.fbk.eu\/it\/crescereconfbk\/fbk-care\/#breadcrumb","itemListElement":[{"@type":"ListItem","position":1,"name":"Home","item":"https:\/\/www.fbk.eu\/it\/"},{"@type":"ListItem","position":2,"name":"Crescere con FBK","item":"https:\/\/www.fbk.eu\/it\/crescereconfbk\/"},{"@type":"ListItem","position":3,"name":"FBK Care"}]},{"@type":"WebSite","@id":"https:\/\/www.fbk.eu\/en\/#website","url":"https:\/\/www.fbk.eu\/en\/","name":"FBK","description":"Fondazione Bruno Kessler","publisher":{"@id":"https:\/\/www.fbk.eu\/en\/#organization"},"potentialAction":[{"@type":"SearchAction","target":{"@type":"EntryPoint","urlTemplate":"https:\/\/www.fbk.eu\/en\/?s={search_term_string}"},"query-input":{"@type":"PropertyValueSpecification","valueRequired":true,"valueName":"search_term_string"}}],"inLanguage":"it-IT"},{"@type":"Organization","@id":"https:\/\/www.fbk.eu\/en\/#organization","name":"FBK","url":"https:\/\/www.fbk.eu\/en\/","logo":{"@type":"ImageObject","inLanguage":"it-IT","@id":"https:\/\/www.fbk.eu\/en\/#\/schema\/logo\/image\/","url":"https:\/\/www.fbk.eu\/wp-content\/uploads\/2022\/02\/FBK_For-A-Human-Centered-AI.png","contentUrl":"https:\/\/www.fbk.eu\/wp-content\/uploads\/2022\/02\/FBK_For-A-Human-Centered-AI.png","width":549,"height":224,"caption":"FBK"},"image":{"@id":"https:\/\/www.fbk.eu\/en\/#\/schema\/logo\/image\/"}}]}},"meta_box":{"_banners":[],"_boxes":[],"_center_url":"","_center_numbers":[],"_center_vision":"","_center_mission":"","_center_director":[],"_center_magazine_url":"","_hubs":[],"_people":[],"_facts":[],"_humanities_and_social_sciences":[],"_companies":[],"_others":[],"_universities":[],"_science_and_technology":[],"_sidebar":""},"_links":{"self":[{"href":"https:\/\/www.fbk.eu\/it\/wp-json\/wp\/v2\/pages\/36449","targetHints":{"allow":["GET"]}}],"collection":[{"href":"https:\/\/www.fbk.eu\/it\/wp-json\/wp\/v2\/pages"}],"about":[{"href":"https:\/\/www.fbk.eu\/it\/wp-json\/wp\/v2\/types\/page"}],"author":[{"embeddable":true,"href":"https:\/\/www.fbk.eu\/it\/wp-json\/wp\/v2\/users\/4"}],"replies":[{"embeddable":true,"href":"https:\/\/www.fbk.eu\/it\/wp-json\/wp\/v2\/comments?post=36449"}],"version-history":[{"count":0,"href":"https:\/\/www.fbk.eu\/it\/wp-json\/wp\/v2\/pages\/36449\/revisions"}],"up":[{"embeddable":true,"href":"https:\/\/www.fbk.eu\/it\/wp-json\/wp\/v2\/pages\/35287"}],"wp:attachment":[{"href":"https:\/\/www.fbk.eu\/it\/wp-json\/wp\/v2\/media?parent=36449"}],"curies":[{"name":"wp","href":"https:\/\/api.w.org\/{rel}","templated":true}]}}