{"id":34059,"date":"2025-07-16T11:31:38","date_gmt":"2025-07-16T09:31:38","guid":{"rendered":"https:\/\/www.fbk.eu\/sustainability-plan-2025-2027\/"},"modified":"2026-01-19T09:25:31","modified_gmt":"2026-01-19T08:25:31","slug":"sustainability-plan-2025-2027","status":"publish","type":"page","link":"https:\/\/www.fbk.eu\/it\/iniziative\/sustainability-plan-2025-2027\/","title":{"rendered":"Piano di Sostenibilit\u00e0 2025-2027"},"content":{"rendered":"<p><span style=\"font-weight: 400;\"><img fetchpriority=\"high\" decoding=\"async\" class=\"alignleft wp-image-34053 size-full\" src=\"https:\/\/www.fbk.eu\/wp-content\/uploads\/2017\/07\/pianosostenibilita.png\" alt=\"\" width=\"612\" height=\"430\" srcset=\"https:\/\/www.fbk.eu\/wp-content\/uploads\/2017\/07\/pianosostenibilita.png 612w, https:\/\/www.fbk.eu\/wp-content\/uploads\/2017\/07\/pianosostenibilita-768x540.png 768w, https:\/\/www.fbk.eu\/wp-content\/uploads\/2017\/07\/pianosostenibilita-1536x1079.png 1536w, https:\/\/www.fbk.eu\/wp-content\/uploads\/2017\/07\/pianosostenibilita-2048x1439.png 2048w, https:\/\/www.fbk.eu\/wp-content\/uploads\/2017\/07\/pianosostenibilita-1024x719.png 1024w\" sizes=\"(max-width: 612px) 100vw, 612px\" \/><\/span><\/p>\n<p>Il Piano di Sostenibilit\u00e0 \u00e8 un documento programmatico che definisce obiettivi e azioni che FBK intende adottare per integrare ulteriormente la sostenibilit\u00e0 ambientale, sociale e di governance nelle proprie attivit\u00e0. Si tratta di uno strumento per guidare e migliorare le attivit\u00e0 in corso verso i principi dell\u2019ESG.<\/p>\n<p>Il Piano viene predisposto all\u2019interno del periodo attuativo del Piano di Mandato FBK e ne segue le tempistiche: <strong>definendo obiettivi e azioni da applicare dal 2025 al 2027.<\/strong><\/p>\n<p><span style=\"font-weight: 400;\">\u00a0<\/span><\/p>\n<p>&nbsp;<\/p>\n<p><a href=\"https:\/\/howto.fbk.eu\/wp-content\/uploads\/2025\/12\/251027_PianoSostenibilita_A4_ita_definitivo.pdf\"><span style=\"font-weight: 400;\">Piano di Sostenibilit\u00e0<\/span><\/a><\/p>\n<p><a href=\"https:\/\/howto.fbk.eu\/wp-content\/uploads\/2025\/11\/FBK_Piano-Sostenibilita_Brochure_digital_def-1.pdf\"><span style=\"font-weight: 400;\">Link alla <\/span><span style=\"font-weight: 400;\">Brochure<\/span><\/a><\/p>\n","protected":false},"excerpt":{"rendered":"<p>Il Piano di Sostenibilit\u00e0 \u00e8 un documento programmatico che definisce obiettivi e azioni che FBK intende adottare per integrare ulteriormente la sostenibilit\u00e0 ambientale, sociale e di governance nelle proprie attivit\u00e0. Si tratta di uno strumento per guidare e migliorare le attivit\u00e0 in corso verso i principi dell\u2019ESG. Il Piano viene predisposto all\u2019interno del periodo attuativo [&hellip;]<\/p>\n","protected":false},"author":4,"featured_media":0,"parent":1643,"menu_order":0,"comment_status":"closed","ping_status":"closed","template":"","meta":{"footnotes":""},"class_list":["post-34059","page","type-page","status-publish","hentry"],"yoast_head":"<!-- This site is optimized with the Yoast SEO plugin v27.3 - https:\/\/yoast.com\/product\/yoast-seo-wordpress\/ -->\n<title>Piano di Sostenibilit\u00e0 2025-2027 - FBK<\/title>\n<meta name=\"robots\" content=\"index, follow, max-snippet:-1, max-image-preview:large, max-video-preview:-1\" \/>\n<link rel=\"canonical\" href=\"https:\/\/www.fbk.eu\/it\/iniziative\/sustainability-plan-2025-2027\/\" \/>\n<meta property=\"og:locale\" content=\"it_IT\" \/>\n<meta property=\"og:type\" content=\"article\" \/>\n<meta property=\"og:url\" content=\"https:\/\/www.fbk.eu\/it\/iniziative\/sustainability-plan-2025-2027\/\" \/>\n<meta property=\"og:site_name\" content=\"FBK\" \/>\n<meta property=\"article:modified_time\" content=\"2026-01-19T08:25:31+00:00\" \/>\n<meta property=\"og:image\" content=\"https:\/\/www.fbk.eu\/wp-content\/uploads\/2017\/07\/pianosostenibilita.png\" \/>\n\t<meta property=\"og:image:width\" content=\"612\" \/>\n\t<meta property=\"og:image:height\" content=\"430\" \/>\n\t<meta property=\"og:image:type\" content=\"image\/png\" \/>\n<meta name=\"twitter:card\" content=\"summary_large_image\" \/>\n<meta name=\"twitter:image\" content=\"https:\/\/www.fbk.eu\/wp-content\/themes\/fbk-foundation\/images\/opengraph-default.png\" \/>\n<meta name=\"twitter:label1\" content=\"Tempo di lettura stimato\" \/>\n\t<meta name=\"twitter:data1\" content=\"1 minuto\" \/>\n<script type=\"application\/ld+json\" class=\"yoast-schema-graph\">{\"@context\":\"https:\\\/\\\/schema.org\",\"@graph\":[{\"@type\":\"WebPage\",\"@id\":\"https:\\\/\\\/www.fbk.eu\\\/it\\\/iniziative\\\/sustainability-plan-2025-2027\\\/\",\"url\":\"https:\\\/\\\/www.fbk.eu\\\/it\\\/iniziative\\\/sustainability-plan-2025-2027\\\/\",\"name\":\"Piano di Sostenibilit\u00e0 2025-2027 - FBK\",\"isPartOf\":{\"@id\":\"https:\\\/\\\/www.fbk.eu\\\/en\\\/#website\"},\"primaryImageOfPage\":{\"@id\":\"https:\\\/\\\/www.fbk.eu\\\/it\\\/iniziative\\\/sustainability-plan-2025-2027\\\/#primaryimage\"},\"image\":{\"@id\":\"https:\\\/\\\/www.fbk.eu\\\/it\\\/iniziative\\\/sustainability-plan-2025-2027\\\/#primaryimage\"},\"thumbnailUrl\":\"https:\\\/\\\/www.fbk.eu\\\/wp-content\\\/uploads\\\/2017\\\/07\\\/pianosostenibilita.png\",\"datePublished\":\"2025-07-16T09:31:38+00:00\",\"dateModified\":\"2026-01-19T08:25:31+00:00\",\"breadcrumb\":{\"@id\":\"https:\\\/\\\/www.fbk.eu\\\/it\\\/iniziative\\\/sustainability-plan-2025-2027\\\/#breadcrumb\"},\"inLanguage\":\"it-IT\",\"potentialAction\":[{\"@type\":\"ReadAction\",\"target\":[\"https:\\\/\\\/www.fbk.eu\\\/it\\\/iniziative\\\/sustainability-plan-2025-2027\\\/\"]}]},{\"@type\":\"ImageObject\",\"inLanguage\":\"it-IT\",\"@id\":\"https:\\\/\\\/www.fbk.eu\\\/it\\\/iniziative\\\/sustainability-plan-2025-2027\\\/#primaryimage\",\"url\":\"https:\\\/\\\/www.fbk.eu\\\/wp-content\\\/uploads\\\/2017\\\/07\\\/pianosostenibilita.png\",\"contentUrl\":\"https:\\\/\\\/www.fbk.eu\\\/wp-content\\\/uploads\\\/2017\\\/07\\\/pianosostenibilita.png\"},{\"@type\":\"BreadcrumbList\",\"@id\":\"https:\\\/\\\/www.fbk.eu\\\/it\\\/iniziative\\\/sustainability-plan-2025-2027\\\/#breadcrumb\",\"itemListElement\":[{\"@type\":\"ListItem\",\"position\":1,\"name\":\"Home\",\"item\":\"https:\\\/\\\/www.fbk.eu\\\/it\\\/\"},{\"@type\":\"ListItem\",\"position\":2,\"name\":\"Iniziative\",\"item\":\"https:\\\/\\\/www.fbk.eu\\\/it\\\/iniziative\\\/\"},{\"@type\":\"ListItem\",\"position\":3,\"name\":\"Piano di Sostenibilit\u00e0 2025-2027\"}]},{\"@type\":\"WebSite\",\"@id\":\"https:\\\/\\\/www.fbk.eu\\\/en\\\/#website\",\"url\":\"https:\\\/\\\/www.fbk.eu\\\/en\\\/\",\"name\":\"FBK\",\"description\":\"Fondazione Bruno Kessler\",\"publisher\":{\"@id\":\"https:\\\/\\\/www.fbk.eu\\\/en\\\/#organization\"},\"potentialAction\":[{\"@type\":\"SearchAction\",\"target\":{\"@type\":\"EntryPoint\",\"urlTemplate\":\"https:\\\/\\\/www.fbk.eu\\\/en\\\/?s={search_term_string}\"},\"query-input\":{\"@type\":\"PropertyValueSpecification\",\"valueRequired\":true,\"valueName\":\"search_term_string\"}}],\"inLanguage\":\"it-IT\"},{\"@type\":\"Organization\",\"@id\":\"https:\\\/\\\/www.fbk.eu\\\/en\\\/#organization\",\"name\":\"FBK\",\"url\":\"https:\\\/\\\/www.fbk.eu\\\/en\\\/\",\"logo\":{\"@type\":\"ImageObject\",\"inLanguage\":\"it-IT\",\"@id\":\"https:\\\/\\\/www.fbk.eu\\\/en\\\/#\\\/schema\\\/logo\\\/image\\\/\",\"url\":\"https:\\\/\\\/www.fbk.eu\\\/wp-content\\\/uploads\\\/2022\\\/02\\\/FBK_For-A-Human-Centered-AI.png\",\"contentUrl\":\"https:\\\/\\\/www.fbk.eu\\\/wp-content\\\/uploads\\\/2022\\\/02\\\/FBK_For-A-Human-Centered-AI.png\",\"width\":549,\"height\":224,\"caption\":\"FBK\"},\"image\":{\"@id\":\"https:\\\/\\\/www.fbk.eu\\\/en\\\/#\\\/schema\\\/logo\\\/image\\\/\"}}]}<\/script>\n<!-- \/ Yoast SEO plugin. -->","yoast_head_json":{"title":"Piano di Sostenibilit\u00e0 2025-2027 - FBK","robots":{"index":"index","follow":"follow","max-snippet":"max-snippet:-1","max-image-preview":"max-image-preview:large","max-video-preview":"max-video-preview:-1"},"canonical":"https:\/\/www.fbk.eu\/it\/iniziative\/sustainability-plan-2025-2027\/","og_locale":"it_IT","og_type":"article","og_url":"https:\/\/www.fbk.eu\/it\/iniziative\/sustainability-plan-2025-2027\/","og_site_name":"FBK","article_modified_time":"2026-01-19T08:25:31+00:00","og_image":[{"width":612,"height":430,"url":"https:\/\/www.fbk.eu\/wp-content\/uploads\/2017\/07\/pianosostenibilita.png","type":"image\/png"}],"twitter_card":"summary_large_image","twitter_image":"https:\/\/www.fbk.eu\/wp-content\/themes\/fbk-foundation\/images\/opengraph-default.png","twitter_misc":{"Tempo di lettura stimato":"1 minuto"},"schema":{"@context":"https:\/\/schema.org","@graph":[{"@type":"WebPage","@id":"https:\/\/www.fbk.eu\/it\/iniziative\/sustainability-plan-2025-2027\/","url":"https:\/\/www.fbk.eu\/it\/iniziative\/sustainability-plan-2025-2027\/","name":"Piano di Sostenibilit\u00e0 2025-2027 - FBK","isPartOf":{"@id":"https:\/\/www.fbk.eu\/en\/#website"},"primaryImageOfPage":{"@id":"https:\/\/www.fbk.eu\/it\/iniziative\/sustainability-plan-2025-2027\/#primaryimage"},"image":{"@id":"https:\/\/www.fbk.eu\/it\/iniziative\/sustainability-plan-2025-2027\/#primaryimage"},"thumbnailUrl":"https:\/\/www.fbk.eu\/wp-content\/uploads\/2017\/07\/pianosostenibilita.png","datePublished":"2025-07-16T09:31:38+00:00","dateModified":"2026-01-19T08:25:31+00:00","breadcrumb":{"@id":"https:\/\/www.fbk.eu\/it\/iniziative\/sustainability-plan-2025-2027\/#breadcrumb"},"inLanguage":"it-IT","potentialAction":[{"@type":"ReadAction","target":["https:\/\/www.fbk.eu\/it\/iniziative\/sustainability-plan-2025-2027\/"]}]},{"@type":"ImageObject","inLanguage":"it-IT","@id":"https:\/\/www.fbk.eu\/it\/iniziative\/sustainability-plan-2025-2027\/#primaryimage","url":"https:\/\/www.fbk.eu\/wp-content\/uploads\/2017\/07\/pianosostenibilita.png","contentUrl":"https:\/\/www.fbk.eu\/wp-content\/uploads\/2017\/07\/pianosostenibilita.png"},{"@type":"BreadcrumbList","@id":"https:\/\/www.fbk.eu\/it\/iniziative\/sustainability-plan-2025-2027\/#breadcrumb","itemListElement":[{"@type":"ListItem","position":1,"name":"Home","item":"https:\/\/www.fbk.eu\/it\/"},{"@type":"ListItem","position":2,"name":"Iniziative","item":"https:\/\/www.fbk.eu\/it\/iniziative\/"},{"@type":"ListItem","position":3,"name":"Piano di Sostenibilit\u00e0 2025-2027"}]},{"@type":"WebSite","@id":"https:\/\/www.fbk.eu\/en\/#website","url":"https:\/\/www.fbk.eu\/en\/","name":"FBK","description":"Fondazione Bruno Kessler","publisher":{"@id":"https:\/\/www.fbk.eu\/en\/#organization"},"potentialAction":[{"@type":"SearchAction","target":{"@type":"EntryPoint","urlTemplate":"https:\/\/www.fbk.eu\/en\/?s={search_term_string}"},"query-input":{"@type":"PropertyValueSpecification","valueRequired":true,"valueName":"search_term_string"}}],"inLanguage":"it-IT"},{"@type":"Organization","@id":"https:\/\/www.fbk.eu\/en\/#organization","name":"FBK","url":"https:\/\/www.fbk.eu\/en\/","logo":{"@type":"ImageObject","inLanguage":"it-IT","@id":"https:\/\/www.fbk.eu\/en\/#\/schema\/logo\/image\/","url":"https:\/\/www.fbk.eu\/wp-content\/uploads\/2022\/02\/FBK_For-A-Human-Centered-AI.png","contentUrl":"https:\/\/www.fbk.eu\/wp-content\/uploads\/2022\/02\/FBK_For-A-Human-Centered-AI.png","width":549,"height":224,"caption":"FBK"},"image":{"@id":"https:\/\/www.fbk.eu\/en\/#\/schema\/logo\/image\/"}}]}},"meta_box":{"_banners":[],"_boxes":[],"_center_url":"","_center_numbers":[],"_center_vision":"","_center_mission":"","_center_director":[],"_center_magazine_url":"","_hubs":[],"_people":[],"_facts":[],"_humanities_and_social_sciences":[],"_companies":[],"_others":[],"_universities":[],"_science_and_technology":[],"_sidebar":""},"_links":{"self":[{"href":"https:\/\/www.fbk.eu\/it\/wp-json\/wp\/v2\/pages\/34059","targetHints":{"allow":["GET"]}}],"collection":[{"href":"https:\/\/www.fbk.eu\/it\/wp-json\/wp\/v2\/pages"}],"about":[{"href":"https:\/\/www.fbk.eu\/it\/wp-json\/wp\/v2\/types\/page"}],"author":[{"embeddable":true,"href":"https:\/\/www.fbk.eu\/it\/wp-json\/wp\/v2\/users\/4"}],"replies":[{"embeddable":true,"href":"https:\/\/www.fbk.eu\/it\/wp-json\/wp\/v2\/comments?post=34059"}],"version-history":[{"count":0,"href":"https:\/\/www.fbk.eu\/it\/wp-json\/wp\/v2\/pages\/34059\/revisions"}],"up":[{"embeddable":true,"href":"https:\/\/www.fbk.eu\/it\/wp-json\/wp\/v2\/pages\/1643"}],"wp:attachment":[{"href":"https:\/\/www.fbk.eu\/it\/wp-json\/wp\/v2\/media?parent=34059"}],"curies":[{"name":"wp","href":"https:\/\/api.w.org\/{rel}","templated":true}]}}