{"id":2368,"date":"2017-02-16T00:00:25","date_gmt":"2017-02-15T23:00:25","guid":{"rendered":"http:\/\/fbk-g31g8k.dev.articalab.com\/?page_id=2368\/"},"modified":"2025-05-15T14:42:19","modified_gmt":"2025-05-15T12:42:19","slug":"privacy-cookie","status":"publish","type":"page","link":"https:\/\/www.fbk.eu\/it\/privacy-cookie\/","title":{"rendered":"INFORMATIVA SULLA PRIVACY E POLICY SULL\u2019USO DEI COOKIE"},"content":{"rendered":"<p>Ai sensi del Regolamento UE 2016\/679 (GDPR) e del Decreto Legislativo 30 giugno 2003, n. 196 e s.m.i, ed in generale in osservanza del principio di trasparenza richiamato dal GDPR, questa informativa descrive le tipologie di dati degli Utenti che consultano le nostre pagine web e ne utilizzano gli eventuali servizi e le modalit\u00e0 in cui questi dati vengono raccolti, condivisi e protetti.<\/p>\n<h2>Dati trattati automaticamente e finalit\u00e0 del trattamento<\/h2>\n<p>Durante la navigazione di questo sito web, la lettura delle sue pagine, e durante lo scaricamento delle informazioni in esso contenute, il sito web acquisisce alcuni dati di navigazione, la cui trasmissione \u00e8 implicita nell\u2019uso dei protocolli di comunicazione di Internet. Oltre a questo, un sito web terzo raccoglier\u00e0 e memorizzer\u00e0 automaticamente alcune informazioni relative alla visita.<\/p>\n<p>In questa categoria rientrano: gli indirizzi IP dell\u2019Utente, il tipo di browser utilizzato, gli indirizzi dei siti web dai quali \u00e8 stato effettuato l\u2019accesso, le pagine visitate all\u2019interno del sito, l\u2019orario d\u2019accesso, il codice numerico indicante lo stato della risposta data dal server e altri parametri relativi al sistema operativo e all\u2019ambiente informatico dell\u2019Utente.<\/p>\n<p>Questi dati, necessari alla fruizione dei servizi web, non sono raccolti per essere associati a interessati identificati, ma vengono utilizzati per rendere il sito pi\u00f9 utile per i suoi visitatori, per ottenere informazioni statistiche aggregate e anonime sull\u2019uso del sito e per controllarne il corretto funzionamento. Gli stessi potrebbero essere utilizzati per l\u2019accertamento di responsabilit\u00e0 in caso di compimento di reati informatici o di atti di danneggiamento del sito.<\/p>\n<p>Nessuna informazione su Utenti\/visitatori verr\u00e0 venduta, condivisa o utilizzata per finalit\u00e0 commerciali.<\/p>\n<h2><strong>Dati forniti volontariamente dagli Utenti e finalit\u00e0 del Trattamento<\/strong><\/h2>\n<p>La trasmissione facoltativa, volontaria ed esplicita di dati personali durante la navigazione del sito, ad esempio completando la registrazione alla Newsletter o la richiesta di patrocinio, comporta la successiva acquisizione di tali dati per il solo scopo di dare riscontro alle richieste degli Utenti e gestire i servizi stessi. I trattamenti posti in essere per queste finalit\u00e0 sono effettuati con lo specifico consenso fornito dall\u2019Utente raccolto attraverso specifico modulo di registrazione e i dati vengono conservati per la sola durata dell\u2019attivit\u00e0 richiesta.<br \/>\nL\u2019invio facoltativo, esplicito e volontario di dati personali agli indirizzi indicati su questo sito o attraverso appositi form di richiesta di contatto comporta la successiva acquisizione dell\u2019indirizzo di posta elettronica del mittente, necessario per rispondere alle richieste, nonch\u00e9 degli eventuali altri dati personali inseriti nel messaggio.<br \/>\n\u00c8 escluso il trattamento di dati personali di natura particolare o dati giudiziari che, se eventualmente forniti dagli Utenti, saranno cancellati.<\/p>\n<p>I dati personali forniti dagli utenti sono utilizzati per la gestione di servizi telematici relativi ai siti di FBK, nell\u2019ambito degli obiettivi istituzionali di ricerca scientifica e attivit\u00e0 amministrative e potrebbero essere utilizzati per l\u2019accertamento di responsabilit\u00e0 degli Utenti in caso di eventuali reati digitali ai danni del sito.<\/p>\n<p>Si tenga sempre presente che i dati personali potrebbero essere scaricati dai cosiddetti web scrapers o web crawlers. Sebbene FBK abbia adottato alcune misure tecniche e procedurali per mitigare il rischio di web scraping, non possiamo garantire al 100% che il web scraping non abbia luogo.<\/p>\n<h2><strong>Cookies<\/strong><\/h2>\n<p>Un cookie \u00e8 una piccola porzione di testo che i siti web inviano al browser e che vengono memorizzati sul terminale dell\u2019Utente, che pu\u00f2 essere un personal computer, un telefono cellulare, un tablet, ecc\u2026<br \/>\nQuesti file consentono al sito web di monitorare, personalizzare e salvare informazioni sulla sessione di ciascun Utente, come la lingua e le opzioni preferite, che possono facilitare la sua prossima visita e rendere il sito pi\u00f9 utile per l\u2019Utente. Una \u201csessione\u201d si riferisce al tempo che l\u2019Utente trascorre su un sito. I cookie svolgono un ruolo molto importante nel migliorare l\u2019esperienza degli Utenti sul web.<\/p>\n<p>I cookies attivi in questo sito non registrano dati personali. Durante la navigazione o l\u2019utilizzo dei nostri servizi, gli Utenti acconsentono al nostro utilizzo dei cookie attraverso l\u2019apposito banner pop-up.<br \/>\nGli Utenti hanno comunque la possibilit\u00e0 di impedire la generazione di cookie e la dismissione degli stessi selezionando l\u2019apposita opzione nel browser.<\/p>\n<p><strong>Il sito web fa uso dei seguenti cookies:<\/strong><\/p>\n<p><strong>Cookies necessari\u00a0<\/strong><\/p>\n<p>Sono cookies necessari al funzionamento corretto del sito web e assicurano le funzionalit\u00e0 e la sicurezza del sito web.<\/p>\n<p>I cookies necessari permettono:<\/p>\n<ul>\n<li>la navigazione e fruizione del sito web;<\/li>\n<li>la raccolta di informazioni, in forma aggregata, sul numero degli Utenti e su come questi visitano il sito stesso (\u201ccookies analitici\u201d);<\/li>\n<li>la navigazione in funzione di una serie di criteri selezionati, ad esempio la lingua, al fine di migliorare il servizio reso allo stesso (\u201ccookies di funzionalit\u00e0\u201c).<\/li>\n<\/ul>\n<p>Tali cookies non vengono utilizzati per scopi ulteriori rispetto a quelli funzionali e pertanto la loro installazione non richiede il consenso dell\u2019Utente.<\/p>\n<p><strong>Cookies analitici<\/strong><br \/>\nI siti istituzionali di FBK generalmente utilizzano Matomo, un servizio di analisi dati che ha come scopo di monitorare le visite degli utenti dei siti web in maniera aggregata e anonima. I servizi di statistiche raccolgono dati pseudonimi sui visitatori del sito web. I dati ci consentono di comprendere meglio i visitatori e di ottimizzare il sito web.<\/p>\n<p><strong>Cookies relativi alle newsletter<\/strong><br \/>\nIl sito web offre un servizio di iscrizione alla newsletter e i cookie possono essere utilizzati per ricordare se gli Utenti sono gi\u00e0 registrati e se mostrare determinate notifiche che potrebbero essere valide solo per gli Utenti iscritti\/non iscritti.<\/p>\n<p><strong>Cookies di Profilazione di Terze Parti<br \/>\n<\/strong><\/p>\n<p>Alcuni servizi esterni a FBK come YouTube possono utilizzare cookie propri al fine della profilazione dell\u2019Utente.<br \/>\nTali cookies sono installati da soggetti diversi da FBK (Google) e l\u2019installazione degli stessi richiede il consenso dell\u2019Utente in mancanza del quale gli stessi non saranno installati.<br \/>\nRiportiamo quindi di seguito i link all\u2019 informativa sulla privacy di Google che si riferisce anche al servizio esterno di YouTube, che pu\u00f2 essere utilizzato sui siti della Fondazione.\u00a0 L\u2019Utente potr\u00e0 approfondire e personalizzare le proprie impostazioni nel browser relativamente ai servizi e alle opzioni di personalizzazione offerte da Google.<\/p>\n<p><strong>Norme sulla Privacy di Google:<\/strong><\/p>\n<p><a href=\"https:\/\/policies.google.com\/privacy?hl=it\"><strong>https:\/\/policies.google.com\/privacy?hl=it<\/strong><\/a><\/p>\n<p>&nbsp;<\/p>\n<p><strong>Come gestire i cookies nel browser<br \/>\n<\/strong><\/p>\n<p>L\u2019Utente ha l\u2019opzione di disattivare, rimuovere o bloccare i cookies installati sui propri strumenti impostando le opzioni del browser installato sul proprio terminale (cercando \u201cAiuto\u201d del browser oppure impostando<br \/>\nl\u2019opzione DNT -Do Not Track- se prevista).<br \/>\nFBK non garantisce il completo funzionamento del sito se i cookies sono stati disattivati. Se l\u2019Utente blocca l\u2019uso dei cookies sul proprio browser, alcuni servizi potrebbero essere interrotti o le funzionalit\u00e0 del sito potrebbero<br \/>\nessere ridotte.<br \/>\nAlcuni browser possono essere configurati per gestire regole specifiche sui cookie per diversi siti, il che fornisce un controllo pi\u00f9 preciso sulla privacy. Ci\u00f2 significa che gli Utenti possono disabilitare i cookie per tutti i siti ad eccezione di quelli di cui si fidano.<\/p>\n<p>Istruzioni per la disabilitazione dei cookies dai browsers:<\/p>\n<ul>\n<li><a href=\"http:\/\/windows.microsoft.com\/it-IT\/internet-explorer\/delete-manage-cookies#ie=ie-11\"><strong>Internet Explorer<\/strong><\/a><\/li>\n<li><a href=\"https:\/\/support.mozilla.org\/it\/kb\/Gestione%20dei%20cookie?redirectlocale=en-US&amp;redirectslug=Cookies\"><strong>Firefox<\/strong><\/a><\/li>\n<li><a href=\"https:\/\/support.google.com\/chrome\/answer\/95647?hl=it\"><strong>Google Chrome<\/strong><\/a><\/li>\n<li><a href=\"http:\/\/www.opera.com\/help\/tutorials\/security\/cookies\/\"><strong>Opera<\/strong><\/a><\/li>\n<li><a href=\"https:\/\/support.apple.com\/kb\/PH19214?viewlocale=it_IT&amp;locale=it_IT\"><strong>Safari<\/strong><\/a><\/li>\n<li><a href=\"http:\/\/support.apple.com\/kb\/HT1677\"><strong>Safari iOS<\/strong><\/a><\/li>\n<li><a href=\"https:\/\/support.google.com\/chrome\/answer\/95647?hl=it&amp;co=GENIE.Platform%3DAndroid&amp;oco=1\"><strong>Android<\/strong><\/a><\/li>\n<li><a href=\"https:\/\/blackberrymobile.com\/cookie-policy\/\"><strong>Blackberry<\/strong><\/a><\/li>\n<li><a href=\"http:\/\/www.windowsphone.com\/it-IT\/how-to\/wp7\/web\/changing-privacy-and-other-browser-settings\"><strong>Windows Phone<\/strong><\/a><\/li>\n<\/ul>\n<h2><strong>Modalit\u00e0 e durata del trattamento dei dati<\/strong><\/h2>\n<p>Il trattamento dei dati personali viene effettuato prevalentemente utilizzando procedure e supporti elettronici e in modo lecito, corretto, pertinente, limitato a quanto necessario al raggiungimento delle finalit\u00e0 del trattamento, per il solo tempo strettamente necessario a<br \/>\nconseguire gli scopi per cui sono stati raccolti e comunque in conformit\u00e0 ai principi indicati nell\u2019art. 5 del GDPR.<br \/>\nSpecifiche misure di sicurezza sono osservate per prevenire la perdita dei dati, usi illeciti o non corretti e accessi non autorizzati.<br \/>\nNon \u00e8 previsto alcun processo decisionale automatizzato, n\u00e9 alcuna attivit\u00e0 di profilazione.<\/p>\n<h2><strong>Luogo di trattamento e comunicazione dei dati personali<\/strong><\/h2>\n<p>I dati personali presenti sul sito ed i relativi servizi telematici sono trattati principalmente negli uffici situati nel polo tecnologico di Povo, via Sommarive 18 \u2013 38123 Trento (Italia) e sono curati dal personale del Servizio Comunicazione e Relazioni Esterne e dai referenti interni per la gestione dei siti FBK, ognuno per il\/i rispettivo\/i sito\/i di competenza.<br \/>\nI dati personali possono essere trattati anche dai fornitori dei servizi offerti nominati Responsabili del Trattamento ai sensi dell\u2019art. 28 del GDPR, di norma siti nell\u2019Unione Europea oppure in Paesi per i quali la Commissione ha assunto decisione di adeguatezza della protezione dei dati personali o, in sua mancanza, attraverso la sottoscrizione con il fornitore di Clausole Contrattuali Tipo (SCC) di protezione dei dati adottate dalla Commissione Europea.<\/p>\n<p>I dati raccolti non saranno oggetto di diffusione o comunicazione a terzi, se non nei casi previsti dalla legge e, comunque, con le modalit\u00e0 da questa consentite.<\/p>\n<h2><strong>Diritti degli interessati<\/strong><\/h2>\n<p>Gli Utenti (Interessati) hanno il diritto di contattare il Titolare in qualsiasi momento per esercitare i diritti indicati al Capo III del GDPR e, in particolare per:<\/p>\n<ul>\n<li>chiedere la conferma dell\u2019esistenza o meno di propri dati personali;<\/li>\n<li>ottenere le indicazioni circa le finalit\u00e0 del trattamento, le categorie dei dati personali, i destinatari o le categorie di destinatari a cui i dati personali sono stati o saranno comunicati e, quando possibile, il periodo di conservazione;<\/li>\n<li>ottenere la rettifica e la cancellazione dei dati;<\/li>\n<li>ottenere la limitazione del trattamento;<\/li>\n<li>opporsi al trattamento in qualsiasi momento.<\/li>\n<\/ul>\n<p>Gli Interessati hanno il diritto, inoltre, di revocare il consenso in qualsiasi momento, senza pregiudicare la liceit\u00e0 del trattamento basato sul consenso prestato prima della revoca.<br \/>\nPer informazioni e contatti specificamente relativi alla tutela dei dati personali, compreso l\u2019esercizio dei sopracitati diritti, si prega di rivolgere eventuali richieste all\u2019indirizzo e-mail: web@fbk.eu<br \/>\nResta salvo il diritto di proporre reclamo al Garante per la protezione dei dati personali.<\/p>\n<h2><strong>Il Titolare del trattamento<\/strong><\/h2>\n<p>Il Titolare del trattamento \u00e8 la Fondazione Bruno Kessler (FBK), con sede a Trento, via Santa Croce, 77 .<br \/>\nLa Responsabile della Protezione dei Dati della Fondazione \u00e8 contattabile all\u2019indirizzo e-mail: privacy@fbk.eu<\/p>\n<h2><strong>Modifiche alla presente informativa<\/strong><\/h2>\n<p>Il Titolare si riserva di apportare, qualora necessario, le opportune modifiche alla presente informativa \u2013 attualmente aggiornata al <strong>15 maggio 2025<\/strong>\u00a0&#8211; dandone la pi\u00f9 ampia visibilit\u00e0 agli interessati.<\/p>\n<p>&nbsp;<\/p>\n<hr \/>\n<p><a href=\"https:\/\/www.fbk.eu\/it\/la-social-media-policy-della-fondazione-bruno-kessler\/\">Vedi anche\u00a0 &#8220;La <strong>social media policy<\/strong> della Fondazione Bruno Kessler&#8221;<\/a><\/p>\n<p>&nbsp;<\/p>\n","protected":false},"excerpt":{"rendered":"<p>Ai sensi del Regolamento UE 2016\/679 (GDPR) e del Decreto Legislativo 30 giugno 2003, n. 196 e s.m.i, ed in generale in osservanza del principio di trasparenza richiamato dal GDPR, questa informativa descrive le tipologie di dati degli Utenti che consultano le nostre pagine web e ne utilizzano gli eventuali servizi e le modalit\u00e0 in [&hellip;]<\/p>\n","protected":false},"author":3,"featured_media":0,"parent":0,"menu_order":0,"comment_status":"closed","ping_status":"closed","template":"page-templates\/foundation-page.php","meta":{"footnotes":""},"class_list":["post-2368","page","type-page","status-publish","hentry"],"yoast_head":"<!-- This site is optimized with the Yoast SEO plugin v27.3 - https:\/\/yoast.com\/product\/yoast-seo-wordpress\/ -->\n<title>INFORMATIVA SULLA PRIVACY E POLICY SULL\u2019USO DEI COOKIE - FBK<\/title>\n<meta name=\"robots\" content=\"index, follow, max-snippet:-1, max-image-preview:large, max-video-preview:-1\" \/>\n<link rel=\"canonical\" href=\"https:\/\/www.fbk.eu\/it\/privacy-cookie\/\" \/>\n<meta property=\"og:locale\" content=\"it_IT\" \/>\n<meta property=\"og:type\" content=\"article\" \/>\n<meta property=\"og:url\" content=\"https:\/\/www.fbk.eu\/it\/privacy-cookie\/\" \/>\n<meta property=\"og:site_name\" content=\"FBK\" \/>\n<meta property=\"article:modified_time\" content=\"2025-05-15T12:42:19+00:00\" \/>\n<meta name=\"twitter:card\" content=\"summary_large_image\" \/>\n<meta name=\"twitter:image\" content=\"https:\/\/www.fbk.eu\/wp-content\/themes\/fbk-foundation\/images\/opengraph-default.png\" \/>\n<meta name=\"twitter:label1\" content=\"Tempo di lettura stimato\" \/>\n\t<meta name=\"twitter:data1\" content=\"8 minuti\" \/>\n<script type=\"application\/ld+json\" class=\"yoast-schema-graph\">{\"@context\":\"https:\\\/\\\/schema.org\",\"@graph\":[{\"@type\":\"WebPage\",\"@id\":\"https:\\\/\\\/www.fbk.eu\\\/it\\\/privacy-cookie\\\/\",\"url\":\"https:\\\/\\\/www.fbk.eu\\\/it\\\/privacy-cookie\\\/\",\"name\":\"INFORMATIVA SULLA PRIVACY E POLICY SULL\u2019USO DEI COOKIE - FBK\",\"isPartOf\":{\"@id\":\"https:\\\/\\\/www.fbk.eu\\\/en\\\/#website\"},\"datePublished\":\"2017-02-15T23:00:25+00:00\",\"dateModified\":\"2025-05-15T12:42:19+00:00\",\"breadcrumb\":{\"@id\":\"https:\\\/\\\/www.fbk.eu\\\/it\\\/privacy-cookie\\\/#breadcrumb\"},\"inLanguage\":\"it-IT\",\"potentialAction\":[{\"@type\":\"ReadAction\",\"target\":[\"https:\\\/\\\/www.fbk.eu\\\/it\\\/privacy-cookie\\\/\"]}]},{\"@type\":\"BreadcrumbList\",\"@id\":\"https:\\\/\\\/www.fbk.eu\\\/it\\\/privacy-cookie\\\/#breadcrumb\",\"itemListElement\":[{\"@type\":\"ListItem\",\"position\":1,\"name\":\"Home\",\"item\":\"https:\\\/\\\/www.fbk.eu\\\/it\\\/\"},{\"@type\":\"ListItem\",\"position\":2,\"name\":\"INFORMATIVA SULLA PRIVACY E POLICY SULL\u2019USO DEI COOKIE\"}]},{\"@type\":\"WebSite\",\"@id\":\"https:\\\/\\\/www.fbk.eu\\\/en\\\/#website\",\"url\":\"https:\\\/\\\/www.fbk.eu\\\/en\\\/\",\"name\":\"FBK\",\"description\":\"Fondazione Bruno Kessler\",\"publisher\":{\"@id\":\"https:\\\/\\\/www.fbk.eu\\\/en\\\/#organization\"},\"potentialAction\":[{\"@type\":\"SearchAction\",\"target\":{\"@type\":\"EntryPoint\",\"urlTemplate\":\"https:\\\/\\\/www.fbk.eu\\\/en\\\/?s={search_term_string}\"},\"query-input\":{\"@type\":\"PropertyValueSpecification\",\"valueRequired\":true,\"valueName\":\"search_term_string\"}}],\"inLanguage\":\"it-IT\"},{\"@type\":\"Organization\",\"@id\":\"https:\\\/\\\/www.fbk.eu\\\/en\\\/#organization\",\"name\":\"FBK\",\"url\":\"https:\\\/\\\/www.fbk.eu\\\/en\\\/\",\"logo\":{\"@type\":\"ImageObject\",\"inLanguage\":\"it-IT\",\"@id\":\"https:\\\/\\\/www.fbk.eu\\\/en\\\/#\\\/schema\\\/logo\\\/image\\\/\",\"url\":\"https:\\\/\\\/www.fbk.eu\\\/wp-content\\\/uploads\\\/2022\\\/02\\\/FBK_For-A-Human-Centered-AI.png\",\"contentUrl\":\"https:\\\/\\\/www.fbk.eu\\\/wp-content\\\/uploads\\\/2022\\\/02\\\/FBK_For-A-Human-Centered-AI.png\",\"width\":549,\"height\":224,\"caption\":\"FBK\"},\"image\":{\"@id\":\"https:\\\/\\\/www.fbk.eu\\\/en\\\/#\\\/schema\\\/logo\\\/image\\\/\"}}]}<\/script>\n<!-- \/ Yoast SEO plugin. -->","yoast_head_json":{"title":"INFORMATIVA SULLA PRIVACY E POLICY SULL\u2019USO DEI COOKIE - FBK","robots":{"index":"index","follow":"follow","max-snippet":"max-snippet:-1","max-image-preview":"max-image-preview:large","max-video-preview":"max-video-preview:-1"},"canonical":"https:\/\/www.fbk.eu\/it\/privacy-cookie\/","og_locale":"it_IT","og_type":"article","og_url":"https:\/\/www.fbk.eu\/it\/privacy-cookie\/","og_site_name":"FBK","article_modified_time":"2025-05-15T12:42:19+00:00","twitter_card":"summary_large_image","twitter_image":"https:\/\/www.fbk.eu\/wp-content\/themes\/fbk-foundation\/images\/opengraph-default.png","twitter_misc":{"Tempo di lettura stimato":"8 minuti"},"schema":{"@context":"https:\/\/schema.org","@graph":[{"@type":"WebPage","@id":"https:\/\/www.fbk.eu\/it\/privacy-cookie\/","url":"https:\/\/www.fbk.eu\/it\/privacy-cookie\/","name":"INFORMATIVA SULLA PRIVACY E POLICY SULL\u2019USO DEI COOKIE - FBK","isPartOf":{"@id":"https:\/\/www.fbk.eu\/en\/#website"},"datePublished":"2017-02-15T23:00:25+00:00","dateModified":"2025-05-15T12:42:19+00:00","breadcrumb":{"@id":"https:\/\/www.fbk.eu\/it\/privacy-cookie\/#breadcrumb"},"inLanguage":"it-IT","potentialAction":[{"@type":"ReadAction","target":["https:\/\/www.fbk.eu\/it\/privacy-cookie\/"]}]},{"@type":"BreadcrumbList","@id":"https:\/\/www.fbk.eu\/it\/privacy-cookie\/#breadcrumb","itemListElement":[{"@type":"ListItem","position":1,"name":"Home","item":"https:\/\/www.fbk.eu\/it\/"},{"@type":"ListItem","position":2,"name":"INFORMATIVA SULLA PRIVACY E POLICY SULL\u2019USO DEI COOKIE"}]},{"@type":"WebSite","@id":"https:\/\/www.fbk.eu\/en\/#website","url":"https:\/\/www.fbk.eu\/en\/","name":"FBK","description":"Fondazione Bruno Kessler","publisher":{"@id":"https:\/\/www.fbk.eu\/en\/#organization"},"potentialAction":[{"@type":"SearchAction","target":{"@type":"EntryPoint","urlTemplate":"https:\/\/www.fbk.eu\/en\/?s={search_term_string}"},"query-input":{"@type":"PropertyValueSpecification","valueRequired":true,"valueName":"search_term_string"}}],"inLanguage":"it-IT"},{"@type":"Organization","@id":"https:\/\/www.fbk.eu\/en\/#organization","name":"FBK","url":"https:\/\/www.fbk.eu\/en\/","logo":{"@type":"ImageObject","inLanguage":"it-IT","@id":"https:\/\/www.fbk.eu\/en\/#\/schema\/logo\/image\/","url":"https:\/\/www.fbk.eu\/wp-content\/uploads\/2022\/02\/FBK_For-A-Human-Centered-AI.png","contentUrl":"https:\/\/www.fbk.eu\/wp-content\/uploads\/2022\/02\/FBK_For-A-Human-Centered-AI.png","width":549,"height":224,"caption":"FBK"},"image":{"@id":"https:\/\/www.fbk.eu\/en\/#\/schema\/logo\/image\/"}}]}},"meta_box":{"_banners":[],"_boxes":[],"_center_url":"","_center_numbers":[],"_center_vision":"","_center_mission":"","_center_director":[],"_center_magazine_url":"","_hubs":[],"_people":[],"_facts":[],"_humanities_and_social_sciences":[],"_companies":[],"_others":[],"_universities":[],"_science_and_technology":[],"_sidebar":""},"_links":{"self":[{"href":"https:\/\/www.fbk.eu\/it\/wp-json\/wp\/v2\/pages\/2368","targetHints":{"allow":["GET"]}}],"collection":[{"href":"https:\/\/www.fbk.eu\/it\/wp-json\/wp\/v2\/pages"}],"about":[{"href":"https:\/\/www.fbk.eu\/it\/wp-json\/wp\/v2\/types\/page"}],"author":[{"embeddable":true,"href":"https:\/\/www.fbk.eu\/it\/wp-json\/wp\/v2\/users\/3"}],"replies":[{"embeddable":true,"href":"https:\/\/www.fbk.eu\/it\/wp-json\/wp\/v2\/comments?post=2368"}],"version-history":[{"count":0,"href":"https:\/\/www.fbk.eu\/it\/wp-json\/wp\/v2\/pages\/2368\/revisions"}],"wp:attachment":[{"href":"https:\/\/www.fbk.eu\/it\/wp-json\/wp\/v2\/media?parent=2368"}],"curies":[{"name":"wp","href":"https:\/\/api.w.org\/{rel}","templated":true}]}}