{"id":20865,"date":"2022-01-20T11:09:08","date_gmt":"2022-01-20T10:09:08","guid":{"rendered":"https:\/\/www.fbk.eu\/?page_id=20865"},"modified":"2024-05-13T16:04:28","modified_gmt":"2024-05-13T14:04:28","slug":"societa-cultura-e-innovazione","status":"publish","type":"page","link":"https:\/\/www.fbk.eu\/it\/iniziative\/societa-cultura-e-innovazione\/","title":{"rendered":"Societ\u00e0, Cultura e Innovazione"},"content":{"rendered":"<p>Partendo da un modello sempre pi\u00f9 consolidato di integrazione tra scienze umanistiche e sociali e ricerca scientifico-tecnologica, FBK \u00e8 in grado di orientare l\u2019applicazione dell\u2019Intelligenza Artificiale verso <strong>l\u2019innovazione scientifico-tecnologica<\/strong> in sinergia con <strong>l\u2019innovazione sociale e culturale<\/strong>: indagando sotto il profilo storico <strong>questioni cruciali per il mondo contemporaneo<\/strong>; interpretando la relazione tra<strong> religione e innovazione<\/strong> per contribuire al suo miglioramento nella societ\u00e0 contemporanea; analizzando gli effetti delle misure assunte dalla <strong>Pubblica Amministrazione<\/strong> allo scopo di cambiare condizioni di vita e comportamenti di organizzazioni o persone in vari ambiti della societ\u00e0.<\/p>\n<hr \/>\n<h2><span style=\"color: #0567ae;\">Punti di forza<\/span><\/h2>\n<p>Principali punti di forza del contributo delle scienze umanistiche e sociali in FBK sono:<\/p>\n<ul>\n<li>un <strong>approccio olistico<\/strong> ai saperi;<\/li>\n<li>una <strong>ricerca-azione interdisciplinare<\/strong> centrata sull&#8217;innovazione;<\/li>\n<li>un forte radicamento sul <strong>territorio<\/strong> e nel contempo un <strong>solido network nazionale e internazionale<\/strong>, maturati in quasi cinquant&#8217;anni di attivit\u00e0;<\/li>\n<li>la messa a disposizione della comunit\u00e0 di servizi e <strong>strumenti fondati su una nuova generazione di AI<\/strong>, che non si sostituisce alle persone sul lavoro e nella vita, ma collabora con esse per il loro benessere;<\/li>\n<li>un forte <strong>investimento sul capitale umano FBK<\/strong> e sulla crescita continua.<\/li>\n<\/ul>\n<hr \/>\n<h2><span style=\"color: #0567ae;\">Progetti in evidenza<\/span><\/h2>\n<ul>\n<li><strong><a href=\"https:\/\/alcidedigitale.fbk.eu\/\">ALCIDE<\/a> <\/strong>&#8211; Analysis of Language and Content in a Digital Environment: progetto transdisciplinare realizzato con l\u2019obiettivo di sviluppare una tecnologia su piattaforma web per l\u2019analisi del discorso politico sul corpus di documenti rappresentato dagli scritti e discorsi politici di Alcide De Gasperi, per renderli liberamente consultabili in formato elettronico.<\/li>\n<li><a href=\"https:\/\/www.youtube.com\/watch?v=totD3od_kPA&amp;t=11s\"><strong>DICO-DI-NO<\/strong><\/a> &#8211; DIscorsi d&#8217;oDIo e culture giovaNili Online: progetto-azione rivolto agli studenti delle scuole superiori con l\u2019obiettivo di promuovere una riflessione sugli stereotipi, i pregiudizi, le discriminazioni e la violenza verbale nei confronti delle minoranze religiose, con particolare attenzione all\u2019analisi di hate speech diffusi attraverso il web, i social networks e i media in generale.<\/li>\n<li><a href=\"https:\/\/www.smaile.it\/\"><strong>SMAILE<\/strong> <\/a>&#8211; Simple Methods for Artificial Intelligence Learning and Education: il progetto, rivolto a giovani adulti e bambini, mira a promuovere un uso efficace degli strumenti messi a disposizione dall&#8217;Intelligenza Artificiale per favorire una conoscenza profonda e consapevole dei suoi principi, codici, caratteristiche e applicazioni.<\/li>\n<li><strong>ASTRA<\/strong> &#8211; Archivio della storiografia trentina: il progetto intende valorizzare i contenuti delle maggiori riviste storiche trentine, attraverso la costruzione di un archivio digitale della storiografia trentina, liberamente consultabile da parte di un pubblico non solo specialistico e anche al di fuori del circuito locale.<\/li>\n<li><a href=\"https:\/\/magazine.fbk.eu\/it\/news\/valorizzare-il-patrimonio-storico-paesaggistico-e-arricchire-lofferta-per-il-turismo-culturale\/\"><strong>JUDIT<\/strong><\/a> &#8211; Judicaria digitale e interattiva &#8211; progetto interdisciplinare che coinvolge vari attori del territorio Trentino nella progettazione e realizzazione di contenuti digitali e tridimensionali &#8211; fruibili attraverso un portale web, QR code ed applicativi di realt\u00e0 aumentata per smartphone e tablet &#8211; relativi ad alcuni siti culturali nell&#8217;area delle Giudicarie e dell&#8217;Alto Garda.<\/li>\n<li><a href=\"https:\/\/hatemeter.eu\/\"><strong>HATEMETER<\/strong> <\/a>&#8211; il progetto mira a sistematizzare, aumentare e condividere le conoscenze sull&#8217;odio anti-musulmano online e ad aumentare l&#8217;efficienza e l&#8217;efficacia delle ONG nella prevenzione e nella lotta all&#8217;islamofobia nell&#8217;UE. Il progetto ha sviluppato uno strumento ICT (ovvero la piattaforma Hatemeter) che monitora e analizza automaticamente i dati di Internet e dei social media sul fenomeno e produce risposte e suggerimenti assistiti dal computer per supportare contro-narrazioni e campagne di sensibilizzazione. La piattaforma Hatemeter \u00e8 stata testata con tre ONG degli Stati membri dell&#8217;UE in cui l&#8217;entit\u00e0 del problema \u00e8 considerevole: Francia, Italia e Regno Unito.<\/li>\n<li><a href=\"https:\/\/www.kidactions.eu\/\"><strong>KID ACTIONS<\/strong><\/a> &#8211; il progetto\u00a0 mira ad affrontare il cyberbullismo tra bambini e adolescenti attraverso l&#8217;educazione interattiva all&#8217;interno di contesti di apprendimento formali e non formali in tutta l&#8217;UE. Il progetto intende sostenere insegnanti, educatori e operatori giovanili nel migliorare l&#8217;efficacia e l&#8217;efficienza dell&#8217;istruzione sui rischi e gli effetti del <em>cyberbullismo<\/em>; a sensibilizzare gli studenti delle scuole secondarie e nei centri giovanili e a incoraggiare le vittime e gli astanti a denunciare.<\/li>\n<\/ul>\n","protected":false},"excerpt":{"rendered":"<p>Partendo da un modello sempre pi\u00f9 consolidato di integrazione tra scienze umanistiche e sociali e ricerca scientifico-tecnologica, FBK \u00e8 in grado di orientare l\u2019applicazione dell\u2019Intelligenza Artificiale verso l\u2019innovazione scientifico-tecnologica in sinergia con l\u2019innovazione sociale e culturale: indagando sotto il profilo storico questioni cruciali per il mondo contemporaneo; interpretando la relazione tra religione e innovazione per [&hellip;]<\/p>\n","protected":false},"author":4,"featured_media":20879,"parent":1643,"menu_order":0,"comment_status":"closed","ping_status":"closed","template":"page-templates\/foundation-boxes.php","meta":{"footnotes":""},"class_list":["post-20865","page","type-page","status-publish","has-post-thumbnail","hentry"],"yoast_head":"<!-- This site is optimized with the Yoast SEO plugin v27.3 - https:\/\/yoast.com\/product\/yoast-seo-wordpress\/ -->\n<title>Societ\u00e0, Cultura e Innovazione - FBK<\/title>\n<meta name=\"robots\" content=\"index, follow, max-snippet:-1, max-image-preview:large, max-video-preview:-1\" \/>\n<link rel=\"canonical\" href=\"https:\/\/www.fbk.eu\/it\/iniziative\/societa-cultura-e-innovazione\/\" \/>\n<meta property=\"og:locale\" content=\"it_IT\" \/>\n<meta property=\"og:type\" content=\"article\" \/>\n<meta property=\"og:url\" content=\"https:\/\/www.fbk.eu\/it\/iniziative\/societa-cultura-e-innovazione\/\" \/>\n<meta property=\"og:site_name\" content=\"FBK\" \/>\n<meta property=\"article:modified_time\" content=\"2024-05-13T14:04:28+00:00\" \/>\n<meta property=\"og:image\" content=\"https:\/\/www.fbk.eu\/wp-content\/uploads\/2022\/01\/AdobeStock_472384204.jpeg\" \/>\n\t<meta property=\"og:image:width\" content=\"1024\" \/>\n\t<meta property=\"og:image:height\" content=\"482\" \/>\n\t<meta property=\"og:image:type\" content=\"image\/jpeg\" \/>\n<meta name=\"twitter:card\" content=\"summary_large_image\" \/>\n<meta name=\"twitter:image\" content=\"https:\/\/www.fbk.eu\/wp-content\/themes\/fbk-foundation\/images\/opengraph-default.png\" \/>\n<meta name=\"twitter:label1\" content=\"Tempo di lettura stimato\" \/>\n\t<meta name=\"twitter:data1\" content=\"3 minuti\" \/>\n<script type=\"application\/ld+json\" class=\"yoast-schema-graph\">{\"@context\":\"https:\\\/\\\/schema.org\",\"@graph\":[{\"@type\":\"WebPage\",\"@id\":\"https:\\\/\\\/www.fbk.eu\\\/it\\\/iniziative\\\/societa-cultura-e-innovazione\\\/\",\"url\":\"https:\\\/\\\/www.fbk.eu\\\/it\\\/iniziative\\\/societa-cultura-e-innovazione\\\/\",\"name\":\"Societ\u00e0, Cultura e Innovazione - FBK\",\"isPartOf\":{\"@id\":\"https:\\\/\\\/www.fbk.eu\\\/en\\\/#website\"},\"primaryImageOfPage\":{\"@id\":\"https:\\\/\\\/www.fbk.eu\\\/it\\\/iniziative\\\/societa-cultura-e-innovazione\\\/#primaryimage\"},\"image\":{\"@id\":\"https:\\\/\\\/www.fbk.eu\\\/it\\\/iniziative\\\/societa-cultura-e-innovazione\\\/#primaryimage\"},\"thumbnailUrl\":\"https:\\\/\\\/www.fbk.eu\\\/wp-content\\\/uploads\\\/2022\\\/01\\\/AdobeStock_472384204.jpeg\",\"datePublished\":\"2022-01-20T10:09:08+00:00\",\"dateModified\":\"2024-05-13T14:04:28+00:00\",\"breadcrumb\":{\"@id\":\"https:\\\/\\\/www.fbk.eu\\\/it\\\/iniziative\\\/societa-cultura-e-innovazione\\\/#breadcrumb\"},\"inLanguage\":\"it-IT\",\"potentialAction\":[{\"@type\":\"ReadAction\",\"target\":[\"https:\\\/\\\/www.fbk.eu\\\/it\\\/iniziative\\\/societa-cultura-e-innovazione\\\/\"]}]},{\"@type\":\"ImageObject\",\"inLanguage\":\"it-IT\",\"@id\":\"https:\\\/\\\/www.fbk.eu\\\/it\\\/iniziative\\\/societa-cultura-e-innovazione\\\/#primaryimage\",\"url\":\"https:\\\/\\\/www.fbk.eu\\\/wp-content\\\/uploads\\\/2022\\\/01\\\/AdobeStock_472384204.jpeg\",\"contentUrl\":\"https:\\\/\\\/www.fbk.eu\\\/wp-content\\\/uploads\\\/2022\\\/01\\\/AdobeStock_472384204.jpeg\",\"width\":12000,\"height\":5647,\"caption\":\"AdobeStock_472384204_Collage of large group of smiling people composite portrait image gathered together reaching out each other 4g 5g connection contacting multiracial society\"},{\"@type\":\"BreadcrumbList\",\"@id\":\"https:\\\/\\\/www.fbk.eu\\\/it\\\/iniziative\\\/societa-cultura-e-innovazione\\\/#breadcrumb\",\"itemListElement\":[{\"@type\":\"ListItem\",\"position\":1,\"name\":\"Home\",\"item\":\"https:\\\/\\\/www.fbk.eu\\\/it\\\/\"},{\"@type\":\"ListItem\",\"position\":2,\"name\":\"Iniziative\",\"item\":\"https:\\\/\\\/www.fbk.eu\\\/it\\\/iniziative\\\/\"},{\"@type\":\"ListItem\",\"position\":3,\"name\":\"Societ\u00e0, Cultura e Innovazione\"}]},{\"@type\":\"WebSite\",\"@id\":\"https:\\\/\\\/www.fbk.eu\\\/en\\\/#website\",\"url\":\"https:\\\/\\\/www.fbk.eu\\\/en\\\/\",\"name\":\"FBK\",\"description\":\"Fondazione Bruno Kessler\",\"publisher\":{\"@id\":\"https:\\\/\\\/www.fbk.eu\\\/en\\\/#organization\"},\"potentialAction\":[{\"@type\":\"SearchAction\",\"target\":{\"@type\":\"EntryPoint\",\"urlTemplate\":\"https:\\\/\\\/www.fbk.eu\\\/en\\\/?s={search_term_string}\"},\"query-input\":{\"@type\":\"PropertyValueSpecification\",\"valueRequired\":true,\"valueName\":\"search_term_string\"}}],\"inLanguage\":\"it-IT\"},{\"@type\":\"Organization\",\"@id\":\"https:\\\/\\\/www.fbk.eu\\\/en\\\/#organization\",\"name\":\"FBK\",\"url\":\"https:\\\/\\\/www.fbk.eu\\\/en\\\/\",\"logo\":{\"@type\":\"ImageObject\",\"inLanguage\":\"it-IT\",\"@id\":\"https:\\\/\\\/www.fbk.eu\\\/en\\\/#\\\/schema\\\/logo\\\/image\\\/\",\"url\":\"https:\\\/\\\/www.fbk.eu\\\/wp-content\\\/uploads\\\/2022\\\/02\\\/FBK_For-A-Human-Centered-AI.png\",\"contentUrl\":\"https:\\\/\\\/www.fbk.eu\\\/wp-content\\\/uploads\\\/2022\\\/02\\\/FBK_For-A-Human-Centered-AI.png\",\"width\":549,\"height\":224,\"caption\":\"FBK\"},\"image\":{\"@id\":\"https:\\\/\\\/www.fbk.eu\\\/en\\\/#\\\/schema\\\/logo\\\/image\\\/\"}}]}<\/script>\n<!-- \/ Yoast SEO plugin. -->","yoast_head_json":{"title":"Societ\u00e0, Cultura e Innovazione - FBK","robots":{"index":"index","follow":"follow","max-snippet":"max-snippet:-1","max-image-preview":"max-image-preview:large","max-video-preview":"max-video-preview:-1"},"canonical":"https:\/\/www.fbk.eu\/it\/iniziative\/societa-cultura-e-innovazione\/","og_locale":"it_IT","og_type":"article","og_url":"https:\/\/www.fbk.eu\/it\/iniziative\/societa-cultura-e-innovazione\/","og_site_name":"FBK","article_modified_time":"2024-05-13T14:04:28+00:00","og_image":[{"url":"https:\/\/www.fbk.eu\/wp-content\/uploads\/2022\/01\/AdobeStock_472384204.jpeg","width":1024,"height":482,"type":"image\/jpeg"}],"twitter_card":"summary_large_image","twitter_image":"https:\/\/www.fbk.eu\/wp-content\/themes\/fbk-foundation\/images\/opengraph-default.png","twitter_misc":{"Tempo di lettura stimato":"3 minuti"},"schema":{"@context":"https:\/\/schema.org","@graph":[{"@type":"WebPage","@id":"https:\/\/www.fbk.eu\/it\/iniziative\/societa-cultura-e-innovazione\/","url":"https:\/\/www.fbk.eu\/it\/iniziative\/societa-cultura-e-innovazione\/","name":"Societ\u00e0, Cultura e Innovazione - FBK","isPartOf":{"@id":"https:\/\/www.fbk.eu\/en\/#website"},"primaryImageOfPage":{"@id":"https:\/\/www.fbk.eu\/it\/iniziative\/societa-cultura-e-innovazione\/#primaryimage"},"image":{"@id":"https:\/\/www.fbk.eu\/it\/iniziative\/societa-cultura-e-innovazione\/#primaryimage"},"thumbnailUrl":"https:\/\/www.fbk.eu\/wp-content\/uploads\/2022\/01\/AdobeStock_472384204.jpeg","datePublished":"2022-01-20T10:09:08+00:00","dateModified":"2024-05-13T14:04:28+00:00","breadcrumb":{"@id":"https:\/\/www.fbk.eu\/it\/iniziative\/societa-cultura-e-innovazione\/#breadcrumb"},"inLanguage":"it-IT","potentialAction":[{"@type":"ReadAction","target":["https:\/\/www.fbk.eu\/it\/iniziative\/societa-cultura-e-innovazione\/"]}]},{"@type":"ImageObject","inLanguage":"it-IT","@id":"https:\/\/www.fbk.eu\/it\/iniziative\/societa-cultura-e-innovazione\/#primaryimage","url":"https:\/\/www.fbk.eu\/wp-content\/uploads\/2022\/01\/AdobeStock_472384204.jpeg","contentUrl":"https:\/\/www.fbk.eu\/wp-content\/uploads\/2022\/01\/AdobeStock_472384204.jpeg","width":12000,"height":5647,"caption":"AdobeStock_472384204_Collage of large group of smiling people composite portrait image gathered together reaching out each other 4g 5g connection contacting multiracial society"},{"@type":"BreadcrumbList","@id":"https:\/\/www.fbk.eu\/it\/iniziative\/societa-cultura-e-innovazione\/#breadcrumb","itemListElement":[{"@type":"ListItem","position":1,"name":"Home","item":"https:\/\/www.fbk.eu\/it\/"},{"@type":"ListItem","position":2,"name":"Iniziative","item":"https:\/\/www.fbk.eu\/it\/iniziative\/"},{"@type":"ListItem","position":3,"name":"Societ\u00e0, Cultura e Innovazione"}]},{"@type":"WebSite","@id":"https:\/\/www.fbk.eu\/en\/#website","url":"https:\/\/www.fbk.eu\/en\/","name":"FBK","description":"Fondazione Bruno Kessler","publisher":{"@id":"https:\/\/www.fbk.eu\/en\/#organization"},"potentialAction":[{"@type":"SearchAction","target":{"@type":"EntryPoint","urlTemplate":"https:\/\/www.fbk.eu\/en\/?s={search_term_string}"},"query-input":{"@type":"PropertyValueSpecification","valueRequired":true,"valueName":"search_term_string"}}],"inLanguage":"it-IT"},{"@type":"Organization","@id":"https:\/\/www.fbk.eu\/en\/#organization","name":"FBK","url":"https:\/\/www.fbk.eu\/en\/","logo":{"@type":"ImageObject","inLanguage":"it-IT","@id":"https:\/\/www.fbk.eu\/en\/#\/schema\/logo\/image\/","url":"https:\/\/www.fbk.eu\/wp-content\/uploads\/2022\/02\/FBK_For-A-Human-Centered-AI.png","contentUrl":"https:\/\/www.fbk.eu\/wp-content\/uploads\/2022\/02\/FBK_For-A-Human-Centered-AI.png","width":549,"height":224,"caption":"FBK"},"image":{"@id":"https:\/\/www.fbk.eu\/en\/#\/schema\/logo\/image\/"}}]}},"meta_box":{"_banners":[],"_boxes":[{"attachment":["20714"],"title":"Contatti","subtitle":"Marco Pistore","url":"https:\/\/magazine.fbk.eu\/it\/spotlight\/marco-pistore\/"}],"_center_url":"","_center_numbers":[],"_center_vision":"","_center_mission":"","_center_director":[],"_center_magazine_url":"","_hubs":[],"_people":[],"_facts":[],"_humanities_and_social_sciences":[],"_companies":[],"_others":[],"_universities":[],"_science_and_technology":[],"_sidebar":""},"_links":{"self":[{"href":"https:\/\/www.fbk.eu\/it\/wp-json\/wp\/v2\/pages\/20865","targetHints":{"allow":["GET"]}}],"collection":[{"href":"https:\/\/www.fbk.eu\/it\/wp-json\/wp\/v2\/pages"}],"about":[{"href":"https:\/\/www.fbk.eu\/it\/wp-json\/wp\/v2\/types\/page"}],"author":[{"embeddable":true,"href":"https:\/\/www.fbk.eu\/it\/wp-json\/wp\/v2\/users\/4"}],"replies":[{"embeddable":true,"href":"https:\/\/www.fbk.eu\/it\/wp-json\/wp\/v2\/comments?post=20865"}],"version-history":[{"count":0,"href":"https:\/\/www.fbk.eu\/it\/wp-json\/wp\/v2\/pages\/20865\/revisions"}],"up":[{"embeddable":true,"href":"https:\/\/www.fbk.eu\/it\/wp-json\/wp\/v2\/pages\/1643"}],"wp:featuredmedia":[{"embeddable":true,"href":"https:\/\/www.fbk.eu\/it\/wp-json\/wp\/v2\/media\/20879"}],"wp:attachment":[{"href":"https:\/\/www.fbk.eu\/it\/wp-json\/wp\/v2\/media?parent=20865"}],"curies":[{"name":"wp","href":"https:\/\/api.w.org\/{rel}","templated":true}]}}