{"id":20709,"date":"2021-12-16T10:20:58","date_gmt":"2021-12-16T09:20:58","guid":{"rendered":"https:\/\/www.fbk.eu\/iniziative\/transizione-digitale\/"},"modified":"2023-02-20T12:07:14","modified_gmt":"2023-02-20T11:07:14","slug":"trasformazione-digitale","status":"publish","type":"page","link":"https:\/\/www.fbk.eu\/it\/iniziative\/trasformazione-digitale\/","title":{"rendered":"Trasformazione Digitale"},"content":{"rendered":"\t\t<div data-elementor-type=\"wp-page\" data-elementor-id=\"20709\" class=\"elementor elementor-20709 elementor-20697\" data-elementor-post-type=\"page\">\n\t\t\t\t\t\t<section class=\"elementor-section elementor-top-section elementor-element elementor-element-1bbfb483 elementor-section-boxed elementor-section-height-default elementor-section-height-default\" data-id=\"1bbfb483\" data-element_type=\"section\" data-e-type=\"section\">\n\t\t\t\t\t\t<div class=\"elementor-container elementor-column-gap-default\">\n\t\t\t\t\t<div class=\"elementor-column elementor-col-100 elementor-top-column elementor-element elementor-element-497fdfab\" data-id=\"497fdfab\" data-element_type=\"column\" data-e-type=\"column\">\n\t\t\t<div class=\"elementor-widget-wrap elementor-element-populated\">\n\t\t\t\t\t\t<div class=\"elementor-element elementor-element-6a8a9891 elementor-widget elementor-widget-text-editor\" data-id=\"6a8a9891\" data-element_type=\"widget\" data-e-type=\"widget\" data-widget_type=\"text-editor.default\">\n\t\t\t\t<div class=\"elementor-widget-container\">\n\t\t\t\t\t\t\t\t\t<p>Con Trasformazione Digitale intendiamo l&#8217;insieme dei <strong>cambiamenti tecnologici, organizzativi e comportamentali<\/strong> associati all&#8217;<strong>adozione delle tecnologie digitali<\/strong> in particolare nell&#8217;ambito dell&#8217;industria e della pubblica amministrazione (PA).<\/p><p>Questa trasformazione ha un&#8217;importanza fondamentale per la competitivit\u00e0 e la sostenibilit\u00e0 dell\u2019intera societ\u00e0, in particolare nel bilanciare la tensione verso efficienza e crescita con il bisogno di trasparenza e inclusivit\u00e0 e nel fatto di affrontare numerose sfide legate alla conoscenza, alla consapevolezza e all&#8217;uso etico delle tecnologie digitali.<\/p><hr \/><h2><span style=\"color: #0567ae;\">Punti di Forza<\/span><\/h2><p>In FBK, lo sviluppo delle tecnologie digitali (in particolare quelle innovative\/dirompenti come <strong>Intelligenza Artificiale, Internet-of-Things, Blockchain, 5G<\/strong>) si combina con la capacit\u00e0 di <strong>affiancare PA e aziende<\/strong> nell&#8217;adozione di tali tecnologie, descrivendo e valorizzando gli aspetti trasformativi che contengono.<\/p><p>Questo avviene nel contesto di ampi programmi di cooperazione e in laboratori di co-innovazione che hanno l&#8217;obiettivo di co-progettare e co-sviluppare la trasformazione digitale con aziende e PA e di far maturare le competenze non solo tecnologiche necessarie a gestire questo cambiamento.<\/p><hr \/><h2><span style=\"color: #0567ae;\">Tecnologie e campi applicativi<\/span><\/h2><ul><li><strong>Digital Hub<\/strong><br \/>Piattaforma tecnologica open source, basata su tecnologie Cloud, che fornisce strumenti e approccio metodologico per i processi di trasformazione digitale. Grazie a una combinazione di tecnologie consolidate e di risultati della ricerca, supporta scenari di integrazione ed elaborazione dei dati, la loro interoperabilit\u00e0 e governance, nonch\u00e9 scenari di analisi avanzata attraverso filiere di AI.<\/li><li><strong>Cartella delle Competenze<\/strong><br \/>Realizzata per rispondere all\u2019aumentata attenzione al tema delle competenze e delle abilit\u00e0 in ambito scolastico e lavorativo, \u00e8 un ecosistema di servizi e dati personalizzato, dinamico e trasparente. La piattaforma permette di mappare le competenze tecniche e trasversali acquisite dall&#8217;individuo in contesti formali e non. Allo stesso tempo, pu\u00f2 supportare la persona nella scelta di corsi di formazione in ottica di upskilling o suggerire delle professioni &#8220;vicine&#8221; alle competenze possedute, tutto questo grazie all&#8217;analisi del divario tra domande e offerte di competenze.<\/li><li><strong>Formazione Digitale Innovativa<\/strong><br \/>A partire dalle competenze sulla didattica digitale innovativa, in particolare sulle pratiche di playful education e di collaborative learning, FBK realizza strumenti digitali per la formazione. Queste piattaforme, innovative dal punto di vista tecnologico, funzionale e metodologico, sono capaci di rispondere ai bisogni di personalizzazione e accrescimento delle competenze di utenti e organizzazioni.<\/li><li><strong>Data Governance<\/strong><br \/>Le tecnologie digitali sono entrate nella vita quotidiana di tutti noi influenzando ogni settore di attivit\u00e0, con importanti ricadute sociali ed economiche. I dati sono un elemento focale di questa trasformazione. Il riuso dei dati genera innovazioni che portano importanti benefici alla societ\u00e0 in tutti i settori. Maggiore \u00e8 la loro disponibilit\u00e0 e maggiori sono le opportunit\u00e0 per le innovazioni guidate dai dati. Ogni sorgente dati si presenta con regole da rispettare (si pensi al GDPR europeo). FBK \u00e8 in grado di fornire definizioni e tecnologie di supporto per generare governance robuste e allo stesso tempo agili, attraverso cui creare spazi di dati che generano valore sociale ed economico.<\/li><li><strong>Data Science<\/strong><br \/>Le tecnologie di FBK basate sull&#8217;analisi di grandi quantit\u00e0 di dati comportamentali permettono di sviluppare modelli e predizioni delle condizioni socio-economiche e delle fragilit\u00e0 economiche di un territorio e di una comunit\u00e0 e di supportarne la trasformazione digitale. In particolare, le tecnologie sviluppate integrano una molteplicit\u00e0 di sorgenti informative che comprendono le informazioni condivise sui social media, i dati del comportamento di spesa raccolti attraverso l&#8217;uso delle carte di credito e i dati raccolti grazie all&#8217;uso di telefoni cellulari. Questa grande ricchezza e diversit\u00e0 di informazioni permette di profilare al meglio il comportamento di singoli individui, gruppi e comunit\u00e0, nel rispetto della legge.<\/li><li><strong>Analisi \/ Semplificazione testo<\/strong><br \/>La piattaforma di analisi del testo e semplificazione fornisce un supporto alla redazione di documenti, segnalando i passaggi testuali di difficile lettura e proponendo soluzioni pi\u00f9 semplici. Il sistema fornisce un&#8217;analisi secondo diversi indicatori di complessit\u00e0 sia a livello terminologico che sintattico.<\/li><\/ul><hr \/><h2><span style=\"color: #0567ae;\">Progetti in evidenza<\/span><\/h2><p><strong>Progetti in ambito del Pnrr<\/strong><\/p><ul><li><a href=\"https:\/\/irvapp.fbk.eu\/it\/\" target=\"_blank\" rel=\"noopener\"><strong>Ecosistema MUSA<\/strong><\/a>: La linea prioritaria dell\u2019ecosistema MUSA\u00a0rientra nell\u2019ambito dell\u2019area\u00a0<strong>\u201cClima, Energia, Mobilit\u00e0 sostenibile\u201d<\/strong> del Piano Nazionale della Ricerca (PNR).<br \/><strong>FBK<\/strong>\u00a0partecipa in qualit\u00e0 di affiliato allo\u00a0<strong>Spoke 4 dedicato alla sostenibilit\u00e0 finanziaria<\/strong>\u00a0e\u00a0<strong>all\u2019impatto economico di ecosistemi di innovazione<\/strong>, nell\u2019area tematica della valutazione dell\u2019impatto delle politiche pubbliche.<\/li><\/ul><ul><li><strong>RIPRESA TRENTINO<\/strong><br \/>Col programma Ripresa Trentino, FBK sviluppa una collaborazione strategica con la Provincia Autonoma di Trento per promuovere l&#8217;adozione delle tecnologie digitali per affrontare le nuove fragilit\u00e0 del Trentino dovute all&#8217;emergenza COVID-19. Spesso queste ultime sono multilivello e multi-dominio (sanitario, sociale, economico) e richiedono strategie integrate \/ complessive. Nel medio-breve periodo, il programma vuole supportare la ripresa del Trentino, in un contesto in cui il ritardo nella digitalizzazione pu\u00f2 avere importanti costi sociali ed economici. Nel medio-lungo periodo, l&#8217;obiettivo \u00e8 costruire una visione nuova dell\u2019innovazione digitale quale strumento per favorire lo sviluppo di un Trentino pi\u00f9 sostenibile e resiliente.<\/li><li><strong>SIMPATICO<\/strong><br \/>Il progetto <a href=\"https:\/\/simpatico-project.com\/\">SIMPATICO<\/a> &#8211; SIMplifying the interaction with Public Administration Through Information technology for Citizens and cOmpanies &#8211; ha implementato un nuovo approccio per la fornitura di servizi pubblici online personalizzati. Tali servizi, sfruttando tecnologie di Intelligenza Artificiale per l&#8217;elaborazione del linguaggio e l&#8217;apprendimento automatico, rendono le interazioni con la PA pi\u00f9 facili, efficienti ed efficaci. SIMPATICO inoltre combina queste tecnologie con la conoscenza top-down della PA e i contributi provenienti dalla comunit\u00e0, spaziando dalle competenze qualificate di dipendenti pubblici e professionisti a risposte a problematiche e dubbi sollevati da cittadini e aziende che trovano i servizi online di difficile fruizione. Il progetto \u00e8 tuttora in uso nel portale del servizio al cittadino del comune di Trento.<\/li><li><strong>INTERLINK<\/strong><br \/><a href=\"https:\/\/interlink-project.eu\/\">INTERLINK<\/a> \u2013 Innovating goverNment and ciTizen co-dEliveRy for the digitaL sINgle marKet &#8211; mira a superare le barriere che impediscono alle amministrazioni di riutilizzare e condividere servizi con partner privati (inclusi i cittadini) sviluppando un nuovo modello di governance collaborativa che unisce l&#8217;entusiasmo e la flessibilit\u00e0 delle iniziative grassroot con la legittimit\u00e0 garantita dai tradizionali sistemi di e-government della PA.<br \/>Per consentire ci\u00f2, INTERLINK fornir\u00e0 una serie di elementi costitutivi digitali, denominati &#8220;Interlinker&#8221;, che implementano il modello di governance, definito e standardizzato assieme alle funzionalit\u00e0 di base necessarie per consentire agli attori privati (cittadini e imprese) di cooperare con la pubblica amministrazione nella fornitura di un servizio.<\/li><li><strong>FAMILIES SHARE<\/strong><br \/><a href=\"https:\/\/families-share.fbk.eu\/\">Families_Share<\/a> ha sperimentato un nuovo approccio all\u2019equilibrio tra lavoro e vita privata, in particolare sugli aspetti di gestione dei bambini in et\u00e0 prescolare. L\u2019approccio si basa sull\u2019idea che i genitori partecipino alle attivit\u00e0 organizzative ed educative invece che limitarsi a fruirne. Questo approccio partecipativo richiede un diverso atteggiamento verso i servizi pubblici o privati e pu\u00f2 essere facilitato da strumenti digitali. La sperimentazione \u00e8 stata fatta in 7 citt\u00e0 europee in contesti urbani e aziendali per enucleare le opportunit\u00e0 e le barriere. Il <a href=\"https:\/\/families-share.eu\/\">progetto<\/a> \u00e8 stato finanziato nell&#8217;ambito del programma Horizon 2020.<\/li><li><strong>STARDUST<\/strong><br \/>Il progetto <a href=\"https:\/\/stardustproject.eu\/\">STARDUST<\/a> affronta importanti sfide urbane in ambito energia e mobilit\u00e0 nelle &#8220;citt\u00e0 faro&#8221; di Pamplona, Tampere e Trento. Per farlo impiega soluzioni innovative, partecipate e replicabili, supportate dall&#8217;ICT. Gli obiettivi perseguiti sono la sostenibilit\u00e0 energetica degli edifici, la riduzione delle emissioni di CO2 da parte di veicoli pubblici e privati, la realizzazione di piattaforme ICT aperte per la valorizzazione di dati raccolti tramite reti di sensori, il coinvolgimento di cittadini e imprese nei percorsi di innovazione delle 3 citt\u00e0 europee.<\/li><li><strong>5G CARMEN<br \/><\/strong>Concentrandosi sul tratto Bologna-Monaco (600 km, oltre tre Paesi) l&#8217;obiettivo del progetto <a href=\"https:\/\/5gcarmen.eu\/\">5G-CARMEN<\/a> \u00e8 fare leva sui pi\u00f9 recenti progressi del 5G al fine di<br \/>fornire una piattaforma multi-tenant in grado di supportare il settore dell&#8217;automotive offrendo soluzioni di trasporto pi\u00f9 sicure, pi\u00f9 green e pi\u00f9 intelligenti<br \/>con l&#8217;obiettivo finale di abilitare la guida autonoma nelle auto.<\/li><\/ul><p>\u00a0<\/p>\t\t\t\t\t\t\t\t<\/div>\n\t\t\t\t<\/div>\n\t\t\t\t\t<\/div>\n\t\t<\/div>\n\t\t\t\t\t<\/div>\n\t\t<\/section>\n\t\t\t\t<\/div>\n\t\t","protected":false},"excerpt":{"rendered":"<p>Con Trasformazione Digitale intendiamo l&#8217;insieme dei cambiamenti tecnologici, organizzativi e comportamentali associati all&#8217;adozione delle tecnologie digitali in particolare nell&#8217;ambito dell&#8217;industria e della pubblica amministrazione (PA). Questa trasformazione ha un&#8217;importanza fondamentale per la competitivit\u00e0 e la sostenibilit\u00e0 dell\u2019intera societ\u00e0, in particolare nel bilanciare la tensione verso efficienza e crescita con il bisogno di trasparenza e inclusivit\u00e0 [&hellip;]<\/p>\n","protected":false},"author":4,"featured_media":20712,"parent":1643,"menu_order":0,"comment_status":"closed","ping_status":"closed","template":"page-templates\/foundation-boxes.php","meta":{"footnotes":""},"class_list":["post-20709","page","type-page","status-publish","has-post-thumbnail","hentry"],"yoast_head":"<!-- This site is optimized with the Yoast SEO plugin v27.5 - https:\/\/yoast.com\/product\/yoast-seo-wordpress\/ -->\n<title>Trasformazione Digitale - FBK<\/title>\n<meta name=\"robots\" content=\"index, follow, max-snippet:-1, max-image-preview:large, max-video-preview:-1\" \/>\n<link rel=\"canonical\" href=\"https:\/\/www.fbk.eu\/it\/iniziative\/trasformazione-digitale\/\" \/>\n<meta property=\"og:locale\" content=\"it_IT\" \/>\n<meta property=\"og:type\" content=\"article\" \/>\n<meta property=\"og:url\" content=\"https:\/\/www.fbk.eu\/it\/iniziative\/trasformazione-digitale\/\" \/>\n<meta property=\"og:site_name\" content=\"FBK\" \/>\n<meta property=\"article:modified_time\" content=\"2023-02-20T11:07:14+00:00\" \/>\n<meta property=\"og:image\" content=\"https:\/\/www.fbk.eu\/wp-content\/uploads\/2021\/12\/Trasformazione-digitale-ph.Stefania-Endrici-2008-1.jpg\" \/>\n\t<meta property=\"og:image:width\" content=\"1024\" \/>\n\t<meta property=\"og:image:height\" content=\"683\" \/>\n\t<meta property=\"og:image:type\" content=\"image\/jpeg\" \/>\n<meta name=\"twitter:card\" content=\"summary_large_image\" \/>\n<meta name=\"twitter:image\" content=\"https:\/\/www.fbk.eu\/wp-content\/themes\/fbk-foundation\/images\/opengraph-default.png\" \/>\n<meta name=\"twitter:label1\" content=\"Tempo di lettura stimato\" \/>\n\t<meta name=\"twitter:data1\" content=\"6 minuti\" \/>\n<script type=\"application\/ld+json\" class=\"yoast-schema-graph\">{\"@context\":\"https:\\\/\\\/schema.org\",\"@graph\":[{\"@type\":\"WebPage\",\"@id\":\"https:\\\/\\\/www.fbk.eu\\\/it\\\/iniziative\\\/trasformazione-digitale\\\/\",\"url\":\"https:\\\/\\\/www.fbk.eu\\\/it\\\/iniziative\\\/trasformazione-digitale\\\/\",\"name\":\"Trasformazione Digitale - FBK\",\"isPartOf\":{\"@id\":\"https:\\\/\\\/www.fbk.eu\\\/en\\\/#website\"},\"primaryImageOfPage\":{\"@id\":\"https:\\\/\\\/www.fbk.eu\\\/it\\\/iniziative\\\/trasformazione-digitale\\\/#primaryimage\"},\"image\":{\"@id\":\"https:\\\/\\\/www.fbk.eu\\\/it\\\/iniziative\\\/trasformazione-digitale\\\/#primaryimage\"},\"thumbnailUrl\":\"https:\\\/\\\/www.fbk.eu\\\/wp-content\\\/uploads\\\/2021\\\/12\\\/Trasformazione-digitale-ph.Stefania-Endrici-2008-1.jpg\",\"datePublished\":\"2021-12-16T09:20:58+00:00\",\"dateModified\":\"2023-02-20T11:07:14+00:00\",\"breadcrumb\":{\"@id\":\"https:\\\/\\\/www.fbk.eu\\\/it\\\/iniziative\\\/trasformazione-digitale\\\/#breadcrumb\"},\"inLanguage\":\"it-IT\",\"potentialAction\":[{\"@type\":\"ReadAction\",\"target\":[\"https:\\\/\\\/www.fbk.eu\\\/it\\\/iniziative\\\/trasformazione-digitale\\\/\"]}]},{\"@type\":\"ImageObject\",\"inLanguage\":\"it-IT\",\"@id\":\"https:\\\/\\\/www.fbk.eu\\\/it\\\/iniziative\\\/trasformazione-digitale\\\/#primaryimage\",\"url\":\"https:\\\/\\\/www.fbk.eu\\\/wp-content\\\/uploads\\\/2021\\\/12\\\/Trasformazione-digitale-ph.Stefania-Endrici-2008-1.jpg\",\"contentUrl\":\"https:\\\/\\\/www.fbk.eu\\\/wp-content\\\/uploads\\\/2021\\\/12\\\/Trasformazione-digitale-ph.Stefania-Endrici-2008-1.jpg\",\"width\":1024,\"height\":683,\"caption\":\"Trasformazione Digitale - Archivio Fotografico FBK\"},{\"@type\":\"BreadcrumbList\",\"@id\":\"https:\\\/\\\/www.fbk.eu\\\/it\\\/iniziative\\\/trasformazione-digitale\\\/#breadcrumb\",\"itemListElement\":[{\"@type\":\"ListItem\",\"position\":1,\"name\":\"Home\",\"item\":\"https:\\\/\\\/www.fbk.eu\\\/it\\\/\"},{\"@type\":\"ListItem\",\"position\":2,\"name\":\"Iniziative\",\"item\":\"https:\\\/\\\/www.fbk.eu\\\/it\\\/iniziative\\\/\"},{\"@type\":\"ListItem\",\"position\":3,\"name\":\"Trasformazione Digitale\"}]},{\"@type\":\"WebSite\",\"@id\":\"https:\\\/\\\/www.fbk.eu\\\/en\\\/#website\",\"url\":\"https:\\\/\\\/www.fbk.eu\\\/en\\\/\",\"name\":\"FBK\",\"description\":\"Fondazione Bruno Kessler\",\"publisher\":{\"@id\":\"https:\\\/\\\/www.fbk.eu\\\/en\\\/#organization\"},\"potentialAction\":[{\"@type\":\"SearchAction\",\"target\":{\"@type\":\"EntryPoint\",\"urlTemplate\":\"https:\\\/\\\/www.fbk.eu\\\/en\\\/?s={search_term_string}\"},\"query-input\":{\"@type\":\"PropertyValueSpecification\",\"valueRequired\":true,\"valueName\":\"search_term_string\"}}],\"inLanguage\":\"it-IT\"},{\"@type\":\"Organization\",\"@id\":\"https:\\\/\\\/www.fbk.eu\\\/en\\\/#organization\",\"name\":\"FBK\",\"url\":\"https:\\\/\\\/www.fbk.eu\\\/en\\\/\",\"logo\":{\"@type\":\"ImageObject\",\"inLanguage\":\"it-IT\",\"@id\":\"https:\\\/\\\/www.fbk.eu\\\/en\\\/#\\\/schema\\\/logo\\\/image\\\/\",\"url\":\"https:\\\/\\\/www.fbk.eu\\\/wp-content\\\/uploads\\\/2022\\\/02\\\/FBK_For-A-Human-Centered-AI.png\",\"contentUrl\":\"https:\\\/\\\/www.fbk.eu\\\/wp-content\\\/uploads\\\/2022\\\/02\\\/FBK_For-A-Human-Centered-AI.png\",\"width\":549,\"height\":224,\"caption\":\"FBK\"},\"image\":{\"@id\":\"https:\\\/\\\/www.fbk.eu\\\/en\\\/#\\\/schema\\\/logo\\\/image\\\/\"}}]}<\/script>\n<!-- \/ Yoast SEO plugin. -->","yoast_head_json":{"title":"Trasformazione Digitale - FBK","robots":{"index":"index","follow":"follow","max-snippet":"max-snippet:-1","max-image-preview":"max-image-preview:large","max-video-preview":"max-video-preview:-1"},"canonical":"https:\/\/www.fbk.eu\/it\/iniziative\/trasformazione-digitale\/","og_locale":"it_IT","og_type":"article","og_url":"https:\/\/www.fbk.eu\/it\/iniziative\/trasformazione-digitale\/","og_site_name":"FBK","article_modified_time":"2023-02-20T11:07:14+00:00","og_image":[{"width":1024,"height":683,"url":"https:\/\/www.fbk.eu\/wp-content\/uploads\/2021\/12\/Trasformazione-digitale-ph.Stefania-Endrici-2008-1.jpg","type":"image\/jpeg"}],"twitter_card":"summary_large_image","twitter_image":"https:\/\/www.fbk.eu\/wp-content\/themes\/fbk-foundation\/images\/opengraph-default.png","twitter_misc":{"Tempo di lettura stimato":"6 minuti"},"schema":{"@context":"https:\/\/schema.org","@graph":[{"@type":"WebPage","@id":"https:\/\/www.fbk.eu\/it\/iniziative\/trasformazione-digitale\/","url":"https:\/\/www.fbk.eu\/it\/iniziative\/trasformazione-digitale\/","name":"Trasformazione Digitale - FBK","isPartOf":{"@id":"https:\/\/www.fbk.eu\/en\/#website"},"primaryImageOfPage":{"@id":"https:\/\/www.fbk.eu\/it\/iniziative\/trasformazione-digitale\/#primaryimage"},"image":{"@id":"https:\/\/www.fbk.eu\/it\/iniziative\/trasformazione-digitale\/#primaryimage"},"thumbnailUrl":"https:\/\/www.fbk.eu\/wp-content\/uploads\/2021\/12\/Trasformazione-digitale-ph.Stefania-Endrici-2008-1.jpg","datePublished":"2021-12-16T09:20:58+00:00","dateModified":"2023-02-20T11:07:14+00:00","breadcrumb":{"@id":"https:\/\/www.fbk.eu\/it\/iniziative\/trasformazione-digitale\/#breadcrumb"},"inLanguage":"it-IT","potentialAction":[{"@type":"ReadAction","target":["https:\/\/www.fbk.eu\/it\/iniziative\/trasformazione-digitale\/"]}]},{"@type":"ImageObject","inLanguage":"it-IT","@id":"https:\/\/www.fbk.eu\/it\/iniziative\/trasformazione-digitale\/#primaryimage","url":"https:\/\/www.fbk.eu\/wp-content\/uploads\/2021\/12\/Trasformazione-digitale-ph.Stefania-Endrici-2008-1.jpg","contentUrl":"https:\/\/www.fbk.eu\/wp-content\/uploads\/2021\/12\/Trasformazione-digitale-ph.Stefania-Endrici-2008-1.jpg","width":1024,"height":683,"caption":"Trasformazione Digitale - Archivio Fotografico FBK"},{"@type":"BreadcrumbList","@id":"https:\/\/www.fbk.eu\/it\/iniziative\/trasformazione-digitale\/#breadcrumb","itemListElement":[{"@type":"ListItem","position":1,"name":"Home","item":"https:\/\/www.fbk.eu\/it\/"},{"@type":"ListItem","position":2,"name":"Iniziative","item":"https:\/\/www.fbk.eu\/it\/iniziative\/"},{"@type":"ListItem","position":3,"name":"Trasformazione Digitale"}]},{"@type":"WebSite","@id":"https:\/\/www.fbk.eu\/en\/#website","url":"https:\/\/www.fbk.eu\/en\/","name":"FBK","description":"Fondazione Bruno Kessler","publisher":{"@id":"https:\/\/www.fbk.eu\/en\/#organization"},"potentialAction":[{"@type":"SearchAction","target":{"@type":"EntryPoint","urlTemplate":"https:\/\/www.fbk.eu\/en\/?s={search_term_string}"},"query-input":{"@type":"PropertyValueSpecification","valueRequired":true,"valueName":"search_term_string"}}],"inLanguage":"it-IT"},{"@type":"Organization","@id":"https:\/\/www.fbk.eu\/en\/#organization","name":"FBK","url":"https:\/\/www.fbk.eu\/en\/","logo":{"@type":"ImageObject","inLanguage":"it-IT","@id":"https:\/\/www.fbk.eu\/en\/#\/schema\/logo\/image\/","url":"https:\/\/www.fbk.eu\/wp-content\/uploads\/2022\/02\/FBK_For-A-Human-Centered-AI.png","contentUrl":"https:\/\/www.fbk.eu\/wp-content\/uploads\/2022\/02\/FBK_For-A-Human-Centered-AI.png","width":549,"height":224,"caption":"FBK"},"image":{"@id":"https:\/\/www.fbk.eu\/en\/#\/schema\/logo\/image\/"}}]}},"meta_box":{"_banners":[],"_boxes":[{"attachment":["20714"],"title":"Contatti","subtitle":"Marco Pistore","post":"","url":"https:\/\/magazine.fbk.eu\/it\/spotlight\/marco-pistore\/"}],"_center_url":"","_center_numbers":[],"_center_vision":"","_center_mission":"","_center_director":[],"_center_magazine_url":"","_hubs":[],"_people":[],"_facts":[],"_humanities_and_social_sciences":[],"_companies":[],"_others":[],"_universities":[],"_science_and_technology":[],"_sidebar":""},"_links":{"self":[{"href":"https:\/\/www.fbk.eu\/it\/wp-json\/wp\/v2\/pages\/20709","targetHints":{"allow":["GET"]}}],"collection":[{"href":"https:\/\/www.fbk.eu\/it\/wp-json\/wp\/v2\/pages"}],"about":[{"href":"https:\/\/www.fbk.eu\/it\/wp-json\/wp\/v2\/types\/page"}],"author":[{"embeddable":true,"href":"https:\/\/www.fbk.eu\/it\/wp-json\/wp\/v2\/users\/4"}],"replies":[{"embeddable":true,"href":"https:\/\/www.fbk.eu\/it\/wp-json\/wp\/v2\/comments?post=20709"}],"version-history":[{"count":0,"href":"https:\/\/www.fbk.eu\/it\/wp-json\/wp\/v2\/pages\/20709\/revisions"}],"up":[{"embeddable":true,"href":"https:\/\/www.fbk.eu\/it\/wp-json\/wp\/v2\/pages\/1643"}],"wp:featuredmedia":[{"embeddable":true,"href":"https:\/\/www.fbk.eu\/it\/wp-json\/wp\/v2\/media\/20712"}],"wp:attachment":[{"href":"https:\/\/www.fbk.eu\/it\/wp-json\/wp\/v2\/media?parent=20709"}],"curies":[{"name":"wp","href":"https:\/\/api.w.org\/{rel}","templated":true}]}}