{"id":20408,"date":"2021-11-15T14:51:46","date_gmt":"2021-11-15T13:51:46","guid":{"rendered":"https:\/\/www.fbk.eu\/?page_id=20408"},"modified":"2021-11-24T15:36:37","modified_gmt":"2021-11-24T14:36:37","slug":"salute-digitale","status":"publish","type":"page","link":"https:\/\/www.fbk.eu\/it\/iniziative\/salute-digitale\/","title":{"rendered":"Salute Digitale"},"content":{"rendered":"<p><span style=\"font-weight: 400;\">La ricerca scientifica di eccellenza prodotta in FBK si pone al servizio di una sanit\u00e0 basata sul paradigma <\/span><b>4P medicine<\/b><span style=\"font-weight: 400;\"> (Predittiva, Preventiva, Personalizzata, Partecipativa) e informata ai <\/span><b>principi di equit\u00e0 e citizens empowerment<\/b><span style=\"font-weight: 400;\">.<\/span><\/p>\n<p><b>L\u2019obiettivo di FBK \u00e8 avere il massimo impatto sulla comunit\u00e0 scientifica e sulla salute dei cittadini<\/b><span style=\"font-weight: 400;\">.<\/span><\/p>\n<p><span style=\"font-weight: 400;\">Per fare questo vengono combinate tecniche e metodologie di Computer Science e di AI per la salute, conoscenze avanzate di epidemiologia delle malattie infettive, modelli matematici e computazionali, alte competenze per la formazione dei medici del futuro.<\/span><\/p>\n<hr \/>\n<h2><span style=\"color: #0567ae;\">Punti di Forza<\/span><\/h2>\n<p><span style=\"font-weight: 400;\">Per produrre un impatto significativo sulla comunit\u00e0 scientifica, sul sistema sanitario e<\/span><span style=\"font-weight: 400;\"><br \/>\n<\/span><span style=\"font-weight: 400;\">sul mercato, punti di forza di FBK sono:<\/span><\/p>\n<ul>\n<li><span style=\"font-weight: 400;\">la combinazione della ricerca scientifica di alta qualit\u00e0 (sia di base che applicata) con l\u2019innovazione (tecnologica e di processo)<\/span><\/li>\n<li><span style=\"font-weight: 400;\">\u00a0<\/span><span style=\"font-weight: 400;\">l\u2019approccio di sistema con gli attori principali della sanit\u00e0 (<\/span><a href=\"http:\/\/www.apss.tn.it\"><span style=\"font-weight: 400;\">APSS<\/span><\/a><span style=\"font-weight: 400;\">, Provincia autonoma di Trento<\/span><span style=\"font-weight: 400;\">, <\/span><a href=\"https:\/\/trentinosalutedigitale.com\/en\/\"><span style=\"font-weight: 400;\">TrentinoSalute4.0<\/span><\/a><span style=\"font-weight: 400;\">, <\/span><a href=\"https:\/\/www.ordinemedicitn.it\/\"><span style=\"font-weight: 400;\">Ordine dei Medici<\/span><\/a><span style=\"font-weight: 400;\"> e <\/span><a href=\"https:\/\/www.scuolamgtn.it\/\"><span style=\"font-weight: 400;\">Scuola di Medicina Generale<\/span><\/a><span style=\"font-weight: 400;\">).<\/span><\/li>\n<\/ul>\n<p><span style=\"font-weight: 400;\">Allo stesso modo, lo sviluppo di metodi \u2013 principalmente basati sulla modellizzazione matematica e computazionale \u2013 \u00e8 in grado di fornire indicazioni ai decisori allo scopo di migliorare preparazione, prevenzione e risposta alle emergenze sanitarie determinate dalle malattie trasmissibili.<\/span><\/p>\n<hr \/>\n<h2><span style=\"color: #0567ae;\">Tecnologie<\/span><\/h2>\n<ul>\n<li><b>Piattaforme di Digital Medicine<\/b><span style=\"font-weight: 400;\">: sistemi di telesalute, telemedicina, cartella clinica digitale ad accesso multi device<\/span><\/li>\n<li><a href=\"https:\/\/www.fbk.eu\/it\/result\/modelli-per-contrastare-la-diffusione-della-pandemia-covid-19\/\"><b>Epidemiologia computazionale<\/b><\/a><b>: <\/b><span style=\"font-weight: 400;\">il centro Health Emergencies si pone come obiettivo quello di sviluppare la ricerca epidemiologica di base per aumentare la conoscenza sui fattori principali che regolano la trasmissione delle malattie infettive, sviluppando metodi &#8211; principalmente basati sulla modellizzazione matematica e computazionale &#8211; per fornire indicazioni ai decisori allo scopo di migliorare preparazione, prevenzione e risposta alle emergenze sanitarie determinate dalle malattie trasmissibili.<\/span><\/li>\n<li><b>Realt\u00e0 Virtuale:<\/b><span style=\"font-weight: 400;\"> l\u2019attivit\u00e0 di ricerca in quest&#8217;area consentir\u00e0 di progettare, testare e validare l&#8217;utilizzo della Realt\u00e0 Virtuale per la gestione delle situazioni di stress, per supportare cittadini anziani con demenza lieve, per gestire l&#8217;ansia attraverso l&#8217;immersione in ambienti rilassanti e per accompagnare i pazienti oncologici che si preparano per le sessioni di chemioterapia.<\/span><\/li>\n<li><b>Virtual Coaching<\/b><span style=\"font-weight: 400;\"> (tecnologie persuasive): FBK sta conducendo una ricerca nel campo dei sistemi di virtual coaching per supportare la cittadinanza nel mantenimento e miglioramento della propria condizione di salute. L&#8217;approccio consiste nel fornire ai cittadini un persuasivo compagno virtuale che operi in modo simile a un coach umano aiutando a raggiungere i propri obiettivi sanitari.<\/span><\/li>\n<li><b>Data Science<\/b><span style=\"font-weight: 400;\"> per la Salute: \u00e8 una disciplina emergente che integra aspetti di scienze della vita, matematica, statistica e informatica. Nella nostra visione, la gestione, l\u2019analisi e l\u2019integrazione di grandi quantit\u00e0 di dati clinici e sanitari sono fattori chiave per affrontare sfide cruciali per il miglioramento della qualit\u00e0 della salute pubblica.<\/span><\/li>\n<li><b>Tecnologie per l\u2019elaborazione del linguaggio umano<\/b><span style=\"font-weight: 400;\">: con applicazioni sia all\u2019interno di documenti che in domini medici e biomedici.<\/span><\/li>\n<li><b>Tecnologie per \u201c<\/b><b><i>conversational agents<\/i><\/b><b>\u201c:<\/b> gli agenti conversazionali basati su intelligenza artificiale, comunemente definiti <b>chatbot,<\/b> sono sempre pi\u00f9 diffusi e da qualche tempo hanno fatto il loro ingresso anche nella Sanit\u00e0. I chatbot FBK non si basano su un ecosistema di semplici regole e alberature ma sono fondati su piattaforme di <b>Natural Language Processing<\/b> che sfruttano le competenze in AI, Machine Learning e Deep Learning.<\/li>\n<\/ul>\n<hr \/>\n<h2><span style=\"color: #0567ae;\">Progetti<\/span><\/h2>\n<ul>\n<li style=\"font-weight: 400;\" aria-level=\"1\"><b>Virtual coaching per le Terapie Digitali: <\/b><span style=\"font-weight: 400;\">le terapie digitali sono quelle tecnologie che offrono interventi terapeutici guidati da programmi software di alta qualit\u00e0. Questi programmi sono basati su evidenza scientifica ottenuta attraverso una sperimentazione clinica rigorosa e confermatoria allo scopo di prevenire, di gestire o di trattare un ampio spettro di condizioni fisiche, mentali e comportamentali. Si tratta di interventi curativi capaci di migliorare risultati clinici al pari di un trattamento farmacologico. Possono assumere la forma di app, videogiochi, siti web o dispositivi indossabili.\n<p><\/span><\/li>\n<li><b>AI in Health<\/b><span style=\"font-weight: 400;\">: data driven predictive models for precision medicine. Le Unit\u00e0 del Centro, in collaborazione con istituti e ospedali nazionali e internazionali, realizzano ambienti di analisi completi, dal pre-processamento dei dati all\u2019implementazione dei modelli e alla loro applicazione su strutture di calcolo in cloud dotate anche di GPU. Le tecniche modellistiche spaziano da modelli di ML\/DL per problemi di classificazione, selezione e importanza delle variabili per l\u2019interpretabilit\u00e0 dei modelli stessi fino a procedure di riduzione di dimensionalit\u00e0. Particolare attenzione \u00e8 dedicata al garantire la riproducibilit\u00e0 delle analisi e ad evitare effetti indesiderati di sovrastima quali per esempio la data leakage. I dati in ingresso includono dati clinici, dati omici ad alta processivit\u00e0 e dati di immagini biomediche, sia in radiologia, che in neuroradiologia e in anatomia patologica.\n<p><\/span><\/li>\n<li><a href=\"https:\/\/trec.trentinosalute.net\/\"><b>TreC+<\/b><\/a><b>: <\/b><span style=\"font-weight: 400;\">app e portale online (trec.trentinosalute.net) che consentono ai cittadini residenti o domiciliati nella Provincia autonoma di <\/span><span style=\"font-weight: 400;\">Trento di avere un unico punto di accesso ai servizi sanitari dell\u2019APSS. <\/span><span style=\"font-weight: 400;\">Con TreC+ si pu\u00f2 accedere al proprio <\/span><a href=\"https:\/\/www.fascicolosanitario.gov.it\/\"><span style=\"font-weight: 400;\">Fascicolo Sanitario Elettronico<\/span><\/a><span style=\"font-weight: 400;\"> per consultare online informazioni e documenti che riguardano la propria salute, e v<\/span><span style=\"font-weight: 400;\">isualizzare referti, ricette farmaceutiche, prescrizioni specialistiche, prenotare esami e gestire altre TreC (dei figli o di persone di cui ci si prende cura).\n<p><\/span><\/li>\n<li><a href=\"https:\/\/formazionesalute.fbk.eu\/\"><b>FBK per la salute<\/b><\/a><span style=\"font-weight: 400;\">: alta formazione e progetti formativi. Dal 2021 FBK per la salute \u00e8 responsabile della gestione della Scuola di formazione specifica in <\/span><a href=\"https:\/\/www.scuolamgtn.it\/\"><span style=\"font-weight: 400;\">Medicina generale di Trento<\/span><\/a><span style=\"font-weight: 400;\">.<\/span><\/li>\n<\/ul>\n","protected":false},"excerpt":{"rendered":"<p>La ricerca scientifica di eccellenza prodotta in FBK si pone al servizio di una sanit\u00e0 basata sul paradigma 4P medicine (Predittiva, Preventiva, Personalizzata, Partecipativa) e informata ai principi di equit\u00e0 e citizens empowerment. L\u2019obiettivo di FBK \u00e8 avere il massimo impatto sulla comunit\u00e0 scientifica e sulla salute dei cittadini. Per fare questo vengono combinate tecniche [&hellip;]<\/p>\n","protected":false},"author":4,"featured_media":20400,"parent":1643,"menu_order":0,"comment_status":"closed","ping_status":"closed","template":"page-templates\/foundation-boxes.php","meta":{"footnotes":""},"class_list":["post-20408","page","type-page","status-publish","has-post-thumbnail","hentry"],"yoast_head":"<!-- This site is optimized with the Yoast SEO plugin v27.5 - https:\/\/yoast.com\/product\/yoast-seo-wordpress\/ -->\n<title>Salute Digitale - FBK<\/title>\n<meta name=\"robots\" content=\"index, follow, max-snippet:-1, max-image-preview:large, max-video-preview:-1\" \/>\n<link rel=\"canonical\" href=\"https:\/\/www.fbk.eu\/it\/iniziative\/salute-digitale\/\" \/>\n<meta property=\"og:locale\" content=\"it_IT\" \/>\n<meta property=\"og:type\" content=\"article\" \/>\n<meta property=\"og:url\" content=\"https:\/\/www.fbk.eu\/it\/iniziative\/salute-digitale\/\" \/>\n<meta property=\"og:site_name\" content=\"FBK\" \/>\n<meta property=\"article:modified_time\" content=\"2021-11-24T14:36:37+00:00\" \/>\n<meta property=\"og:image\" content=\"https:\/\/www.fbk.eu\/wp-content\/uploads\/2021\/11\/TreC_DigitalHealthAndWellbeing_DeStefano-scaled.jpg\" \/>\n\t<meta property=\"og:image:width\" content=\"2560\" \/>\n\t<meta property=\"og:image:height\" content=\"1707\" \/>\n\t<meta property=\"og:image:type\" content=\"image\/jpeg\" \/>\n<meta name=\"twitter:card\" content=\"summary_large_image\" \/>\n<meta name=\"twitter:image\" content=\"https:\/\/www.fbk.eu\/wp-content\/themes\/fbk-foundation\/images\/opengraph-default.png\" \/>\n<meta name=\"twitter:label1\" content=\"Tempo di lettura stimato\" \/>\n\t<meta name=\"twitter:data1\" content=\"4 minuti\" \/>\n<script type=\"application\/ld+json\" class=\"yoast-schema-graph\">{\"@context\":\"https:\\\/\\\/schema.org\",\"@graph\":[{\"@type\":\"WebPage\",\"@id\":\"https:\\\/\\\/www.fbk.eu\\\/it\\\/iniziative\\\/salute-digitale\\\/\",\"url\":\"https:\\\/\\\/www.fbk.eu\\\/it\\\/iniziative\\\/salute-digitale\\\/\",\"name\":\"Salute Digitale - FBK\",\"isPartOf\":{\"@id\":\"https:\\\/\\\/www.fbk.eu\\\/en\\\/#website\"},\"primaryImageOfPage\":{\"@id\":\"https:\\\/\\\/www.fbk.eu\\\/it\\\/iniziative\\\/salute-digitale\\\/#primaryimage\"},\"image\":{\"@id\":\"https:\\\/\\\/www.fbk.eu\\\/it\\\/iniziative\\\/salute-digitale\\\/#primaryimage\"},\"thumbnailUrl\":\"https:\\\/\\\/www.fbk.eu\\\/wp-content\\\/uploads\\\/2021\\\/11\\\/TreC_DigitalHealthAndWellbeing_DeStefano-scaled.jpg\",\"datePublished\":\"2021-11-15T13:51:46+00:00\",\"dateModified\":\"2021-11-24T14:36:37+00:00\",\"breadcrumb\":{\"@id\":\"https:\\\/\\\/www.fbk.eu\\\/it\\\/iniziative\\\/salute-digitale\\\/#breadcrumb\"},\"inLanguage\":\"it-IT\",\"potentialAction\":[{\"@type\":\"ReadAction\",\"target\":[\"https:\\\/\\\/www.fbk.eu\\\/it\\\/iniziative\\\/salute-digitale\\\/\"]}]},{\"@type\":\"ImageObject\",\"inLanguage\":\"it-IT\",\"@id\":\"https:\\\/\\\/www.fbk.eu\\\/it\\\/iniziative\\\/salute-digitale\\\/#primaryimage\",\"url\":\"https:\\\/\\\/www.fbk.eu\\\/wp-content\\\/uploads\\\/2021\\\/11\\\/TreC_DigitalHealthAndWellbeing_DeStefano-scaled.jpg\",\"contentUrl\":\"https:\\\/\\\/www.fbk.eu\\\/wp-content\\\/uploads\\\/2021\\\/11\\\/TreC_DigitalHealthAndWellbeing_DeStefano-scaled.jpg\",\"width\":2560,\"height\":1707,\"caption\":\"TreC_DigitalHealthAndWellbeing_DeStefano\"},{\"@type\":\"BreadcrumbList\",\"@id\":\"https:\\\/\\\/www.fbk.eu\\\/it\\\/iniziative\\\/salute-digitale\\\/#breadcrumb\",\"itemListElement\":[{\"@type\":\"ListItem\",\"position\":1,\"name\":\"Home\",\"item\":\"https:\\\/\\\/www.fbk.eu\\\/it\\\/\"},{\"@type\":\"ListItem\",\"position\":2,\"name\":\"Iniziative\",\"item\":\"https:\\\/\\\/www.fbk.eu\\\/it\\\/iniziative\\\/\"},{\"@type\":\"ListItem\",\"position\":3,\"name\":\"Salute Digitale\"}]},{\"@type\":\"WebSite\",\"@id\":\"https:\\\/\\\/www.fbk.eu\\\/en\\\/#website\",\"url\":\"https:\\\/\\\/www.fbk.eu\\\/en\\\/\",\"name\":\"FBK\",\"description\":\"Fondazione Bruno Kessler\",\"publisher\":{\"@id\":\"https:\\\/\\\/www.fbk.eu\\\/en\\\/#organization\"},\"potentialAction\":[{\"@type\":\"SearchAction\",\"target\":{\"@type\":\"EntryPoint\",\"urlTemplate\":\"https:\\\/\\\/www.fbk.eu\\\/en\\\/?s={search_term_string}\"},\"query-input\":{\"@type\":\"PropertyValueSpecification\",\"valueRequired\":true,\"valueName\":\"search_term_string\"}}],\"inLanguage\":\"it-IT\"},{\"@type\":\"Organization\",\"@id\":\"https:\\\/\\\/www.fbk.eu\\\/en\\\/#organization\",\"name\":\"FBK\",\"url\":\"https:\\\/\\\/www.fbk.eu\\\/en\\\/\",\"logo\":{\"@type\":\"ImageObject\",\"inLanguage\":\"it-IT\",\"@id\":\"https:\\\/\\\/www.fbk.eu\\\/en\\\/#\\\/schema\\\/logo\\\/image\\\/\",\"url\":\"https:\\\/\\\/www.fbk.eu\\\/wp-content\\\/uploads\\\/2022\\\/02\\\/FBK_For-A-Human-Centered-AI.png\",\"contentUrl\":\"https:\\\/\\\/www.fbk.eu\\\/wp-content\\\/uploads\\\/2022\\\/02\\\/FBK_For-A-Human-Centered-AI.png\",\"width\":549,\"height\":224,\"caption\":\"FBK\"},\"image\":{\"@id\":\"https:\\\/\\\/www.fbk.eu\\\/en\\\/#\\\/schema\\\/logo\\\/image\\\/\"}}]}<\/script>\n<!-- \/ Yoast SEO plugin. -->","yoast_head_json":{"title":"Salute Digitale - FBK","robots":{"index":"index","follow":"follow","max-snippet":"max-snippet:-1","max-image-preview":"max-image-preview:large","max-video-preview":"max-video-preview:-1"},"canonical":"https:\/\/www.fbk.eu\/it\/iniziative\/salute-digitale\/","og_locale":"it_IT","og_type":"article","og_url":"https:\/\/www.fbk.eu\/it\/iniziative\/salute-digitale\/","og_site_name":"FBK","article_modified_time":"2021-11-24T14:36:37+00:00","og_image":[{"width":2560,"height":1707,"url":"https:\/\/www.fbk.eu\/wp-content\/uploads\/2021\/11\/TreC_DigitalHealthAndWellbeing_DeStefano-scaled.jpg","type":"image\/jpeg"}],"twitter_card":"summary_large_image","twitter_image":"https:\/\/www.fbk.eu\/wp-content\/themes\/fbk-foundation\/images\/opengraph-default.png","twitter_misc":{"Tempo di lettura stimato":"4 minuti"},"schema":{"@context":"https:\/\/schema.org","@graph":[{"@type":"WebPage","@id":"https:\/\/www.fbk.eu\/it\/iniziative\/salute-digitale\/","url":"https:\/\/www.fbk.eu\/it\/iniziative\/salute-digitale\/","name":"Salute Digitale - FBK","isPartOf":{"@id":"https:\/\/www.fbk.eu\/en\/#website"},"primaryImageOfPage":{"@id":"https:\/\/www.fbk.eu\/it\/iniziative\/salute-digitale\/#primaryimage"},"image":{"@id":"https:\/\/www.fbk.eu\/it\/iniziative\/salute-digitale\/#primaryimage"},"thumbnailUrl":"https:\/\/www.fbk.eu\/wp-content\/uploads\/2021\/11\/TreC_DigitalHealthAndWellbeing_DeStefano-scaled.jpg","datePublished":"2021-11-15T13:51:46+00:00","dateModified":"2021-11-24T14:36:37+00:00","breadcrumb":{"@id":"https:\/\/www.fbk.eu\/it\/iniziative\/salute-digitale\/#breadcrumb"},"inLanguage":"it-IT","potentialAction":[{"@type":"ReadAction","target":["https:\/\/www.fbk.eu\/it\/iniziative\/salute-digitale\/"]}]},{"@type":"ImageObject","inLanguage":"it-IT","@id":"https:\/\/www.fbk.eu\/it\/iniziative\/salute-digitale\/#primaryimage","url":"https:\/\/www.fbk.eu\/wp-content\/uploads\/2021\/11\/TreC_DigitalHealthAndWellbeing_DeStefano-scaled.jpg","contentUrl":"https:\/\/www.fbk.eu\/wp-content\/uploads\/2021\/11\/TreC_DigitalHealthAndWellbeing_DeStefano-scaled.jpg","width":2560,"height":1707,"caption":"TreC_DigitalHealthAndWellbeing_DeStefano"},{"@type":"BreadcrumbList","@id":"https:\/\/www.fbk.eu\/it\/iniziative\/salute-digitale\/#breadcrumb","itemListElement":[{"@type":"ListItem","position":1,"name":"Home","item":"https:\/\/www.fbk.eu\/it\/"},{"@type":"ListItem","position":2,"name":"Iniziative","item":"https:\/\/www.fbk.eu\/it\/iniziative\/"},{"@type":"ListItem","position":3,"name":"Salute Digitale"}]},{"@type":"WebSite","@id":"https:\/\/www.fbk.eu\/en\/#website","url":"https:\/\/www.fbk.eu\/en\/","name":"FBK","description":"Fondazione Bruno Kessler","publisher":{"@id":"https:\/\/www.fbk.eu\/en\/#organization"},"potentialAction":[{"@type":"SearchAction","target":{"@type":"EntryPoint","urlTemplate":"https:\/\/www.fbk.eu\/en\/?s={search_term_string}"},"query-input":{"@type":"PropertyValueSpecification","valueRequired":true,"valueName":"search_term_string"}}],"inLanguage":"it-IT"},{"@type":"Organization","@id":"https:\/\/www.fbk.eu\/en\/#organization","name":"FBK","url":"https:\/\/www.fbk.eu\/en\/","logo":{"@type":"ImageObject","inLanguage":"it-IT","@id":"https:\/\/www.fbk.eu\/en\/#\/schema\/logo\/image\/","url":"https:\/\/www.fbk.eu\/wp-content\/uploads\/2022\/02\/FBK_For-A-Human-Centered-AI.png","contentUrl":"https:\/\/www.fbk.eu\/wp-content\/uploads\/2022\/02\/FBK_For-A-Human-Centered-AI.png","width":549,"height":224,"caption":"FBK"},"image":{"@id":"https:\/\/www.fbk.eu\/en\/#\/schema\/logo\/image\/"}}]}},"meta_box":{"_banners":[],"_boxes":[{"attachment":["20409"],"title":"Contatti","subtitle":"Stefano Forti","post":"","url":"https:\/\/magazine.fbk.eu\/en\/spotlight\/stefano-forti\/"},{"attachment":["17377"],"title":"Contatti","subtitle":"Stefano Merler","post":"","url":"https:\/\/magazine.fbk.eu\/en\/spotlight\/stefano-merler\/"}],"_center_url":"","_center_numbers":[],"_center_vision":"","_center_mission":"","_center_director":[],"_center_magazine_url":"","_hubs":[],"_people":[],"_facts":[],"_humanities_and_social_sciences":[],"_companies":[],"_others":[],"_universities":[],"_science_and_technology":[],"_sidebar":""},"_links":{"self":[{"href":"https:\/\/www.fbk.eu\/it\/wp-json\/wp\/v2\/pages\/20408","targetHints":{"allow":["GET"]}}],"collection":[{"href":"https:\/\/www.fbk.eu\/it\/wp-json\/wp\/v2\/pages"}],"about":[{"href":"https:\/\/www.fbk.eu\/it\/wp-json\/wp\/v2\/types\/page"}],"author":[{"embeddable":true,"href":"https:\/\/www.fbk.eu\/it\/wp-json\/wp\/v2\/users\/4"}],"replies":[{"embeddable":true,"href":"https:\/\/www.fbk.eu\/it\/wp-json\/wp\/v2\/comments?post=20408"}],"version-history":[{"count":0,"href":"https:\/\/www.fbk.eu\/it\/wp-json\/wp\/v2\/pages\/20408\/revisions"}],"up":[{"embeddable":true,"href":"https:\/\/www.fbk.eu\/it\/wp-json\/wp\/v2\/pages\/1643"}],"wp:featuredmedia":[{"embeddable":true,"href":"https:\/\/www.fbk.eu\/it\/wp-json\/wp\/v2\/media\/20400"}],"wp:attachment":[{"href":"https:\/\/www.fbk.eu\/it\/wp-json\/wp\/v2\/media?parent=20408"}],"curies":[{"name":"wp","href":"https:\/\/api.w.org\/{rel}","templated":true}]}}