{"id":20193,"date":"2021-10-19T14:15:40","date_gmt":"2021-10-19T12:15:40","guid":{"rendered":"https:\/\/www.fbk.eu\/?page_id=20193"},"modified":"2024-05-03T09:18:17","modified_gmt":"2024-05-03T07:18:17","slug":"tecnologie-quantistiche","status":"publish","type":"page","link":"https:\/\/www.fbk.eu\/it\/iniziative\/tecnologie-quantistiche\/","title":{"rendered":"Tecnologie quantistiche: dal laboratorio al mercato"},"content":{"rendered":"\t\t<div data-elementor-type=\"wp-page\" data-elementor-id=\"20193\" class=\"elementor elementor-20193\" data-elementor-post-type=\"page\">\n\t\t\t\t\t\t<section class=\"elementor-section elementor-top-section elementor-element elementor-element-6c926077 elementor-section-boxed elementor-section-height-default elementor-section-height-default\" data-id=\"6c926077\" data-element_type=\"section\" data-e-type=\"section\">\n\t\t\t\t\t\t<div class=\"elementor-container elementor-column-gap-default\">\n\t\t\t\t\t<div class=\"elementor-column elementor-col-100 elementor-top-column elementor-element elementor-element-4ffbf482\" data-id=\"4ffbf482\" data-element_type=\"column\" data-e-type=\"column\">\n\t\t\t<div class=\"elementor-widget-wrap elementor-element-populated\">\n\t\t\t\t\t\t<div class=\"elementor-element elementor-element-1ffd45c5 elementor-widget elementor-widget-text-editor\" data-id=\"1ffd45c5\" data-element_type=\"widget\" data-e-type=\"widget\" data-widget_type=\"text-editor.default\">\n\t\t\t\t<div class=\"elementor-widget-container\">\n\t\t\t\t\t\t\t\t\t<p>FBK da sempre conduce ricerca su <strong>superconduttori, dispositivi fotonici, ottici, micromeccanici, elettronici<\/strong> all&#8217;avanguardia come tecnologie abilitanti per l&#8217;innovazione nei campi della <strong>ricerca biomedica, delle esplorazioni spaziali e delle applicazioni quantistiche.<\/strong><\/p><p>Nei prossimi anni \u00e8 prevista una rivoluzione che deriva dalla gestione dei fenomeni quantistici per computer, sensori e materiali innovativi.<\/p><p>L&#8217;impatto di questa rivoluzione \u00e8 dirompente: le QT hanno effetti immediati e di vasta portata su tutti i campi della scienza, dall&#8217;informatica alla biologia, dalle telecomunicazioni all&#8217;ingegneria, alla medicina, all&#8217;economia e all&#8217;ambiente.<\/p><p>La sfida per i prossimi 5-10 anni <strong>\u00e8 portare le QT anche nella rete produttiva italiana<\/strong>, attraverso la ricerca multidisciplinare, orientata alla tecnologia <strong>ai massimi livelli<\/strong>, con start-up in grado di trasferire e implementare nuove tecnologie sotto forma di prodotti.<\/p><hr \/><h2><span style=\"color: #0567ae;\">Punti di forza di FBK<\/span><\/h2><p>FBK si pone come partner di ricerca e innovazione altamente flessibile:<\/p><ul><li><strong>PERSONALIZZAZIONE<\/strong>: FBK \u00e8 in grado di soddisfare le <strong>pi\u00f9 peculiari richieste<\/strong> della specifica applicazione industriale<\/li><li><strong>COMPETENZE<\/strong>: ha la capacit\u00e0 di progettazione, fabbricazione e prototipazione della <a href=\"https:\/\/www.fbk.eu\/it\/initiative\/nuove-tecnologie-di-frontiera-nella-clean-room\/\"><strong>Clean room<\/strong><\/a>, coi<strong> massimi standard qualitativi<\/strong> (tecnologie micro e nano-elettroniche per sensori e dispositivi di nuova generazione)<\/li><li><strong>NETWORK<\/strong>: grazie al confronto con partner internazionali di eccellenza, FBK garantisce la migliore soluzione a ogni problema.<\/li><\/ul><p><iframe title=\"YouTube video player\" src=\"https:\/\/www.youtube.com\/embed\/kLkHHw6rsG4?autoplay=1\" width=\"854\" height=\"480\" frameborder=\"0\" allowfullscreen=\"allowfullscreen\" aria-label=\"video sulla Clean Room di FBK\"><\/iframe><\/p><hr \/><h2><span style=\"color: #0567ae;\">Tecnologie e campi di applicazione<\/span><\/h2><ul><li><strong>MEMS Mass Flow sensors for cold gas microthrusters<br \/><\/strong>I sensori di flusso di massa MEMS made in FBK sono attualmente a bordo dei satelliti spaziali per le missioni spaziali a lungo termine GAIA, LISA PATHFINDER, MICROSCOPE ed EUCLIDE. Il livello di technology readiness (TRL) \u00e8 9\/9 (sistema effettivo collaudato in ambiente operativo).<\/li><\/ul><ul><li><strong>Sensori di immagine a singolo fotone per imaging quantistico<\/strong><br \/>Nelle applicazioni di imaging quantistico \u00e8 necessario rilevare singoli fotoni con elevata precisione spaziale. La tecnologia SPAD (single-photon avalanche diodes) integrata in chip CMOS (Complementary metal-oxide-semiconductor) con funzioni smart nel pixel \u00e8 una tecnologia abilitante per imaging avanzato.<\/li><li><strong>Fotomoltiplicatori al silicio<\/strong><br \/>Rivelatori in silicio a singolo fotone (silicon photomultipliers) a elevate prestazioni, realizzati in tecnologia custom FBK per svariate applicazioni. La tecnologia \u00e8 flessibile e si adatta a diverse lunghezze d&#8217;onda e condizioni operative ed \u00e8 possibile studiare un design focalizzato alla risoluzione di problemi specifici.<\/li><\/ul><hr \/><h2><span style=\"color: #0567ae;\">Progetti in evidenza<\/span><\/h2><p><strong>In ambito del Pnrr:<\/strong><\/p><p><strong><a href=\"https:\/\/www.fbk.eu\/it\/i-partnerariati-estesi\/\" target=\"_blank\" rel=\"noopener\">NQSTI Scarl <\/a>(National Quantum Science and Technology Institute) HUB<\/strong>\u00a0\u00e8 il partenariato guidato dall\u2019Universit\u00e0 di Camerino.<strong>\u00a0FBK<\/strong>\u00a0avr\u00e0 il ruolo di leader dello\u00a0<strong>Spoke 7 \u201cComplete Quantum System\u201d (S7)<\/strong>, e per questo potr\u00e0 rappresentare il punto di riferimento per le aziende italiane che vorranno approfondire e sfruttare i risultati del progetto. Lo Spoke 7 si concentrer\u00e0 sullo\u00a0<strong>sviluppo di sistemi quantistici completi\u00a0<\/strong>basati su nuove idee sviluppate in collaborazione con gli altri Spoke in cui i ricercatori simuleranno, progetteranno e testeranno dispositivi e moduli quantistici.<br \/>L\u2019obiettivo che si pone \u00e8 quello di facilitare l\u2019integrazione e la comunicazione tra settori differenti: uno sforzo straordinario per sviluppare nuova ricerca di base che promuova lo sviluppo industriale. Dopo una prima fase di sviluppo e integrazione di dispositivi gi\u00e0 esistenti, i sistemi quantistici completi saranno testati in esperimenti di laboratorio volti a dimostrare il loro potenziale per un eventuale uso industriale, tenendo conto delle indicazioni delle aziende partner e saranno principalmente dedicati a campi di applicazione come la sicurezza, lo spazio, l\u2019ambiente, la biomedicina e l\u2019energia.<\/p><p><a href=\"https:\/\/www.fbk.eu\/it\/ecosistemi-dinnovazione\/\" target=\"_blank\" rel=\"noopener\"><strong>Ecosistema SAMOTHRACE<\/strong><\/a><br \/>La linea prioritaria dell\u2019ecosistema\u00a0<a href=\"https:\/\/www.samothrace.eu\/\" target=\"_blank\" rel=\"noopener\">Samothrace\u00a0<\/a>rientra nell\u2019ambito dell\u2019area\u00a0<strong>\u201cDigitale, Industria e Spazio\u201d<\/strong>\u00a0del Piano Nazionale della Ricerca (PNR).<br \/>L\u2019obiettivo principale \u00e8 far leva sulla consolidata vocazione del territorio siciliano nel campo della microelettronica e delle micro e nano tecnologie per portarla a un livello pi\u00f9 alto e diffuso che possa avere un impatto significativo e tangibile sullo scenario industriale dell\u2019isola e sull\u2019intera societ\u00e0.<\/p><p>SAMOTHRACE,\u00a0 si prefigge di elevare le competenze e risorse gi\u00e0 presenti nel territorio relativamente a micro e nano tecnologie, smart devices, materiali innovativi, con l\u2019obiettivo di metterle a sistema nella catena dell\u2019innovazione in ambito energia, salute, ambiente, smart mobility, protection and maintainance of cultural heritages e precision agricolture. <strong>FBK<\/strong>\u00a0partecipa in qualit\u00e0 di\u00a0<strong>affiliato allo Spoke 2<\/strong>\u00a0con un coinvolgimento specifico nei settori dello\u00a0<strong>sviluppo di strumenti e sensori per applicazioni biomedicali.<\/strong><\/p><p><a href=\"https:\/\/www.fbk.eu\/it\/ecosistemi-dinnovazione\/\" target=\"_blank\" rel=\"noopener\"><strong>Ecosistema VITALITY<\/strong><\/a><br \/><strong>Vitality\u00a0<\/strong>(Ecosistema Innovazione, digitalizzazione e sostenibilit\u00e0 per l\u2019economia diffusa nel Centro Italia) si prefigge lo sviluppo e il trasferimento dell\u2019innovazione per rendere pi\u00f9 competitivi i sistemi produttivi regionali, migliorando cos\u00ec la sostenibilit\u00e0 e la qualit\u00e0 della vita nei sistemi urbani, nelle aree rurali e negli ambienti sia di vita che di lavoro.<\/p><p><strong>FBK<\/strong>\u00a0partecipa in qualit\u00e0 di affiliato allo\u00a0<strong>Spoke 2 (ASTRA \u2013 Alleanza per la ricerca e le tecnologie spaziali avanzate)\u00a0<\/strong>guidata dal Gran Sasso Science Institute (GSSI),\u00a0 relativo alla realizzazione di un\u00a0<strong>satellite<\/strong>, in particolare con attivit\u00e0 di:<\/p><ul><li>sviluppo di sensori innovativi di radiazione che effettueranno il monitoraggio delle radiazioni ionizzanti;<\/li><li>sviluppo di soluzioni software per aumentare l\u2019affidabilit\u00e0 di sistemi.<\/li><\/ul><p><a href=\"https:\/\/www.fbk.eu\/it\/infrastrutture-di-ricerca\/\" target=\"_blank\" rel=\"noopener\"><strong>Contributo alle INFRASTRUTTURE DI RICERCA del Pnrr<\/strong><\/a><\/p><hr \/><p><strong><a href=\"https:\/\/epiqus.fbk.eu\/\">EPIQUS\u00a0<\/a><\/strong><\/p><p>Acronimo di Elecronic-photonic integrated quantum simulator platform, ha l\u2019ambizione di sviluppare una nuova generazione di simulatori quantistici, consistente in un dispositivo delle dimensioni di un chip, completamente integrato, funzionante a temperatura ambiente e di potenza scalabile, potendo affiancare molti dispositivi in parallelo.<\/p><p><strong><a href=\"https:\/\/www.fastghost.eu\/\">FastGhost<\/a><\/strong><\/p><p>Obiettivo: realizzare un microscopio quantistico funzionante con la tecnica del ghost imaging, dove l&#8217;immagine viene creata con fotoni che non hanno interagito col campione. In questo modo \u00e8 possibile utilizzare i sensori nel visibile sviluppati da FBK per osservare le lunghezze d&#8217;onda dell&#8217;infrarosso.<\/p><p><a href=\"https:\/\/quantumtrento.eu\/\"><strong>Quantum@Trento <\/strong><\/a><\/p><p>Obiettivo: conquistare la leadership italiana nelle scienze e tecnologie quantistiche. Aziende e istituzioni di ricerca insieme per attrarre di investimenti e sviluppare nuova tecnologia nell\u2019ambito della flagship europea da 10 miliardi in 10 anni.<\/p><h4><strong>WBG Pilot Line Project<br \/><\/strong><\/h4><p><span style=\"font-weight: 400;\">Supportato da una valutazione positiva dalla Chips Joint Undertaking, il progetto della Linea Pilota WBG (Wide Band Gap), guidato dall\u2019Italia e realizzato in collaborazione con Finlandia, Polonia, Svezia, Austria, Francia e Germania, prevede la realizzazione di un\u2019<\/span><b>infrastruttura altamente innovativa specializzata nella ricerca su nuovi materiali Wide Band Gap (WBG), ad ampio gap di banda, come carburo di silicio e nitruro di gallio, fondamentali per lo sviluppo di dispositivi per\u00a0 applicazioni come automotive, comunicazioni, spazio e rinnovabili.<\/b><\/p><p><span style=\"font-weight: 400;\">. Ecco quindi l\u2019occasione anche per FBK di essere partecipe dello sviluppo di sistemi ad alta efficienza, che permetteranno pi\u00f9 facilmente una\u00a0<\/span><b>conversione green\u00a0<\/b><span style=\"font-weight: 400;\">dei nostri modi di muoverci o di produrre energia. La Fondazione avr\u00e0 il compito di ampliare la propria tecnologia di micro e nanofabbricazione\u00a0<\/span><b>affiancando al silicio, proprio cavallo di battaglia, il carburo di silicio. <\/b><span style=\"font-weight: 400;\">\u00a0Il particolarmente adatto alla fabbricazione di <\/span><b>componenti in motori elettrici, nei sistemi di conversione fotovoltaica e in altri ambiti, come quello delle comunicazioni ad alta frequenza<\/b><span style=\"font-weight: 400;\"> e sistemi quantistici<\/span><\/p><p><span style=\"font-weight: 400;\">Il progetto prevede\u00a0<\/span><b>fondi europei pari a 180 milioni di euro, cui si aggiungono ulteriori finanziamenti statali e privati, portando il totale a 360 milioni di euro circa<\/b><span style=\"font-weight: 400;\">, di cui 212 per l\u2019impianto di Catania.<\/span><\/p><p><b>Il finanziamento previsto per FBK \u00e8 di 15 Milioni di euro<\/b><span style=\"font-weight: 400;\">\u00a0che saranno utilizzati per il potenziamento delle tecnologie disponibili presso i propri laboratori cos\u00ec da garantire supporto \u201cstate of the art and beyond\u201d a utenti esterni che includono altre realt\u00e0 di ricerca e aziende.<\/span><\/p><h4><strong><br \/><br \/><\/strong><\/h4><p>\u00a0<\/p>\t\t\t\t\t\t\t\t<\/div>\n\t\t\t\t<\/div>\n\t\t\t\t\t<\/div>\n\t\t<\/div>\n\t\t\t\t\t<\/div>\n\t\t<\/section>\n\t\t\t\t<\/div>\n\t\t","protected":false},"excerpt":{"rendered":"<p>FBK da sempre conduce ricerca su superconduttori, dispositivi fotonici, ottici, micromeccanici, elettronici all&#8217;avanguardia come tecnologie abilitanti per l&#8217;innovazione nei campi della ricerca biomedica, delle esplorazioni spaziali e delle applicazioni quantistiche. Nei prossimi anni \u00e8 prevista una rivoluzione che deriva dalla gestione dei fenomeni quantistici per computer, sensori e materiali innovativi. L&#8217;impatto di questa rivoluzione \u00e8 [&hellip;]<\/p>\n","protected":false},"author":4,"featured_media":20194,"parent":1643,"menu_order":0,"comment_status":"closed","ping_status":"closed","template":"page-templates\/foundation-boxes.php","meta":{"footnotes":""},"class_list":["post-20193","page","type-page","status-publish","has-post-thumbnail","hentry"],"yoast_head":"<!-- This site is optimized with the Yoast SEO plugin v27.4 - https:\/\/yoast.com\/product\/yoast-seo-wordpress\/ -->\n<title>Tecnologie quantistiche: dal laboratorio al mercato - FBK<\/title>\n<meta name=\"robots\" content=\"index, follow, max-snippet:-1, max-image-preview:large, max-video-preview:-1\" \/>\n<link rel=\"canonical\" href=\"https:\/\/www.fbk.eu\/it\/iniziative\/tecnologie-quantistiche\/\" \/>\n<meta property=\"og:locale\" content=\"it_IT\" \/>\n<meta property=\"og:type\" content=\"article\" \/>\n<meta property=\"og:url\" content=\"https:\/\/www.fbk.eu\/it\/iniziative\/tecnologie-quantistiche\/\" \/>\n<meta property=\"og:site_name\" content=\"FBK\" \/>\n<meta property=\"article:modified_time\" content=\"2024-05-03T07:18:17+00:00\" \/>\n<meta property=\"og:image\" content=\"https:\/\/www.fbk.eu\/wp-content\/uploads\/2021\/10\/FMPS_SensorsAndDevices_Baroni-19-scaled.jpg\" \/>\n\t<meta property=\"og:image:width\" content=\"2560\" \/>\n\t<meta property=\"og:image:height\" content=\"1801\" \/>\n\t<meta property=\"og:image:type\" content=\"image\/jpeg\" \/>\n<meta name=\"twitter:card\" content=\"summary_large_image\" \/>\n<meta name=\"twitter:image\" content=\"https:\/\/www.fbk.eu\/wp-content\/themes\/fbk-foundation\/images\/opengraph-default.png\" \/>\n<meta name=\"twitter:label1\" content=\"Tempo di lettura stimato\" \/>\n\t<meta name=\"twitter:data1\" content=\"6 minuti\" \/>\n<script type=\"application\/ld+json\" class=\"yoast-schema-graph\">{\"@context\":\"https:\\\/\\\/schema.org\",\"@graph\":[{\"@type\":\"WebPage\",\"@id\":\"https:\\\/\\\/www.fbk.eu\\\/it\\\/iniziative\\\/tecnologie-quantistiche\\\/\",\"url\":\"https:\\\/\\\/www.fbk.eu\\\/it\\\/iniziative\\\/tecnologie-quantistiche\\\/\",\"name\":\"Tecnologie quantistiche: dal laboratorio al mercato - FBK\",\"isPartOf\":{\"@id\":\"https:\\\/\\\/www.fbk.eu\\\/en\\\/#website\"},\"primaryImageOfPage\":{\"@id\":\"https:\\\/\\\/www.fbk.eu\\\/it\\\/iniziative\\\/tecnologie-quantistiche\\\/#primaryimage\"},\"image\":{\"@id\":\"https:\\\/\\\/www.fbk.eu\\\/it\\\/iniziative\\\/tecnologie-quantistiche\\\/#primaryimage\"},\"thumbnailUrl\":\"https:\\\/\\\/www.fbk.eu\\\/wp-content\\\/uploads\\\/2021\\\/10\\\/FMPS_SensorsAndDevices_Baroni-19-scaled.jpg\",\"datePublished\":\"2021-10-19T12:15:40+00:00\",\"dateModified\":\"2024-05-03T07:18:17+00:00\",\"breadcrumb\":{\"@id\":\"https:\\\/\\\/www.fbk.eu\\\/it\\\/iniziative\\\/tecnologie-quantistiche\\\/#breadcrumb\"},\"inLanguage\":\"it-IT\",\"potentialAction\":[{\"@type\":\"ReadAction\",\"target\":[\"https:\\\/\\\/www.fbk.eu\\\/it\\\/iniziative\\\/tecnologie-quantistiche\\\/\"]}]},{\"@type\":\"ImageObject\",\"inLanguage\":\"it-IT\",\"@id\":\"https:\\\/\\\/www.fbk.eu\\\/it\\\/iniziative\\\/tecnologie-quantistiche\\\/#primaryimage\",\"url\":\"https:\\\/\\\/www.fbk.eu\\\/wp-content\\\/uploads\\\/2021\\\/10\\\/FMPS_SensorsAndDevices_Baroni-19-scaled.jpg\",\"contentUrl\":\"https:\\\/\\\/www.fbk.eu\\\/wp-content\\\/uploads\\\/2021\\\/10\\\/FMPS_SensorsAndDevices_Baroni-19-scaled.jpg\",\"width\":2560,\"height\":1801,\"caption\":\"Sensors And Devices - Foto Baroni | Archivio Fotografico FBK\"},{\"@type\":\"BreadcrumbList\",\"@id\":\"https:\\\/\\\/www.fbk.eu\\\/it\\\/iniziative\\\/tecnologie-quantistiche\\\/#breadcrumb\",\"itemListElement\":[{\"@type\":\"ListItem\",\"position\":1,\"name\":\"Home\",\"item\":\"https:\\\/\\\/www.fbk.eu\\\/it\\\/\"},{\"@type\":\"ListItem\",\"position\":2,\"name\":\"Iniziative\",\"item\":\"https:\\\/\\\/www.fbk.eu\\\/it\\\/iniziative\\\/\"},{\"@type\":\"ListItem\",\"position\":3,\"name\":\"Tecnologie quantistiche: dal laboratorio al mercato\"}]},{\"@type\":\"WebSite\",\"@id\":\"https:\\\/\\\/www.fbk.eu\\\/en\\\/#website\",\"url\":\"https:\\\/\\\/www.fbk.eu\\\/en\\\/\",\"name\":\"FBK\",\"description\":\"Fondazione Bruno Kessler\",\"publisher\":{\"@id\":\"https:\\\/\\\/www.fbk.eu\\\/en\\\/#organization\"},\"potentialAction\":[{\"@type\":\"SearchAction\",\"target\":{\"@type\":\"EntryPoint\",\"urlTemplate\":\"https:\\\/\\\/www.fbk.eu\\\/en\\\/?s={search_term_string}\"},\"query-input\":{\"@type\":\"PropertyValueSpecification\",\"valueRequired\":true,\"valueName\":\"search_term_string\"}}],\"inLanguage\":\"it-IT\"},{\"@type\":\"Organization\",\"@id\":\"https:\\\/\\\/www.fbk.eu\\\/en\\\/#organization\",\"name\":\"FBK\",\"url\":\"https:\\\/\\\/www.fbk.eu\\\/en\\\/\",\"logo\":{\"@type\":\"ImageObject\",\"inLanguage\":\"it-IT\",\"@id\":\"https:\\\/\\\/www.fbk.eu\\\/en\\\/#\\\/schema\\\/logo\\\/image\\\/\",\"url\":\"https:\\\/\\\/www.fbk.eu\\\/wp-content\\\/uploads\\\/2022\\\/02\\\/FBK_For-A-Human-Centered-AI.png\",\"contentUrl\":\"https:\\\/\\\/www.fbk.eu\\\/wp-content\\\/uploads\\\/2022\\\/02\\\/FBK_For-A-Human-Centered-AI.png\",\"width\":549,\"height\":224,\"caption\":\"FBK\"},\"image\":{\"@id\":\"https:\\\/\\\/www.fbk.eu\\\/en\\\/#\\\/schema\\\/logo\\\/image\\\/\"}}]}<\/script>\n<!-- \/ Yoast SEO plugin. -->","yoast_head_json":{"title":"Tecnologie quantistiche: dal laboratorio al mercato - FBK","robots":{"index":"index","follow":"follow","max-snippet":"max-snippet:-1","max-image-preview":"max-image-preview:large","max-video-preview":"max-video-preview:-1"},"canonical":"https:\/\/www.fbk.eu\/it\/iniziative\/tecnologie-quantistiche\/","og_locale":"it_IT","og_type":"article","og_url":"https:\/\/www.fbk.eu\/it\/iniziative\/tecnologie-quantistiche\/","og_site_name":"FBK","article_modified_time":"2024-05-03T07:18:17+00:00","og_image":[{"width":2560,"height":1801,"url":"https:\/\/www.fbk.eu\/wp-content\/uploads\/2021\/10\/FMPS_SensorsAndDevices_Baroni-19-scaled.jpg","type":"image\/jpeg"}],"twitter_card":"summary_large_image","twitter_image":"https:\/\/www.fbk.eu\/wp-content\/themes\/fbk-foundation\/images\/opengraph-default.png","twitter_misc":{"Tempo di lettura stimato":"6 minuti"},"schema":{"@context":"https:\/\/schema.org","@graph":[{"@type":"WebPage","@id":"https:\/\/www.fbk.eu\/it\/iniziative\/tecnologie-quantistiche\/","url":"https:\/\/www.fbk.eu\/it\/iniziative\/tecnologie-quantistiche\/","name":"Tecnologie quantistiche: dal laboratorio al mercato - FBK","isPartOf":{"@id":"https:\/\/www.fbk.eu\/en\/#website"},"primaryImageOfPage":{"@id":"https:\/\/www.fbk.eu\/it\/iniziative\/tecnologie-quantistiche\/#primaryimage"},"image":{"@id":"https:\/\/www.fbk.eu\/it\/iniziative\/tecnologie-quantistiche\/#primaryimage"},"thumbnailUrl":"https:\/\/www.fbk.eu\/wp-content\/uploads\/2021\/10\/FMPS_SensorsAndDevices_Baroni-19-scaled.jpg","datePublished":"2021-10-19T12:15:40+00:00","dateModified":"2024-05-03T07:18:17+00:00","breadcrumb":{"@id":"https:\/\/www.fbk.eu\/it\/iniziative\/tecnologie-quantistiche\/#breadcrumb"},"inLanguage":"it-IT","potentialAction":[{"@type":"ReadAction","target":["https:\/\/www.fbk.eu\/it\/iniziative\/tecnologie-quantistiche\/"]}]},{"@type":"ImageObject","inLanguage":"it-IT","@id":"https:\/\/www.fbk.eu\/it\/iniziative\/tecnologie-quantistiche\/#primaryimage","url":"https:\/\/www.fbk.eu\/wp-content\/uploads\/2021\/10\/FMPS_SensorsAndDevices_Baroni-19-scaled.jpg","contentUrl":"https:\/\/www.fbk.eu\/wp-content\/uploads\/2021\/10\/FMPS_SensorsAndDevices_Baroni-19-scaled.jpg","width":2560,"height":1801,"caption":"Sensors And Devices - Foto Baroni | Archivio Fotografico FBK"},{"@type":"BreadcrumbList","@id":"https:\/\/www.fbk.eu\/it\/iniziative\/tecnologie-quantistiche\/#breadcrumb","itemListElement":[{"@type":"ListItem","position":1,"name":"Home","item":"https:\/\/www.fbk.eu\/it\/"},{"@type":"ListItem","position":2,"name":"Iniziative","item":"https:\/\/www.fbk.eu\/it\/iniziative\/"},{"@type":"ListItem","position":3,"name":"Tecnologie quantistiche: dal laboratorio al mercato"}]},{"@type":"WebSite","@id":"https:\/\/www.fbk.eu\/en\/#website","url":"https:\/\/www.fbk.eu\/en\/","name":"FBK","description":"Fondazione Bruno Kessler","publisher":{"@id":"https:\/\/www.fbk.eu\/en\/#organization"},"potentialAction":[{"@type":"SearchAction","target":{"@type":"EntryPoint","urlTemplate":"https:\/\/www.fbk.eu\/en\/?s={search_term_string}"},"query-input":{"@type":"PropertyValueSpecification","valueRequired":true,"valueName":"search_term_string"}}],"inLanguage":"it-IT"},{"@type":"Organization","@id":"https:\/\/www.fbk.eu\/en\/#organization","name":"FBK","url":"https:\/\/www.fbk.eu\/en\/","logo":{"@type":"ImageObject","inLanguage":"it-IT","@id":"https:\/\/www.fbk.eu\/en\/#\/schema\/logo\/image\/","url":"https:\/\/www.fbk.eu\/wp-content\/uploads\/2022\/02\/FBK_For-A-Human-Centered-AI.png","contentUrl":"https:\/\/www.fbk.eu\/wp-content\/uploads\/2022\/02\/FBK_For-A-Human-Centered-AI.png","width":549,"height":224,"caption":"FBK"},"image":{"@id":"https:\/\/www.fbk.eu\/en\/#\/schema\/logo\/image\/"}}]}},"meta_box":{"_banners":[],"_boxes":[{"attachment":["17379"],"title":"Contatti","subtitle":"Andrea Simoni","post":"","url":"https:\/\/www.fbk.eu\/it\/il-curriculum-di-andrea-simoni\/"}],"_center_url":"","_center_numbers":[],"_center_vision":"","_center_mission":"","_center_director":[],"_center_magazine_url":"","_hubs":[],"_people":[],"_facts":[],"_humanities_and_social_sciences":[],"_companies":[],"_others":[],"_universities":[],"_science_and_technology":[],"_sidebar":""},"_links":{"self":[{"href":"https:\/\/www.fbk.eu\/it\/wp-json\/wp\/v2\/pages\/20193","targetHints":{"allow":["GET"]}}],"collection":[{"href":"https:\/\/www.fbk.eu\/it\/wp-json\/wp\/v2\/pages"}],"about":[{"href":"https:\/\/www.fbk.eu\/it\/wp-json\/wp\/v2\/types\/page"}],"author":[{"embeddable":true,"href":"https:\/\/www.fbk.eu\/it\/wp-json\/wp\/v2\/users\/4"}],"replies":[{"embeddable":true,"href":"https:\/\/www.fbk.eu\/it\/wp-json\/wp\/v2\/comments?post=20193"}],"version-history":[{"count":0,"href":"https:\/\/www.fbk.eu\/it\/wp-json\/wp\/v2\/pages\/20193\/revisions"}],"up":[{"embeddable":true,"href":"https:\/\/www.fbk.eu\/it\/wp-json\/wp\/v2\/pages\/1643"}],"wp:featuredmedia":[{"embeddable":true,"href":"https:\/\/www.fbk.eu\/it\/wp-json\/wp\/v2\/media\/20194"}],"wp:attachment":[{"href":"https:\/\/www.fbk.eu\/it\/wp-json\/wp\/v2\/media?parent=20193"}],"curies":[{"name":"wp","href":"https:\/\/api.w.org\/{rel}","templated":true}]}}