{"id":17463,"date":"2020-12-29T09:32:44","date_gmt":"2020-12-29T08:32:44","guid":{"rendered":"https:\/\/www.fbk.eu\/?page_id=17463"},"modified":"2024-05-02T16:23:59","modified_gmt":"2024-05-02T14:23:59","slug":"health-emergencies","status":"publish","type":"page","link":"https:\/\/www.fbk.eu\/it\/health-emergencies\/","title":{"rendered":"Health Emergencies"},"content":{"rendered":"\t\t<div data-elementor-type=\"wp-page\" data-elementor-id=\"17463\" class=\"elementor elementor-17463 elementor-17460\" data-elementor-post-type=\"page\">\n\t\t\t\t<div class=\"elementor-element elementor-element-2974029 e-flex e-con-boxed e-con e-parent\" data-id=\"2974029\" data-element_type=\"container\" data-e-type=\"container\">\n\t\t\t\t\t<div class=\"e-con-inner\">\n\t\t\t\t<div class=\"elementor-element elementor-element-940e91d elementor-view-default elementor-widget elementor-widget-icon\" data-id=\"940e91d\" data-element_type=\"widget\" data-e-type=\"widget\" data-widget_type=\"icon.default\">\n\t\t\t\t<div class=\"elementor-widget-container\">\n\t\t\t\t\t\t\t<div class=\"elementor-icon-wrapper\">\n\t\t\t<a class=\"elementor-icon\" href=\"https:\/\/www.fbk.eu\/wp-content\/uploads\/2024\/05\/2024_FBK_Centro-Health-Emergencies_ITA.pdf\">\n\t\t\t<i aria-hidden=\"true\" class=\"fas fa-file-pdf\"><\/i>\t\t\t<\/a>\n\t\t<\/div>\n\t\t\t\t\t\t<\/div>\n\t\t\t\t<\/div>\n\t\t\t\t<div class=\"elementor-element elementor-element-51a59cf elementor-widget elementor-widget-text-editor\" data-id=\"51a59cf\" data-element_type=\"widget\" data-e-type=\"widget\" data-widget_type=\"text-editor.default\">\n\t\t\t\t<div class=\"elementor-widget-container\">\n\t\t\t\t\t\t\t\t\t<p><a href=\"https:\/\/www.fbk.eu\/wp-content\/uploads\/2024\/05\/2024_FBK_Centro-Health-Emergencies_ITA.pdf\">Scarica la scheda<\/a><\/p>\t\t\t\t\t\t\t\t<\/div>\n\t\t\t\t<\/div>\n\t\t\t\t\t<\/div>\n\t\t\t\t<\/div>\n\t\t<div class=\"elementor-element elementor-element-5dc4b543 e-flex e-con-boxed e-con e-parent\" data-id=\"5dc4b543\" data-element_type=\"container\" data-e-type=\"container\">\n\t\t\t\t\t<div class=\"e-con-inner\">\n\t\t\t\t<div class=\"elementor-element elementor-element-1314f3a5 elementor-widget elementor-widget-text-editor\" data-id=\"1314f3a5\" data-element_type=\"widget\" data-e-type=\"widget\" data-widget_type=\"text-editor.default\">\n\t\t\t\t<div class=\"elementor-widget-container\">\n\t\t\t\t\t\t\t\t\tIl Centro Health Emergencies, combinando conoscenze di epidemiologia delle malattie infettive e di modellistica matematica e computazionale, sviluppa metodi di epidemiologia quantitativa per rafforzare la sorveglianza epidemiologica attraverso tre fasi: raccolta sistematica di dati pertinenti (sanitari e no); analisi e sintesi dei dati; diffusione dei risultati.\t\t\t\t\t\t\t\t<\/div>\n\t\t\t\t<\/div>\n\t\t\t\t\t<\/div>\n\t\t\t\t<\/div>\n\t\t\t\t<\/div>\n\t\t","protected":false},"excerpt":{"rendered":"<p>Scarica la scheda Il Centro Health Emergencies, combinando conoscenze di epidemiologia delle malattie infettive e di modellistica matematica e computazionale, sviluppa metodi di epidemiologia quantitativa per rafforzare la sorveglianza epidemiologica attraverso tre fasi: raccolta sistematica di dati pertinenti (sanitari e no); analisi e sintesi dei dati; diffusione dei risultati.<\/p>\n","protected":false},"author":4,"featured_media":17642,"parent":0,"menu_order":0,"comment_status":"closed","ping_status":"closed","template":"page-templates\/foundation-centers-detail.php","meta":{"footnotes":""},"class_list":["post-17463","page","type-page","status-publish","has-post-thumbnail","hentry"],"yoast_head":"<!-- This site is optimized with the Yoast SEO plugin v27.5 - https:\/\/yoast.com\/product\/yoast-seo-wordpress\/ -->\n<title>Health Emergencies - FBK<\/title>\n<meta name=\"robots\" content=\"index, follow, max-snippet:-1, max-image-preview:large, max-video-preview:-1\" \/>\n<link rel=\"canonical\" href=\"https:\/\/www.fbk.eu\/it\/health-emergencies\/\" \/>\n<meta property=\"og:locale\" content=\"it_IT\" \/>\n<meta property=\"og:type\" content=\"article\" \/>\n<meta property=\"og:url\" content=\"https:\/\/www.fbk.eu\/it\/health-emergencies\/\" \/>\n<meta property=\"og:site_name\" content=\"FBK\" \/>\n<meta property=\"article:modified_time\" content=\"2024-05-02T14:23:59+00:00\" \/>\n<meta property=\"og:image\" content=\"https:\/\/www.fbk.eu\/wp-content\/uploads\/2020\/12\/Cover-Health-and-Emergencies.jpg\" \/>\n\t<meta property=\"og:image:width\" content=\"2000\" \/>\n\t<meta property=\"og:image:height\" content=\"1333\" \/>\n\t<meta property=\"og:image:type\" content=\"image\/jpeg\" \/>\n<meta name=\"twitter:card\" content=\"summary_large_image\" \/>\n<meta name=\"twitter:image\" content=\"https:\/\/www.fbk.eu\/wp-content\/themes\/fbk-foundation\/images\/opengraph-default.png\" \/>\n<meta name=\"twitter:label1\" content=\"Tempo di lettura stimato\" \/>\n\t<meta name=\"twitter:data1\" content=\"1 minuto\" \/>\n<script type=\"application\/ld+json\" class=\"yoast-schema-graph\">{\"@context\":\"https:\\\/\\\/schema.org\",\"@graph\":[{\"@type\":\"WebPage\",\"@id\":\"https:\\\/\\\/www.fbk.eu\\\/it\\\/health-emergencies\\\/\",\"url\":\"https:\\\/\\\/www.fbk.eu\\\/it\\\/health-emergencies\\\/\",\"name\":\"Health Emergencies - FBK\",\"isPartOf\":{\"@id\":\"https:\\\/\\\/www.fbk.eu\\\/en\\\/#website\"},\"primaryImageOfPage\":{\"@id\":\"https:\\\/\\\/www.fbk.eu\\\/it\\\/health-emergencies\\\/#primaryimage\"},\"image\":{\"@id\":\"https:\\\/\\\/www.fbk.eu\\\/it\\\/health-emergencies\\\/#primaryimage\"},\"thumbnailUrl\":\"https:\\\/\\\/www.fbk.eu\\\/wp-content\\\/uploads\\\/2020\\\/12\\\/Cover-Health-and-Emergencies.jpg\",\"datePublished\":\"2020-12-29T08:32:44+00:00\",\"dateModified\":\"2024-05-02T14:23:59+00:00\",\"breadcrumb\":{\"@id\":\"https:\\\/\\\/www.fbk.eu\\\/it\\\/health-emergencies\\\/#breadcrumb\"},\"inLanguage\":\"it-IT\",\"potentialAction\":[{\"@type\":\"ReadAction\",\"target\":[\"https:\\\/\\\/www.fbk.eu\\\/it\\\/health-emergencies\\\/\"]}]},{\"@type\":\"ImageObject\",\"inLanguage\":\"it-IT\",\"@id\":\"https:\\\/\\\/www.fbk.eu\\\/it\\\/health-emergencies\\\/#primaryimage\",\"url\":\"https:\\\/\\\/www.fbk.eu\\\/wp-content\\\/uploads\\\/2020\\\/12\\\/Cover-Health-and-Emergencies.jpg\",\"contentUrl\":\"https:\\\/\\\/www.fbk.eu\\\/wp-content\\\/uploads\\\/2020\\\/12\\\/Cover-Health-and-Emergencies.jpg\",\"width\":2000,\"height\":1333},{\"@type\":\"BreadcrumbList\",\"@id\":\"https:\\\/\\\/www.fbk.eu\\\/it\\\/health-emergencies\\\/#breadcrumb\",\"itemListElement\":[{\"@type\":\"ListItem\",\"position\":1,\"name\":\"Home\",\"item\":\"https:\\\/\\\/www.fbk.eu\\\/it\\\/\"},{\"@type\":\"ListItem\",\"position\":2,\"name\":\"Health Emergencies\"}]},{\"@type\":\"WebSite\",\"@id\":\"https:\\\/\\\/www.fbk.eu\\\/en\\\/#website\",\"url\":\"https:\\\/\\\/www.fbk.eu\\\/en\\\/\",\"name\":\"FBK\",\"description\":\"Fondazione Bruno Kessler\",\"publisher\":{\"@id\":\"https:\\\/\\\/www.fbk.eu\\\/en\\\/#organization\"},\"potentialAction\":[{\"@type\":\"SearchAction\",\"target\":{\"@type\":\"EntryPoint\",\"urlTemplate\":\"https:\\\/\\\/www.fbk.eu\\\/en\\\/?s={search_term_string}\"},\"query-input\":{\"@type\":\"PropertyValueSpecification\",\"valueRequired\":true,\"valueName\":\"search_term_string\"}}],\"inLanguage\":\"it-IT\"},{\"@type\":\"Organization\",\"@id\":\"https:\\\/\\\/www.fbk.eu\\\/en\\\/#organization\",\"name\":\"FBK\",\"url\":\"https:\\\/\\\/www.fbk.eu\\\/en\\\/\",\"logo\":{\"@type\":\"ImageObject\",\"inLanguage\":\"it-IT\",\"@id\":\"https:\\\/\\\/www.fbk.eu\\\/en\\\/#\\\/schema\\\/logo\\\/image\\\/\",\"url\":\"https:\\\/\\\/www.fbk.eu\\\/wp-content\\\/uploads\\\/2022\\\/02\\\/FBK_For-A-Human-Centered-AI.png\",\"contentUrl\":\"https:\\\/\\\/www.fbk.eu\\\/wp-content\\\/uploads\\\/2022\\\/02\\\/FBK_For-A-Human-Centered-AI.png\",\"width\":549,\"height\":224,\"caption\":\"FBK\"},\"image\":{\"@id\":\"https:\\\/\\\/www.fbk.eu\\\/en\\\/#\\\/schema\\\/logo\\\/image\\\/\"}}]}<\/script>\n<!-- \/ Yoast SEO plugin. -->","yoast_head_json":{"title":"Health Emergencies - FBK","robots":{"index":"index","follow":"follow","max-snippet":"max-snippet:-1","max-image-preview":"max-image-preview:large","max-video-preview":"max-video-preview:-1"},"canonical":"https:\/\/www.fbk.eu\/it\/health-emergencies\/","og_locale":"it_IT","og_type":"article","og_url":"https:\/\/www.fbk.eu\/it\/health-emergencies\/","og_site_name":"FBK","article_modified_time":"2024-05-02T14:23:59+00:00","og_image":[{"width":2000,"height":1333,"url":"https:\/\/www.fbk.eu\/wp-content\/uploads\/2020\/12\/Cover-Health-and-Emergencies.jpg","type":"image\/jpeg"}],"twitter_card":"summary_large_image","twitter_image":"https:\/\/www.fbk.eu\/wp-content\/themes\/fbk-foundation\/images\/opengraph-default.png","twitter_misc":{"Tempo di lettura stimato":"1 minuto"},"schema":{"@context":"https:\/\/schema.org","@graph":[{"@type":"WebPage","@id":"https:\/\/www.fbk.eu\/it\/health-emergencies\/","url":"https:\/\/www.fbk.eu\/it\/health-emergencies\/","name":"Health Emergencies - FBK","isPartOf":{"@id":"https:\/\/www.fbk.eu\/en\/#website"},"primaryImageOfPage":{"@id":"https:\/\/www.fbk.eu\/it\/health-emergencies\/#primaryimage"},"image":{"@id":"https:\/\/www.fbk.eu\/it\/health-emergencies\/#primaryimage"},"thumbnailUrl":"https:\/\/www.fbk.eu\/wp-content\/uploads\/2020\/12\/Cover-Health-and-Emergencies.jpg","datePublished":"2020-12-29T08:32:44+00:00","dateModified":"2024-05-02T14:23:59+00:00","breadcrumb":{"@id":"https:\/\/www.fbk.eu\/it\/health-emergencies\/#breadcrumb"},"inLanguage":"it-IT","potentialAction":[{"@type":"ReadAction","target":["https:\/\/www.fbk.eu\/it\/health-emergencies\/"]}]},{"@type":"ImageObject","inLanguage":"it-IT","@id":"https:\/\/www.fbk.eu\/it\/health-emergencies\/#primaryimage","url":"https:\/\/www.fbk.eu\/wp-content\/uploads\/2020\/12\/Cover-Health-and-Emergencies.jpg","contentUrl":"https:\/\/www.fbk.eu\/wp-content\/uploads\/2020\/12\/Cover-Health-and-Emergencies.jpg","width":2000,"height":1333},{"@type":"BreadcrumbList","@id":"https:\/\/www.fbk.eu\/it\/health-emergencies\/#breadcrumb","itemListElement":[{"@type":"ListItem","position":1,"name":"Home","item":"https:\/\/www.fbk.eu\/it\/"},{"@type":"ListItem","position":2,"name":"Health Emergencies"}]},{"@type":"WebSite","@id":"https:\/\/www.fbk.eu\/en\/#website","url":"https:\/\/www.fbk.eu\/en\/","name":"FBK","description":"Fondazione Bruno Kessler","publisher":{"@id":"https:\/\/www.fbk.eu\/en\/#organization"},"potentialAction":[{"@type":"SearchAction","target":{"@type":"EntryPoint","urlTemplate":"https:\/\/www.fbk.eu\/en\/?s={search_term_string}"},"query-input":{"@type":"PropertyValueSpecification","valueRequired":true,"valueName":"search_term_string"}}],"inLanguage":"it-IT"},{"@type":"Organization","@id":"https:\/\/www.fbk.eu\/en\/#organization","name":"FBK","url":"https:\/\/www.fbk.eu\/en\/","logo":{"@type":"ImageObject","inLanguage":"it-IT","@id":"https:\/\/www.fbk.eu\/en\/#\/schema\/logo\/image\/","url":"https:\/\/www.fbk.eu\/wp-content\/uploads\/2022\/02\/FBK_For-A-Human-Centered-AI.png","contentUrl":"https:\/\/www.fbk.eu\/wp-content\/uploads\/2022\/02\/FBK_For-A-Human-Centered-AI.png","width":549,"height":224,"caption":"FBK"},"image":{"@id":"https:\/\/www.fbk.eu\/en\/#\/schema\/logo\/image\/"}}]}},"meta_box":{"_banners":[],"_boxes":[],"_center_url":"https:\/\/he.fbk.eu","_center_numbers":[{"number":"","text":""}],"_center_vision":"<span style=\"font-weight: 400;\">In linea con la mission di FBK, che punta a raggiungere risultati di eccellenza scientifica e a produrre impatto sulla societ\u00e0, il centro Health Emergencies si pone come obiettivo quello di sviluppare la ricerca epidemiologica di base per aumentare la conoscenza sui fattori principali che regolano la trasmissione delle malattie infettive, sviluppando metodi - principalmente basati sulla modellizzazione matematica e computazionale - per fornire indicazioni ai decisori allo scopo di migliorare preparazione, prevenzione e risposta alle emergenze sanitarie determinate dalle\u00a0 malattie trasmissibili.<\/span>","_center_mission":"Nel 2021 il Centro focalizzer\u00e0 la propria attivit\u00e0 di ricerca e pubblicazioni scientifiche sul virus SARS-CoV-2 e porter\u00e0 avanti parallelamente gli studi sulle malattie trasmesse da vettori. Tra le varie collaborazioni in essere, di particolare rilievo quella con l'Istituto Superiore di Sanit\u00e0 e le attivit\u00e0 dell'unit\u00e0 di ricerca congiunta <a href=\"https:\/\/magazine.fbk.eu\/en\/news\/a-research-unit-to-fight-mosquitoes-and-invasive-species-has-been-created\/\" target=\"_blank\" rel=\"noopener\" data-saferedirecturl=\"https:\/\/www.google.com\/url?q=https:\/\/magazine.fbk.eu\/en\/news\/a-research-unit-to-fight-mosquitoes-and-invasive-species-has-been-created\/&amp;source=gmail&amp;ust=1629446112421000&amp;usg=AFQjCNFIL8I_lzXjcoaBrt_-Fv4yg-OwyA\">FBK-FEM EPILAB<\/a><span style=\"color: #333333; font-family: Montserrat, sans-serif;\">, che unisce le competenze in epidemiologia quantitativa di FBK con la ricerca di laboratorio e su campo di <a href=\"https:\/\/www.fmach.it\/\"><span style=\"font-weight: 400;\">FEM<\/span><\/a>.<\/span>\r\n\r\n&nbsp;\r\n\r\nHealth Emergencies Center - FBK\u00a0 <strong><a href=\"https:\/\/drive.google.com\/file\/d\/1MTG7cgn7P4-6HoSz6P04xltcyf8YfmCG\/view?usp=sharing\"><i>Publications List<\/i><\/a><\/strong>\r\n\r\n&nbsp;","_center_director":{"image":"https:\/\/www.fbk.eu\/wp-content\/uploads\/2020\/12\/Health-and-Emergencies_Stefano-Merler-scaled.jpg","name":"Stefano Merler","email":"merler@fbk.eu","phone":"","url":""},"_center_magazine_url":"https:\/\/magazine.fbk.eu\/it\/tags\/emergenzesalute\/","_hubs":[],"_people":[],"_facts":[],"_humanities_and_social_sciences":[],"_companies":[],"_others":[],"_universities":[],"_science_and_technology":[],"_sidebar":""},"_links":{"self":[{"href":"https:\/\/www.fbk.eu\/it\/wp-json\/wp\/v2\/pages\/17463","targetHints":{"allow":["GET"]}}],"collection":[{"href":"https:\/\/www.fbk.eu\/it\/wp-json\/wp\/v2\/pages"}],"about":[{"href":"https:\/\/www.fbk.eu\/it\/wp-json\/wp\/v2\/types\/page"}],"author":[{"embeddable":true,"href":"https:\/\/www.fbk.eu\/it\/wp-json\/wp\/v2\/users\/4"}],"replies":[{"embeddable":true,"href":"https:\/\/www.fbk.eu\/it\/wp-json\/wp\/v2\/comments?post=17463"}],"version-history":[{"count":0,"href":"https:\/\/www.fbk.eu\/it\/wp-json\/wp\/v2\/pages\/17463\/revisions"}],"wp:featuredmedia":[{"embeddable":true,"href":"https:\/\/www.fbk.eu\/it\/wp-json\/wp\/v2\/media\/17642"}],"wp:attachment":[{"href":"https:\/\/www.fbk.eu\/it\/wp-json\/wp\/v2\/media?parent=17463"}],"curies":[{"name":"wp","href":"https:\/\/api.w.org\/{rel}","templated":true}]}}