{"id":17275,"date":"2020-12-29T09:07:12","date_gmt":"2020-12-29T08:07:12","guid":{"rendered":"http:\/\/www.fbk.eu\/?page_id=17275"},"modified":"2025-01-09T10:26:02","modified_gmt":"2025-01-09T09:26:02","slug":"centri-di-ricerca","status":"publish","type":"page","link":"https:\/\/www.fbk.eu\/it\/centri-di-ricerca\/","title":{"rendered":"Centri di Ricerca"},"content":{"rendered":"<p>Frutto di una storia lunga pi\u00f9 di mezzo secolo, attraverso 12 centri di ricerca, pi\u00f9 di 620 ricercatrici e ricercatori, FBK mira a risultati di eccellenza in ambito scientifico e tecnologico con particolare riguardo agli approcci interdisciplinari e alla dimensione applicativa.<\/p>\n","protected":false},"excerpt":{"rendered":"<p>Frutto di una storia lunga pi\u00f9 di mezzo secolo, attraverso 12 centri di ricerca, pi\u00f9 di 620 ricercatrici e ricercatori, FBK mira a risultati di eccellenza in ambito scientifico e tecnologico con particolare riguardo agli approcci interdisciplinari e alla dimensione applicativa.<\/p>\n","protected":false},"author":3,"featured_media":0,"parent":0,"menu_order":0,"comment_status":"closed","ping_status":"closed","template":"page-templates\/foundation-centers.php","meta":{"footnotes":""},"class_list":["post-17275","page","type-page","status-publish","hentry"],"yoast_head":"<!-- This site is optimized with the Yoast SEO plugin v27.4 - https:\/\/yoast.com\/product\/yoast-seo-wordpress\/ -->\n<title>Centri di Ricerca - FBK<\/title>\n<meta name=\"robots\" content=\"index, follow, max-snippet:-1, max-image-preview:large, max-video-preview:-1\" \/>\n<link rel=\"canonical\" href=\"https:\/\/www.fbk.eu\/it\/centri-di-ricerca\/\" \/>\n<meta property=\"og:locale\" content=\"it_IT\" \/>\n<meta property=\"og:type\" content=\"article\" \/>\n<meta property=\"og:url\" content=\"https:\/\/www.fbk.eu\/it\/centri-di-ricerca\/\" \/>\n<meta property=\"og:site_name\" content=\"FBK\" \/>\n<meta property=\"article:modified_time\" content=\"2025-01-09T09:26:02+00:00\" \/>\n<meta name=\"twitter:card\" content=\"summary_large_image\" \/>\n<meta name=\"twitter:image\" content=\"https:\/\/www.fbk.eu\/wp-content\/themes\/fbk-foundation\/images\/opengraph-default.png\" \/>\n<meta name=\"twitter:label1\" content=\"Tempo di lettura stimato\" \/>\n\t<meta name=\"twitter:data1\" content=\"1 minuto\" \/>\n<script type=\"application\/ld+json\" class=\"yoast-schema-graph\">{\"@context\":\"https:\\\/\\\/schema.org\",\"@graph\":[{\"@type\":\"WebPage\",\"@id\":\"https:\\\/\\\/www.fbk.eu\\\/it\\\/centri-di-ricerca\\\/\",\"url\":\"https:\\\/\\\/www.fbk.eu\\\/it\\\/centri-di-ricerca\\\/\",\"name\":\"Centri di Ricerca - FBK\",\"isPartOf\":{\"@id\":\"https:\\\/\\\/www.fbk.eu\\\/en\\\/#website\"},\"datePublished\":\"2020-12-29T08:07:12+00:00\",\"dateModified\":\"2025-01-09T09:26:02+00:00\",\"breadcrumb\":{\"@id\":\"https:\\\/\\\/www.fbk.eu\\\/it\\\/centri-di-ricerca\\\/#breadcrumb\"},\"inLanguage\":\"it-IT\",\"potentialAction\":[{\"@type\":\"ReadAction\",\"target\":[\"https:\\\/\\\/www.fbk.eu\\\/it\\\/centri-di-ricerca\\\/\"]}]},{\"@type\":\"BreadcrumbList\",\"@id\":\"https:\\\/\\\/www.fbk.eu\\\/it\\\/centri-di-ricerca\\\/#breadcrumb\",\"itemListElement\":[{\"@type\":\"ListItem\",\"position\":1,\"name\":\"Home\",\"item\":\"https:\\\/\\\/www.fbk.eu\\\/it\\\/\"},{\"@type\":\"ListItem\",\"position\":2,\"name\":\"Centri di Ricerca\"}]},{\"@type\":\"WebSite\",\"@id\":\"https:\\\/\\\/www.fbk.eu\\\/en\\\/#website\",\"url\":\"https:\\\/\\\/www.fbk.eu\\\/en\\\/\",\"name\":\"FBK\",\"description\":\"Fondazione Bruno Kessler\",\"publisher\":{\"@id\":\"https:\\\/\\\/www.fbk.eu\\\/en\\\/#organization\"},\"potentialAction\":[{\"@type\":\"SearchAction\",\"target\":{\"@type\":\"EntryPoint\",\"urlTemplate\":\"https:\\\/\\\/www.fbk.eu\\\/en\\\/?s={search_term_string}\"},\"query-input\":{\"@type\":\"PropertyValueSpecification\",\"valueRequired\":true,\"valueName\":\"search_term_string\"}}],\"inLanguage\":\"it-IT\"},{\"@type\":\"Organization\",\"@id\":\"https:\\\/\\\/www.fbk.eu\\\/en\\\/#organization\",\"name\":\"FBK\",\"url\":\"https:\\\/\\\/www.fbk.eu\\\/en\\\/\",\"logo\":{\"@type\":\"ImageObject\",\"inLanguage\":\"it-IT\",\"@id\":\"https:\\\/\\\/www.fbk.eu\\\/en\\\/#\\\/schema\\\/logo\\\/image\\\/\",\"url\":\"https:\\\/\\\/www.fbk.eu\\\/wp-content\\\/uploads\\\/2022\\\/02\\\/FBK_For-A-Human-Centered-AI.png\",\"contentUrl\":\"https:\\\/\\\/www.fbk.eu\\\/wp-content\\\/uploads\\\/2022\\\/02\\\/FBK_For-A-Human-Centered-AI.png\",\"width\":549,\"height\":224,\"caption\":\"FBK\"},\"image\":{\"@id\":\"https:\\\/\\\/www.fbk.eu\\\/en\\\/#\\\/schema\\\/logo\\\/image\\\/\"}}]}<\/script>\n<!-- \/ Yoast SEO plugin. -->","yoast_head_json":{"title":"Centri di Ricerca - FBK","robots":{"index":"index","follow":"follow","max-snippet":"max-snippet:-1","max-image-preview":"max-image-preview:large","max-video-preview":"max-video-preview:-1"},"canonical":"https:\/\/www.fbk.eu\/it\/centri-di-ricerca\/","og_locale":"it_IT","og_type":"article","og_url":"https:\/\/www.fbk.eu\/it\/centri-di-ricerca\/","og_site_name":"FBK","article_modified_time":"2025-01-09T09:26:02+00:00","twitter_card":"summary_large_image","twitter_image":"https:\/\/www.fbk.eu\/wp-content\/themes\/fbk-foundation\/images\/opengraph-default.png","twitter_misc":{"Tempo di lettura stimato":"1 minuto"},"schema":{"@context":"https:\/\/schema.org","@graph":[{"@type":"WebPage","@id":"https:\/\/www.fbk.eu\/it\/centri-di-ricerca\/","url":"https:\/\/www.fbk.eu\/it\/centri-di-ricerca\/","name":"Centri di Ricerca - FBK","isPartOf":{"@id":"https:\/\/www.fbk.eu\/en\/#website"},"datePublished":"2020-12-29T08:07:12+00:00","dateModified":"2025-01-09T09:26:02+00:00","breadcrumb":{"@id":"https:\/\/www.fbk.eu\/it\/centri-di-ricerca\/#breadcrumb"},"inLanguage":"it-IT","potentialAction":[{"@type":"ReadAction","target":["https:\/\/www.fbk.eu\/it\/centri-di-ricerca\/"]}]},{"@type":"BreadcrumbList","@id":"https:\/\/www.fbk.eu\/it\/centri-di-ricerca\/#breadcrumb","itemListElement":[{"@type":"ListItem","position":1,"name":"Home","item":"https:\/\/www.fbk.eu\/it\/"},{"@type":"ListItem","position":2,"name":"Centri di Ricerca"}]},{"@type":"WebSite","@id":"https:\/\/www.fbk.eu\/en\/#website","url":"https:\/\/www.fbk.eu\/en\/","name":"FBK","description":"Fondazione Bruno Kessler","publisher":{"@id":"https:\/\/www.fbk.eu\/en\/#organization"},"potentialAction":[{"@type":"SearchAction","target":{"@type":"EntryPoint","urlTemplate":"https:\/\/www.fbk.eu\/en\/?s={search_term_string}"},"query-input":{"@type":"PropertyValueSpecification","valueRequired":true,"valueName":"search_term_string"}}],"inLanguage":"it-IT"},{"@type":"Organization","@id":"https:\/\/www.fbk.eu\/en\/#organization","name":"FBK","url":"https:\/\/www.fbk.eu\/en\/","logo":{"@type":"ImageObject","inLanguage":"it-IT","@id":"https:\/\/www.fbk.eu\/en\/#\/schema\/logo\/image\/","url":"https:\/\/www.fbk.eu\/wp-content\/uploads\/2022\/02\/FBK_For-A-Human-Centered-AI.png","contentUrl":"https:\/\/www.fbk.eu\/wp-content\/uploads\/2022\/02\/FBK_For-A-Human-Centered-AI.png","width":549,"height":224,"caption":"FBK"},"image":{"@id":"https:\/\/www.fbk.eu\/en\/#\/schema\/logo\/image\/"}}]}},"meta_box":{"_banners":[],"_boxes":[],"_center_url":"","_center_numbers":[],"_center_vision":"","_center_mission":"","_center_director":[],"_center_magazine_url":"","_hubs":[],"_people":[],"_facts":[],"_humanities_and_social_sciences":[{"image":["17650"],"title":"<a href=\"https:\/\/www.fbk.eu\/it\/ricerca-valutativa-delle-politiche-pubbliche\/\">Istituto per la Ricerca Valutativa sulle Politiche Pubbliche <\/a>","description":"Insieme alla sua attivit\u00e0 di ricerca l\u2019Istituto per la Ricerca Valutativa delle Politiche Pubbliche (FBK-IRVAPP) si occupa di formazione dei ricercatori, delle autorit\u00e0 e degli amministratori pubblici su questioni di valutazione dell\u2019impatto...","url_label":"Leggi tutto","url":"https:\/\/www.fbk.eu\/it\/ricerca-valutativa-delle-politiche-pubbliche\/"},{"image":["17652"],"title":"<a href=\"https:\/\/www.fbk.eu\/it\/scienze-religiose\/\">SCIENZE RELIGIOSE<\/a>","subtitle":"    ","description":"Il Centro per le Scienze Religiose \u00e8 un istituto che si occupa di ricerca interdisciplinare nel campo della religione e si occupa di numerosi progetti di ricerca...","url_label":"Leggi tutto","url":"https:\/\/www.fbk.eu\/it\/scienze-religiose\/"},{"image":["17654"],"title":"<a href=\"https:\/\/www.fbk.eu\/it\/studi-storici-italo-germanici\/\">Studi Storici Italo Germanici<\/a>","description":"L\u2019Istituto Storico Italo-Germanico (ISIG) \u00e8 un centro di ricerca che promuove attivit\u00e0 di studio legate alla storia moderna e contemporanea, con particolare riguardo all\u2019area italiana e tedesca...\r\n","url_label":"Leggi tutto","url":"https:\/\/www.fbk.eu\/it\/studi-storici-italo-germanici\/"}],"_companies":[],"_others":[],"_universities":[],"_science_and_technology":[{"image":["27689"],"title":"AUGMENTED INTELLIGENCE","description":"L\u2019Augmented Intelligence sfrutta l\u2019intelligenza artificiale per potenziare e migliorare il processo decisionale umano, la risoluzione di problemi e la realizzazione di attivit\u00e0 complesse tramite sistemi autonomi cooperativi che amplificano ed estendono le capacit\u00e0 umane... ","url_label":"Leggi tutto","url":"https:\/\/www.fbk.eu\/it\/augmented-intelligence\/"},{"image":["17638"],"title":"<a href=\"https:\/\/www.fbk.eu\/it\/cybersecurity\/\">CYBERSECURITY<\/a>","description":"I vantaggi dell'innovazione digitale non sono privi di rischi come la perdita del controllo sui dati personali dei  cittadini, distorsioni del  vita democratica delle nazioni dovute alle fake news e attacchi informatici...\r\n","url_label":"Leggi tutto","url":"https:\/\/www.fbk.eu\/it\/cybersecurity\/"},{"image":["17632"],"title":"<a href=\"https:\/\/www.fbk.eu\/it\/digital-society\/\">Digital Society<\/a>","description":"Le tecnologie digitali stanno ridisegnando la nostra societ\u00e0, e lo stanno facendo con un'intensit\u00e0 e una velocit\u00e0 mai viste in precedenza; stanno giocando un ruolo sempre maggiore nella nostra vita...\r\n\r\n","url_label":"Leggi tutto","url":"https:\/\/www.fbk.eu\/it\/digital-society\/"},{"image":["17634"],"title":"<a href=\"https:\/\/www.fbk.eu\/it\/digital-industry\">Digital Industry<\/a>","description":"Il Centro Digital Industry focalizza la sua ricerca sulle tecnologie digitali per l\u2019industria realizzando applicazioni per sistemi critici, sistemi adattivi e autonomi, sistemi di percezione avanzata, di diagnostica e predizione...","url_label":"Leggi tutto","url":"https:\/\/www.fbk.eu\/it\/digital-industry"},{"image":["17640"],"title":"<a href=\"https:\/\/www.fbk.eu\/it\/digital-healthwellbeing\/\">Digital Health and Wellbeing <\/a>","description":"Le attivit\u00e0 del Centro Digital Health&Wellbeing riguardano principalmente la ricerca scientifica di eccellenza nell\u2019ambito delle tecniche e metodologie della Computer Science e della AI per la salute e la sanit\u00e0...","url_label":"Leggi tutto","url":"https:\/\/www.fbk.eu\/it\/digital-healthwellbeing\/"},{"image":["17642"],"title":"<a href=\"https:\/\/www.fbk.eu\/it\/health-emergencies\/\">Health Emergencies  <\/a>","description":"Il Centro Health Emergencies, combinando conoscenze di epidemiologia delle malattie infettive e di modellistica matematica e computazionale, sviluppa metodi di epidemiologia quantitativa per rafforzare la sorveglianza epidemiologica...","url_label":"Leggi tutto","url":"https:\/\/www.fbk.eu\/it\/health-emergencies\/"},{"image":["18177"],"title":"<a href=\"https:\/\/www.fbk.eu\/it\/sustainable-energy\/\"> Sustainable Energy <\/a>","description":"Il centro \u201cSustainable Energy\u201d si fonda sugli obiettivi di \u201cdecarbonizzazione\u201d, che richiedono maggiore  flessibilit\u00e0 del sistema energetico attraverso lo sviluppo di nuove e pi\u00f9 intelligenti reti gas ed elettriche e attraverso l'uso di vettori energetici...","url_label":"Leggi tutto","url":"https:\/\/www.fbk.eu\/it\/sustainable-energy\/"},{"image":["17648"],"title":"<a href=\"https:\/\/www.fbk.eu\/it\/sensors-devices\/\">SENSORS & DEVICES<\/a>","description":"Focus del Centro SD sono i sensori e i dispositivi altamente integrati, prodotti di eccellenza della ricerca e per l\u2019innovazione industriale, basati su tecniche MEMS, CMOS, fotonica e funzionalizzazione di superficie e interfacce...\r\n","url_label":"Leggi tutto","url":"https:\/\/www.fbk.eu\/it\/sensors-devices\/"},{"image":["17646"],"title":"<a href=\"https:\/\/www.fbk.eu\/it\/studi-teorici-in-fisica-nucleare-e-aree-correlate\/\">Theoretical Studies in Nuclear Physics and Related Areas <\/a>","description":"Il Centro Europeo per gli Studi Teorici in Fisica Nucleare e Aree Correlate (ECT*) di Trento offre un insieme dedicato e strutturato di attivit\u00e0 scientifiche per una vasta comunit\u00e0 scientifica internazionale...","url_label":"Leggi tutto","url":"https:\/\/www.fbk.eu\/it\/studi-teorici-in-fisica-nucleare-e-aree-correlate\/"}],"_sidebar":""},"_links":{"self":[{"href":"https:\/\/www.fbk.eu\/it\/wp-json\/wp\/v2\/pages\/17275","targetHints":{"allow":["GET"]}}],"collection":[{"href":"https:\/\/www.fbk.eu\/it\/wp-json\/wp\/v2\/pages"}],"about":[{"href":"https:\/\/www.fbk.eu\/it\/wp-json\/wp\/v2\/types\/page"}],"author":[{"embeddable":true,"href":"https:\/\/www.fbk.eu\/it\/wp-json\/wp\/v2\/users\/3"}],"replies":[{"embeddable":true,"href":"https:\/\/www.fbk.eu\/it\/wp-json\/wp\/v2\/comments?post=17275"}],"version-history":[{"count":0,"href":"https:\/\/www.fbk.eu\/it\/wp-json\/wp\/v2\/pages\/17275\/revisions"}],"wp:attachment":[{"href":"https:\/\/www.fbk.eu\/it\/wp-json\/wp\/v2\/media?parent=17275"}],"curies":[{"name":"wp","href":"https:\/\/api.w.org\/{rel}","templated":true}]}}